{"id":1083,"date":"2020-03-16T13:12:44","date_gmt":"2020-03-16T12:12:44","guid":{"rendered":"https:\/\/www.taessje.com\/?post_type=product&#038;p=1083"},"modified":"2022-10-05T10:08:10","modified_gmt":"2022-10-05T09:08:10","slug":"schale-lachend-weiss-1000-ml","status":"publish","type":"product","link":"https:\/\/www.taessje.com\/index.php\/produkt\/schale-lachend-weiss-1000-ml\/","title":{"rendered":"Schale Lachend wei\u00df 1000 ml"},"content":{"rendered":"<div class=\"BasicText Widget  content\">\n<p>Unsere 1000 ml Schale &#8222;Lachend&#8220; in wei\u00df.<\/p>\n<p>Unsere neue <b>XL-Schale<\/b> bietet enormes Fassungsverm\u00f6gen als perfekte Servierm\u00f6glichkeit, wenn der Salat statt als Beilage als Hauptgericht auf den Tisch kommt oder Hei\u00dfhunger auf Pasta oder Nudelsuppe aufkommt. Mit ihrer extra gro\u00dfen Kapazit\u00e4t von 1000 ml \u2013 Ja, ein ganzer Liter! \u2013ist die <b>XL-Schale<\/b>\u00a0ebenfalls aus Porzellan in Hotelqualit\u00e4t produziert.<\/p>\n<p>Das Design der <b>XL-Schale<\/b> bietet wahlweise vier beliebte Gesichtsausdr\u00fccke aus der TASSEN-Kollektion, n\u00e4mlich \u201eLachend\u201c, \u201eGl\u00fccklich\u201c, \u201eGrinsend\u201c und \u201eLecker\u201c.<\/p>\n<p>Fassungsverm\u00f6gen: ca. 1000 ml<\/p>\n<p>H\u00f6he: 12,7\u00a0cm<\/p>\n<p>L\u00e4nge x Breite: 19,1\u00a0x 20,1 cm<\/p>\n<p>Gewicht: 1050 g<\/p>\n<p>Sp\u00fclmaschinenfest und mikrowellengeeignet<\/p>\n<p>Hartporzellan in bruchsicherer Hotelqualit\u00e4t<\/p>\n<p>Geschliffener Fu\u00df, glasierter Mundrand<\/p>\n<p>100% Made in Germany<\/p>\n<p>Wird in einer sch\u00f6nen Geschenkbox geliefert.<\/p>\n<\/div>\n","protected":false},"excerpt":{"rendered":"<p>Unsere 1000 ml Schale &#8222;Lachend&#8220; in wei\u00df. Unsere neue XL-Schale bietet enormes Fassungsverm\u00f6gen als perfekte Servierm\u00f6glichkeit, wenn der Salat statt als Beilage als Hauptgericht auf den Tisch kommt oder Hei\u00dfhunger auf Pasta oder Nudelsuppe aufkommt. Mit ihrer extra gro\u00dfen Kapazit\u00e4t von 1000 ml \u2013 Ja, ein ganzer Liter! \u2013ist die XL-Schale\u00a0ebenfalls aus Porzellan in Hotelqualit\u00e4t &hellip; <\/p>\n<p class=\"link-more\"><a href=\"https:\/\/www.taessje.com\/index.php\/produkt\/schale-lachend-weiss-1000-ml\/\" class=\"more-link\"><span class=\"screen-reader-text\">\u201eSchale Lachend wei\u00df 1000 ml\u201c<\/span> weiterlesen<\/a><\/p>\n","protected":false},"featured_media":1087,"comment_status":"closed","ping_status":"closed","template":"","meta":{"jetpack_post_was_ever_published":false,"jetpack_publicize_message":"","jetpack_publicize_feature_enabled":true,"jetpack_social_post_already_shared":true,"jetpack_social_options":{"image_generator_settings":{"template":"highway","default_image_id":0,"enabled":false},"version":2}},"product_brand":[],"product_cat":[74],"product_tag":[],"class_list":{"0":"post-1083","1":"product","2":"type-product","3":"status-publish","4":"has-post-thumbnail","6":"product_cat-gesichter-porzellan","8":"first","9":"instock","10":"taxable","11":"shipping-taxable","12":"purchasable","13":"product-type-simple"},"jetpack_publicize_connections":[],"jetpack_sharing_enabled":true,"jetpack-related-posts":[],"_links":{"self":[{"href":"https:\/\/www.taessje.com\/index.php\/wp-json\/wp\/v2\/product\/1083","targetHints":{"allow":["GET"]}}],"collection":[{"href":"https:\/\/www.taessje.com\/index.php\/wp-json\/wp\/v2\/product"}],"about":[{"href":"https:\/\/www.taessje.com\/index.php\/wp-json\/wp\/v2\/types\/product"}],"replies":[{"embeddable":true,"href":"https:\/\/www.taessje.com\/index.php\/wp-json\/wp\/v2\/comments?post=1083"}],"wp:featuredmedia":[{"embeddable":true,"href":"https:\/\/www.taessje.com\/index.php\/wp-json\/wp\/v2\/media\/1087"}],"wp:attachment":[{"href":"https:\/\/www.taessje.com\/index.php\/wp-json\/wp\/v2\/media?parent=1083"}],"wp:term":[{"taxonomy":"product_brand","embeddable":true,"href":"https:\/\/www.taessje.com\/index.php\/wp-json\/wp\/v2\/product_brand?post=1083"},{"taxonomy":"product_cat","embeddable":true,"href":"https:\/\/www.taessje.com\/index.php\/wp-json\/wp\/v2\/product_cat?post=1083"},{"taxonomy":"product_tag","embeddable":true,"href":"https:\/\/www.taessje.com\/index.php\/wp-json\/wp\/v2\/product_tag?post=1083"}],"curies":[{"name":"wp","href":"https:\/\/api.w.org\/{rel}","templated":true}]}}