{"id":1093,"date":"2020-03-16T13:35:32","date_gmt":"2020-03-16T12:35:32","guid":{"rendered":"https:\/\/www.taessje.com\/?post_type=product&#038;p=1093"},"modified":"2022-10-05T10:07:50","modified_gmt":"2022-10-05T09:07:50","slug":"kleiner-tiefer-teller-mit-biss-2er-set-18-cm","status":"publish","type":"product","link":"https:\/\/www.taessje.com\/index.php\/produkt\/kleiner-tiefer-teller-mit-biss-2er-set-18-cm\/","title":{"rendered":"Kleiner tiefer Teller mit Biss &#8211; 2er Set (18 cm)"},"content":{"rendered":"<div class=\"BasicText Widget content\">\n<div class=\"BasicText Widget subtitle\">\n<p>Unser kleiner tiefer Teller mit Biss im 2er Set in wei\u00df.<\/p>\n<div><\/div>\n<\/div>\n<div class=\"BasicText Widget content\">\n<p>Klein aber fein erg\u00e4nzt unser neuer <b>kleiner tiefer Teller mit Biss<\/b> das Programm. Als Erg\u00e4nzung zum bestehenden Teller-Sortiment serviert der tiefe Porzellanteller mit 18cm Durchmesser auf stilvolle Art Beilagen, Salate und Nachtisch und liefert mit seinem in Porzellan verewigten Zahnabdruck garantiert Gespr\u00e4chsstoff.<\/p>\n<p>2er Set<br \/>\nDurchmesser: 18 cm<\/p>\n<p>H\u00f6he: 4,6 cm<\/p>\n<p>Gewicht: je ca. 340 g<\/p>\n<p>Sp\u00fclmaschinenfest und mikrowellengeeignet<br \/>\nHartporzellan in bruchsicherer Hotelqualit\u00e4t<br \/>\nGeschliffener Fu\u00df<br \/>\n100% Made in Germany<\/p>\n<\/div>\n<\/div>\n","protected":false},"excerpt":{"rendered":"<p>Unser kleiner tiefer Teller mit Biss im 2er Set in wei\u00df. Klein aber fein erg\u00e4nzt unser neuer kleiner tiefer Teller mit Biss das Programm. Als Erg\u00e4nzung zum bestehenden Teller-Sortiment serviert der tiefe Porzellanteller mit 18cm Durchmesser auf stilvolle Art Beilagen, Salate und Nachtisch und liefert mit seinem in Porzellan verewigten Zahnabdruck garantiert Gespr\u00e4chsstoff. 2er Set &hellip; <\/p>\n<p class=\"link-more\"><a href=\"https:\/\/www.taessje.com\/index.php\/produkt\/kleiner-tiefer-teller-mit-biss-2er-set-18-cm\/\" class=\"more-link\"><span class=\"screen-reader-text\">\u201eKleiner tiefer Teller mit Biss &#8211; 2er Set (18 cm)\u201c<\/span> weiterlesen<\/a><\/p>\n","protected":false},"featured_media":1094,"comment_status":"closed","ping_status":"closed","template":"","meta":{"jetpack_post_was_ever_published":false,"jetpack_publicize_message":"","jetpack_publicize_feature_enabled":true,"jetpack_social_post_already_shared":true,"jetpack_social_options":{"image_generator_settings":{"template":"highway","default_image_id":0,"enabled":false},"version":2}},"product_brand":[],"product_cat":[74],"product_tag":[],"class_list":{"0":"post-1093","1":"product","2":"type-product","3":"status-publish","4":"has-post-thumbnail","6":"product_cat-gesichter-porzellan","8":"first","9":"instock","10":"taxable","11":"shipping-taxable","12":"purchasable","13":"product-type-simple"},"jetpack_publicize_connections":[],"jetpack_sharing_enabled":true,"jetpack-related-posts":[],"_links":{"self":[{"href":"https:\/\/www.taessje.com\/index.php\/wp-json\/wp\/v2\/product\/1093","targetHints":{"allow":["GET"]}}],"collection":[{"href":"https:\/\/www.taessje.com\/index.php\/wp-json\/wp\/v2\/product"}],"about":[{"href":"https:\/\/www.taessje.com\/index.php\/wp-json\/wp\/v2\/types\/product"}],"replies":[{"embeddable":true,"href":"https:\/\/www.taessje.com\/index.php\/wp-json\/wp\/v2\/comments?post=1093"}],"wp:featuredmedia":[{"embeddable":true,"href":"https:\/\/www.taessje.com\/index.php\/wp-json\/wp\/v2\/media\/1094"}],"wp:attachment":[{"href":"https:\/\/www.taessje.com\/index.php\/wp-json\/wp\/v2\/media?parent=1093"}],"wp:term":[{"taxonomy":"product_brand","embeddable":true,"href":"https:\/\/www.taessje.com\/index.php\/wp-json\/wp\/v2\/product_brand?post=1093"},{"taxonomy":"product_cat","embeddable":true,"href":"https:\/\/www.taessje.com\/index.php\/wp-json\/wp\/v2\/product_cat?post=1093"},{"taxonomy":"product_tag","embeddable":true,"href":"https:\/\/www.taessje.com\/index.php\/wp-json\/wp\/v2\/product_tag?post=1093"}],"curies":[{"name":"wp","href":"https:\/\/api.w.org\/{rel}","templated":true}]}}