{"id":1111,"date":"2020-03-16T14:15:04","date_gmt":"2020-03-16T13:15:04","guid":{"rendered":"https:\/\/www.taessje.com\/?post_type=product&#038;p=1111"},"modified":"2022-10-05T10:07:11","modified_gmt":"2022-10-05T09:07:11","slug":"magnet-gluecklich","status":"publish","type":"product","link":"https:\/\/www.taessje.com\/index.php\/produkt\/magnet-gluecklich\/","title":{"rendered":"Magnet Gl\u00fccklich"},"content":{"rendered":"<p>Als brandneue Produktkategorie haften unsere gestanzten TASSEN-Magnete auf magnetischen Oberfl\u00e4chen wie K\u00fchlschrankt\u00fcren und Wandtafeln.<\/p>\n<p>Unsere Magnete sind kompakte 5 x 7 cm gro\u00df.<\/p>\n","protected":false},"excerpt":{"rendered":"<p>Als brandneue Produktkategorie haften unsere gestanzten TASSEN-Magnete auf magnetischen Oberfl\u00e4chen wie K\u00fchlschrankt\u00fcren und Wandtafeln. Unsere Magnete sind kompakte 5 x 7 cm gro\u00df.<\/p>\n","protected":false},"featured_media":1113,"comment_status":"closed","ping_status":"closed","template":"","meta":{"jetpack_post_was_ever_published":false,"jetpack_publicize_message":"","jetpack_publicize_feature_enabled":true,"jetpack_social_post_already_shared":true,"jetpack_social_options":{"image_generator_settings":{"template":"highway","default_image_id":0,"enabled":false},"version":2}},"product_brand":[],"product_cat":[74,75],"product_tag":[],"class_list":{"0":"post-1111","1":"product","2":"type-product","3":"status-publish","4":"has-post-thumbnail","6":"product_cat-gesichter-porzellan","7":"product_cat-magnete","9":"first","10":"instock","11":"taxable","12":"shipping-taxable","13":"purchasable","14":"product-type-simple"},"jetpack_publicize_connections":[],"jetpack_sharing_enabled":true,"jetpack-related-posts":[],"_links":{"self":[{"href":"https:\/\/www.taessje.com\/index.php\/wp-json\/wp\/v2\/product\/1111","targetHints":{"allow":["GET"]}}],"collection":[{"href":"https:\/\/www.taessje.com\/index.php\/wp-json\/wp\/v2\/product"}],"about":[{"href":"https:\/\/www.taessje.com\/index.php\/wp-json\/wp\/v2\/types\/product"}],"replies":[{"embeddable":true,"href":"https:\/\/www.taessje.com\/index.php\/wp-json\/wp\/v2\/comments?post=1111"}],"wp:featuredmedia":[{"embeddable":true,"href":"https:\/\/www.taessje.com\/index.php\/wp-json\/wp\/v2\/media\/1113"}],"wp:attachment":[{"href":"https:\/\/www.taessje.com\/index.php\/wp-json\/wp\/v2\/media?parent=1111"}],"wp:term":[{"taxonomy":"product_brand","embeddable":true,"href":"https:\/\/www.taessje.com\/index.php\/wp-json\/wp\/v2\/product_brand?post=1111"},{"taxonomy":"product_cat","embeddable":true,"href":"https:\/\/www.taessje.com\/index.php\/wp-json\/wp\/v2\/product_cat?post=1111"},{"taxonomy":"product_tag","embeddable":true,"href":"https:\/\/www.taessje.com\/index.php\/wp-json\/wp\/v2\/product_tag?post=1111"}],"curies":[{"name":"wp","href":"https:\/\/api.w.org\/{rel}","templated":true}]}}