{"id":1142,"date":"2020-03-16T14:49:40","date_gmt":"2020-03-16T13:49:40","guid":{"rendered":"https:\/\/www.taessje.com\/?post_type=product&#038;p=1142"},"modified":"2022-10-05T10:04:43","modified_gmt":"2022-10-05T09:04:43","slug":"kaennchen-drollig-weiss","status":"publish","type":"product","link":"https:\/\/www.taessje.com\/index.php\/produkt\/kaennchen-drollig-weiss\/","title":{"rendered":"K\u00e4nnchen Drollig wei\u00df"},"content":{"rendered":"<div class=\"BasicText Widget  subtitle\">Unser 350 ml\u00a0 K\u00e4nnchen &#8222;Drollig&#8220; in wei\u00df.<\/p>\n<div><\/div>\n<\/div>\n<div class=\"BasicText Widget  content\">\n<p>Mit gro\u00dfen Kulleraugen und einem verf\u00fchrerischen L\u00e4cheln serviert das drollige\u00a0K\u00e4nnchen in wei\u00df, Milch zum Kaffee oder So\u00dfen zu Dessert und Braten.<\/p>\n<p>Fassungsverm\u00f6gen: 350 ml<\/p>\n<p>H\u00f6he: ca. 12,5 cm<\/p>\n<p>Sp\u00fclmaschinenfest und mikrowellengeeignet<\/p>\n<p>Hartporzellan in bruchsicherer Hotelqualit\u00e4t<\/p>\n<p>Geschliffener Fu\u00df<\/p>\n<p>100% Made in Germany<\/p>\n<p>Wird in einer sch\u00f6nen Geschenkbox geliefert.<\/p>\n<\/div>\n","protected":false},"excerpt":{"rendered":"<p>Unser 350 ml\u00a0 K\u00e4nnchen &#8222;Drollig&#8220; in wei\u00df. Mit gro\u00dfen Kulleraugen und einem verf\u00fchrerischen L\u00e4cheln serviert das drollige\u00a0K\u00e4nnchen in wei\u00df, Milch zum Kaffee oder So\u00dfen zu Dessert und Braten. Fassungsverm\u00f6gen: 350 ml H\u00f6he: ca. 12,5 cm Sp\u00fclmaschinenfest und mikrowellengeeignet Hartporzellan in bruchsicherer Hotelqualit\u00e4t Geschliffener Fu\u00df 100% Made in Germany Wird in einer sch\u00f6nen Geschenkbox geliefert.<\/p>\n","protected":false},"featured_media":1143,"comment_status":"closed","ping_status":"closed","template":"","meta":{"jetpack_post_was_ever_published":false,"jetpack_publicize_message":"","jetpack_publicize_feature_enabled":true,"jetpack_social_post_already_shared":true,"jetpack_social_options":{"image_generator_settings":{"template":"highway","default_image_id":0,"enabled":false},"version":2}},"product_brand":[],"product_cat":[74],"product_tag":[],"class_list":{"0":"post-1142","1":"product","2":"type-product","3":"status-publish","4":"has-post-thumbnail","6":"product_cat-gesichter-porzellan","8":"first","9":"instock","10":"taxable","11":"shipping-taxable","12":"purchasable","13":"product-type-simple"},"jetpack_publicize_connections":[],"jetpack_sharing_enabled":true,"jetpack-related-posts":[],"_links":{"self":[{"href":"https:\/\/www.taessje.com\/index.php\/wp-json\/wp\/v2\/product\/1142","targetHints":{"allow":["GET"]}}],"collection":[{"href":"https:\/\/www.taessje.com\/index.php\/wp-json\/wp\/v2\/product"}],"about":[{"href":"https:\/\/www.taessje.com\/index.php\/wp-json\/wp\/v2\/types\/product"}],"replies":[{"embeddable":true,"href":"https:\/\/www.taessje.com\/index.php\/wp-json\/wp\/v2\/comments?post=1142"}],"wp:featuredmedia":[{"embeddable":true,"href":"https:\/\/www.taessje.com\/index.php\/wp-json\/wp\/v2\/media\/1143"}],"wp:attachment":[{"href":"https:\/\/www.taessje.com\/index.php\/wp-json\/wp\/v2\/media?parent=1142"}],"wp:term":[{"taxonomy":"product_brand","embeddable":true,"href":"https:\/\/www.taessje.com\/index.php\/wp-json\/wp\/v2\/product_brand?post=1142"},{"taxonomy":"product_cat","embeddable":true,"href":"https:\/\/www.taessje.com\/index.php\/wp-json\/wp\/v2\/product_cat?post=1142"},{"taxonomy":"product_tag","embeddable":true,"href":"https:\/\/www.taessje.com\/index.php\/wp-json\/wp\/v2\/product_tag?post=1142"}],"curies":[{"name":"wp","href":"https:\/\/api.w.org\/{rel}","templated":true}]}}