{"id":115,"date":"2019-12-01T11:50:16","date_gmt":"2019-12-01T10:50:16","guid":{"rendered":"https:\/\/www.taessje.com\/?post_type=product&#038;p=115"},"modified":"2023-06-16T03:34:04","modified_gmt":"2023-06-16T02:34:04","slug":"sumatra-bio","status":"publish","type":"product","link":"https:\/\/www.taessje.com\/index.php\/produkt\/sumatra-bio\/","title":{"rendered":"Sumatra BIO"},"content":{"rendered":"<div class=\"std\">\n<p>Attribute: \u00a0 \u00a0 \u00a0 \u00a0 \u00a0100% Single Origin Arabica, handgepfl\u00fcckt, Bio-Zertifiziert<\/p>\n<p>Anbauh\u00f6he: \u00a0 \u00a0 1200 &#8211; 1600m<\/p>\n<p>Aufbereitung: \u00a0 pulped-natural, sonnengetrocknet<\/p>\n<p>Aroma: \u00a0 \u00a0 \u00a0 \u00a0 \u00a0 \u00a0 stark w\u00fcrzige R\u00f6stnote, Sirupartig<\/p>\n<p>K\u00f6rper: \u00a0 \u00a0 \u00a0 \u00a0 \u00a0 \u00a0 vollmundig, kr\u00e4ftig<\/p>\n<p>S\u00e4ure: \u00a0 \u00a0 \u00a0 \u00a0 \u00a0 \u00a0 \u00a0ausgewogen, fein, weich, wenig S\u00e4ure<\/p>\n<p>\u00d6ko-Kontrollstelle: DE-\u00d6KO-005<\/p>\n<\/div>\n","protected":false},"excerpt":{"rendered":"<p>Attribute: \u00a0 \u00a0 \u00a0 \u00a0 \u00a0100% Single Origin Arabica, handgepfl\u00fcckt, Bio-Zertifiziert Anbauh\u00f6he: \u00a0 \u00a0 1200 &#8211; 1600m Aufbereitung: \u00a0 pulped-natural, sonnengetrocknet Aroma: \u00a0 \u00a0 \u00a0 \u00a0 \u00a0 \u00a0 stark w\u00fcrzige R\u00f6stnote, Sirupartig K\u00f6rper: \u00a0 \u00a0 \u00a0 \u00a0 \u00a0 \u00a0 vollmundig, kr\u00e4ftig S\u00e4ure: \u00a0 \u00a0 \u00a0 \u00a0 \u00a0 \u00a0 \u00a0ausgewogen, fein, weich, wenig S\u00e4ure \u00d6ko-Kontrollstelle: DE-\u00d6KO-005<\/p>\n","protected":false},"featured_media":2997,"comment_status":"closed","ping_status":"closed","template":"","meta":{"jetpack_post_was_ever_published":false,"jetpack_publicize_message":"","jetpack_publicize_feature_enabled":true,"jetpack_social_post_already_shared":true,"jetpack_social_options":{"image_generator_settings":{"template":"highway","default_image_id":0,"enabled":false},"version":2}},"product_brand":[],"product_cat":[49,39],"product_tag":[],"class_list":{"0":"post-115","1":"product","2":"type-product","3":"status-publish","4":"has-post-thumbnail","6":"product_cat-bio","7":"product_cat-kaffee","9":"first","10":"instock","11":"taxable","12":"shipping-taxable","13":"purchasable","14":"product-type-variable"},"jetpack_publicize_connections":[],"jetpack_sharing_enabled":true,"jetpack-related-posts":[],"_links":{"self":[{"href":"https:\/\/www.taessje.com\/index.php\/wp-json\/wp\/v2\/product\/115","targetHints":{"allow":["GET"]}}],"collection":[{"href":"https:\/\/www.taessje.com\/index.php\/wp-json\/wp\/v2\/product"}],"about":[{"href":"https:\/\/www.taessje.com\/index.php\/wp-json\/wp\/v2\/types\/product"}],"replies":[{"embeddable":true,"href":"https:\/\/www.taessje.com\/index.php\/wp-json\/wp\/v2\/comments?post=115"}],"wp:featuredmedia":[{"embeddable":true,"href":"https:\/\/www.taessje.com\/index.php\/wp-json\/wp\/v2\/media\/2997"}],"wp:attachment":[{"href":"https:\/\/www.taessje.com\/index.php\/wp-json\/wp\/v2\/media?parent=115"}],"wp:term":[{"taxonomy":"product_brand","embeddable":true,"href":"https:\/\/www.taessje.com\/index.php\/wp-json\/wp\/v2\/product_brand?post=115"},{"taxonomy":"product_cat","embeddable":true,"href":"https:\/\/www.taessje.com\/index.php\/wp-json\/wp\/v2\/product_cat?post=115"},{"taxonomy":"product_tag","embeddable":true,"href":"https:\/\/www.taessje.com\/index.php\/wp-json\/wp\/v2\/product_tag?post=115"}],"curies":[{"name":"wp","href":"https:\/\/api.w.org\/{rel}","templated":true}]}}