{"id":1274,"date":"2020-03-25T22:41:24","date_gmt":"2020-03-25T21:41:24","guid":{"rendered":"https:\/\/www.taessje.com\/?post_type=product&#038;p=1274"},"modified":"2022-10-05T10:02:23","modified_gmt":"2022-10-05T09:02:23","slug":"schale-lecker-innen-pinie-500-ml","status":"publish","type":"product","link":"https:\/\/www.taessje.com\/index.php\/produkt\/schale-lecker-innen-pinie-500-ml\/","title":{"rendered":"Schale Lecker innen Pinie 500 ml"},"content":{"rendered":"<div class=\"BasicText Widget  content\">\n<p>Unsere 500 ml Schale &#8222;Lecker&#8220; innen Pinie bringt Farbe auf Ihren Tisch!<\/p>\n<p>Ideal geeignet f\u00fcr gesundes M\u00fcsli, w\u00e4rmende Suppen, knackige Salate, herzhafte Pasta, bunte S\u00fc\u00dfigkeiten<\/p>\n<p>und vieles mehr.<\/p>\n<p>Fassungsverm\u00f6gen: ca. 500 ml<\/p>\n<p>H\u00f6he: 10,9 cm<br \/>\nDurchmesser: 15,5 cm<\/p>\n<p>Sp\u00fclmaschinenfest und mikrowellengeeignet<\/p>\n<p>Hartporzellan in bruchsicherer Hotelqualit\u00e4t<\/p>\n<p>Geschliffener Fu\u00df, glasierter Mundrand<\/p>\n<p>100% Made in Germany<\/p>\n<p>Wird in einer sch\u00f6nen Geschenkbox geliefert.<\/p>\n<\/div>\n","protected":false},"excerpt":{"rendered":"<p>Unsere 500 ml Schale &#8222;Lecker&#8220; innen Pinie bringt Farbe auf Ihren Tisch! Ideal geeignet f\u00fcr gesundes M\u00fcsli, w\u00e4rmende Suppen, knackige Salate, herzhafte Pasta, bunte S\u00fc\u00dfigkeiten und vieles mehr. Fassungsverm\u00f6gen: ca. 500 ml H\u00f6he: 10,9 cm Durchmesser: 15,5 cm Sp\u00fclmaschinenfest und mikrowellengeeignet Hartporzellan in bruchsicherer Hotelqualit\u00e4t Geschliffener Fu\u00df, glasierter Mundrand 100% Made in Germany Wird in &hellip; <\/p>\n<p class=\"link-more\"><a href=\"https:\/\/www.taessje.com\/index.php\/produkt\/schale-lecker-innen-pinie-500-ml\/\" class=\"more-link\"><span class=\"screen-reader-text\">\u201eSchale Lecker innen Pinie 500 ml\u201c<\/span> weiterlesen<\/a><\/p>\n","protected":false},"featured_media":1275,"comment_status":"closed","ping_status":"closed","template":"","meta":{"jetpack_post_was_ever_published":false,"jetpack_publicize_message":"","jetpack_publicize_feature_enabled":true,"jetpack_social_post_already_shared":true,"jetpack_social_options":{"image_generator_settings":{"template":"highway","default_image_id":0,"enabled":false},"version":2}},"product_brand":[],"product_cat":[74],"product_tag":[],"class_list":{"0":"post-1274","1":"product","2":"type-product","3":"status-publish","4":"has-post-thumbnail","6":"product_cat-gesichter-porzellan","8":"first","9":"instock","10":"taxable","11":"shipping-taxable","12":"purchasable","13":"product-type-simple"},"jetpack_publicize_connections":[],"jetpack_sharing_enabled":true,"jetpack-related-posts":[],"_links":{"self":[{"href":"https:\/\/www.taessje.com\/index.php\/wp-json\/wp\/v2\/product\/1274","targetHints":{"allow":["GET"]}}],"collection":[{"href":"https:\/\/www.taessje.com\/index.php\/wp-json\/wp\/v2\/product"}],"about":[{"href":"https:\/\/www.taessje.com\/index.php\/wp-json\/wp\/v2\/types\/product"}],"replies":[{"embeddable":true,"href":"https:\/\/www.taessje.com\/index.php\/wp-json\/wp\/v2\/comments?post=1274"}],"wp:featuredmedia":[{"embeddable":true,"href":"https:\/\/www.taessje.com\/index.php\/wp-json\/wp\/v2\/media\/1275"}],"wp:attachment":[{"href":"https:\/\/www.taessje.com\/index.php\/wp-json\/wp\/v2\/media?parent=1274"}],"wp:term":[{"taxonomy":"product_brand","embeddable":true,"href":"https:\/\/www.taessje.com\/index.php\/wp-json\/wp\/v2\/product_brand?post=1274"},{"taxonomy":"product_cat","embeddable":true,"href":"https:\/\/www.taessje.com\/index.php\/wp-json\/wp\/v2\/product_cat?post=1274"},{"taxonomy":"product_tag","embeddable":true,"href":"https:\/\/www.taessje.com\/index.php\/wp-json\/wp\/v2\/product_tag?post=1274"}],"curies":[{"name":"wp","href":"https:\/\/api.w.org\/{rel}","templated":true}]}}