{"id":1279,"date":"2020-03-25T22:45:09","date_gmt":"2020-03-25T21:45:09","guid":{"rendered":"https:\/\/www.taessje.com\/?post_type=product&#038;p=1279"},"modified":"2022-10-05T10:02:12","modified_gmt":"2022-10-05T09:02:12","slug":"schale-lecker-weiss-350-ml","status":"publish","type":"product","link":"https:\/\/www.taessje.com\/index.php\/produkt\/schale-lecker-weiss-350-ml\/","title":{"rendered":"Schale Lecker wei\u00df 350 ml"},"content":{"rendered":"<div class=\"BasicText Widget content\">\n<div class=\"BasicText Widget content\">\n<p>Schale 350 ml \u00a0&#8222;Lecker&#8220; in wei\u00df<\/p>\n<p>Als weitere Neuheit erweitert die <b>Extra-Schale<\/b> mit einer Kapazit\u00e4t von 350 ml das Programm. Sie hei\u00dft <b>\u201eExtra\u201c<\/b>, weil sie die L\u00fccke zwischen unseren kleinen 200 ml Sch\u00e4lchen\u00a0und unseren regul\u00e4ren 500 ml Schalen\u00a0als perfekte Zwischengr\u00f6\u00dfe \u00fcberbr\u00fcckt.<\/p>\n<p>Einfach ein bisschen was Extra.<\/p>\n<p>Mit einer niedrigeren und breiteren Form als unsere anderen Modelle wird die <b>Extra-Schale<\/b> bestimmt bald zur neuen Lieblingsschale. Sie eignet sich perfekt zum Servieren von Eiscreme bis hin zu Tapas und herzhaften Dips.<\/p>\n<p>Die <b>Extra-Schale<\/b> ist jetzt in vier unserer beliebtesten Gesichtsausdr\u00fccke erh\u00e4ltlich: \u201eGrinsend\u201c, \u201eGl\u00fccklich\u201c, \u201eLecker\u201c und \u201eLachend\u201c.<\/p>\n<p>Fassungsverm\u00f6gen: ca. 350 ml<\/p>\n<p>H\u00f6he: 7,5 cm<\/p>\n<p>Gewicht: 390 g<\/p>\n<p>Durchmesser: 13,8\u00a0cm<\/p>\n<p>Sp\u00fclmaschinenfest und mikrowellengeeignet<\/p>\n<p>Hartporzellan in bruchsicherer Hotelqualit\u00e4t<\/p>\n<p>Geschliffener Fu\u00df, glasierter Mundrand<\/p>\n<p>100% Made in Germany<\/p>\n<p>Wird in einer sch\u00f6nen Geschenkbox geliefert.<\/p>\n<\/div>\n<\/div>\n","protected":false},"excerpt":{"rendered":"<p>Schale 350 ml \u00a0&#8222;Lecker&#8220; in wei\u00df Als weitere Neuheit erweitert die Extra-Schale mit einer Kapazit\u00e4t von 350 ml das Programm. Sie hei\u00dft \u201eExtra\u201c, weil sie die L\u00fccke zwischen unseren kleinen 200 ml Sch\u00e4lchen\u00a0und unseren regul\u00e4ren 500 ml Schalen\u00a0als perfekte Zwischengr\u00f6\u00dfe \u00fcberbr\u00fcckt. Einfach ein bisschen was Extra. Mit einer niedrigeren und breiteren Form als unsere anderen &hellip; <\/p>\n<p class=\"link-more\"><a href=\"https:\/\/www.taessje.com\/index.php\/produkt\/schale-lecker-weiss-350-ml\/\" class=\"more-link\"><span class=\"screen-reader-text\">\u201eSchale Lecker wei\u00df 350 ml\u201c<\/span> weiterlesen<\/a><\/p>\n","protected":false},"featured_media":1425,"comment_status":"closed","ping_status":"closed","template":"","meta":{"jetpack_post_was_ever_published":false,"jetpack_publicize_message":"","jetpack_publicize_feature_enabled":true,"jetpack_social_post_already_shared":true,"jetpack_social_options":{"image_generator_settings":{"template":"highway","default_image_id":0,"enabled":false},"version":2}},"product_brand":[],"product_cat":[74],"product_tag":[],"class_list":{"0":"post-1279","1":"product","2":"type-product","3":"status-publish","4":"has-post-thumbnail","6":"product_cat-gesichter-porzellan","8":"first","9":"instock","10":"taxable","11":"shipping-taxable","12":"purchasable","13":"product-type-simple"},"jetpack_publicize_connections":[],"jetpack_sharing_enabled":true,"jetpack-related-posts":[],"_links":{"self":[{"href":"https:\/\/www.taessje.com\/index.php\/wp-json\/wp\/v2\/product\/1279","targetHints":{"allow":["GET"]}}],"collection":[{"href":"https:\/\/www.taessje.com\/index.php\/wp-json\/wp\/v2\/product"}],"about":[{"href":"https:\/\/www.taessje.com\/index.php\/wp-json\/wp\/v2\/types\/product"}],"replies":[{"embeddable":true,"href":"https:\/\/www.taessje.com\/index.php\/wp-json\/wp\/v2\/comments?post=1279"}],"wp:featuredmedia":[{"embeddable":true,"href":"https:\/\/www.taessje.com\/index.php\/wp-json\/wp\/v2\/media\/1425"}],"wp:attachment":[{"href":"https:\/\/www.taessje.com\/index.php\/wp-json\/wp\/v2\/media?parent=1279"}],"wp:term":[{"taxonomy":"product_brand","embeddable":true,"href":"https:\/\/www.taessje.com\/index.php\/wp-json\/wp\/v2\/product_brand?post=1279"},{"taxonomy":"product_cat","embeddable":true,"href":"https:\/\/www.taessje.com\/index.php\/wp-json\/wp\/v2\/product_cat?post=1279"},{"taxonomy":"product_tag","embeddable":true,"href":"https:\/\/www.taessje.com\/index.php\/wp-json\/wp\/v2\/product_tag?post=1279"}],"curies":[{"name":"wp","href":"https:\/\/api.w.org\/{rel}","templated":true}]}}