{"id":1341,"date":"2020-03-26T00:29:12","date_gmt":"2020-03-25T23:29:12","guid":{"rendered":"https:\/\/www.taessje.com\/?post_type=product&#038;p=1341"},"modified":"2021-02-08T11:46:36","modified_gmt":"2021-02-08T10:46:36","slug":"t-e-lawrence-25g","status":"publish","type":"product","link":"https:\/\/www.taessje.com\/index.php\/produkt\/t-e-lawrence-25g\/","title":{"rendered":"Mokka\/T.E. Lawrence 25g"},"content":{"rendered":"<p>Der arabisch angehauchte Kakao mit Koffein ist eine Hommage an den Orient: verfeinert mit t\u00fcrkischem Kaffee, Datteln und einem Hauch Kardamom erweckt der T.E. Lawrence Mokka die m\u00fcden Lebensgeister und erinnert an den Duft der fern\u00f6stlichen Morgenluft.<\/p>\n<p>Wenn Kakao alleine nicht genug ist und Koffein n\u00f6tig, dann darf es ein T.E. Lawrence, oder f\u00fcr Freunde, ein Laui sein.<\/p>\n<p>&nbsp;<\/p>\n<div class=\"col-md-4 mb48 mt0\">\n<div class=\"col-md-4 mb48 mt0\">\n<h2>Zutaten<\/h2>\n<p>Kakao*, Rohrzucker*, Dattelpulver*<br \/>\n(enth\u00e4lt: Reismehl*),\u00a0Meersalz, Kardamompulver*, Kaffeeextrakt* (1,8%)<\/p>\n<p class=\"p1\">Koffeingehalt: 60 mg\/100g Pulver Kakao<\/p>\n<p class=\"p1\">Kakao, Rohrzucker, Kaffeeextrakt: nach Fairtrade-Standards gehandelt<\/p>\n<p class=\"p1\">*aus kontrolliert biologischem Anbau<\/p>\n<\/div>\n<\/div>\n<p>&nbsp;<\/p>\n","protected":false},"excerpt":{"rendered":"<p>Der arabisch angehauchte Kakao mit Koffein ist eine Hommage an den Orient: verfeinert mit t\u00fcrkischem Kaffee, Datteln und einem Hauch Kardamom erweckt der T.E. Lawrence Mokka die m\u00fcden Lebensgeister und erinnert an den Duft der fern\u00f6stlichen Morgenluft. Wenn Kakao alleine nicht genug ist und Koffein n\u00f6tig, dann darf es ein T.E. Lawrence, oder f\u00fcr Freunde, &hellip; <\/p>\n<p class=\"link-more\"><a href=\"https:\/\/www.taessje.com\/index.php\/produkt\/t-e-lawrence-25g\/\" class=\"more-link\"><span class=\"screen-reader-text\">\u201eMokka\/T.E. Lawrence 25g\u201c<\/span> weiterlesen<\/a><\/p>\n","protected":false},"featured_media":1342,"comment_status":"closed","ping_status":"closed","template":"","meta":{"jetpack_post_was_ever_published":false,"jetpack_publicize_message":"","jetpack_publicize_feature_enabled":true,"jetpack_social_post_already_shared":true,"jetpack_social_options":{"image_generator_settings":{"template":"highway","default_image_id":0,"enabled":false},"version":2}},"product_brand":[],"product_cat":[76,146,49],"product_tag":[],"class_list":{"0":"post-1341","1":"product","2":"type-product","3":"status-publish","4":"has-post-thumbnail","6":"product_cat-trinkschokolade","7":"product_cat-winterweihnachtliches","8":"product_cat-bio","10":"first","11":"instock","12":"taxable","13":"shipping-taxable","14":"purchasable","15":"product-type-simple"},"jetpack_publicize_connections":[],"jetpack_sharing_enabled":true,"jetpack-related-posts":[],"_links":{"self":[{"href":"https:\/\/www.taessje.com\/index.php\/wp-json\/wp\/v2\/product\/1341","targetHints":{"allow":["GET"]}}],"collection":[{"href":"https:\/\/www.taessje.com\/index.php\/wp-json\/wp\/v2\/product"}],"about":[{"href":"https:\/\/www.taessje.com\/index.php\/wp-json\/wp\/v2\/types\/product"}],"replies":[{"embeddable":true,"href":"https:\/\/www.taessje.com\/index.php\/wp-json\/wp\/v2\/comments?post=1341"}],"wp:featuredmedia":[{"embeddable":true,"href":"https:\/\/www.taessje.com\/index.php\/wp-json\/wp\/v2\/media\/1342"}],"wp:attachment":[{"href":"https:\/\/www.taessje.com\/index.php\/wp-json\/wp\/v2\/media?parent=1341"}],"wp:term":[{"taxonomy":"product_brand","embeddable":true,"href":"https:\/\/www.taessje.com\/index.php\/wp-json\/wp\/v2\/product_brand?post=1341"},{"taxonomy":"product_cat","embeddable":true,"href":"https:\/\/www.taessje.com\/index.php\/wp-json\/wp\/v2\/product_cat?post=1341"},{"taxonomy":"product_tag","embeddable":true,"href":"https:\/\/www.taessje.com\/index.php\/wp-json\/wp\/v2\/product_tag?post=1341"}],"curies":[{"name":"wp","href":"https:\/\/api.w.org\/{rel}","templated":true}]}}