{"id":1345,"date":"2020-03-26T00:33:06","date_gmt":"2020-03-25T23:33:06","guid":{"rendered":"https:\/\/www.taessje.com\/?post_type=product&#038;p=1345"},"modified":"2024-03-20T21:33:17","modified_gmt":"2024-03-20T20:33:17","slug":"amydala-25g","status":"publish","type":"product","link":"https:\/\/www.taessje.com\/index.php\/produkt\/amydala-25g\/","title":{"rendered":"Amydala 25g"},"content":{"rendered":"<p>Eine deutlich bemerkbare, doch leichte Bittermandelnote erinnert an beides, sowohl Amaretto als auch Marzipan. Beliebt im Norden Deutschlands bekommt er immer mehr Fans auch s\u00fcdlich der Donau.<\/p>\n<p>&nbsp;<\/p>\n<div class=\"col-md-4 mb48 mt0\">\n<div class=\"col-md-4 mb48 mt0\">\n<h2>Zutaten<\/h2>\n<p>Kakao* schwach ent\u00f6lt, Rohrohrzucker*, Meersalz, nat\u00fcrliches Aroma<\/p>\n<p>Kakao, Rohrzucker: nach Fairtrade-Standards gehandelt<\/p>\n<p>*aus kontrolliert biologischem Anbau<\/p>\n<\/div>\n<\/div>\n<p>&nbsp;<\/p>\n","protected":false},"excerpt":{"rendered":"<p>Eine deutlich bemerkbare, doch leichte Bittermandelnote erinnert an beides, sowohl Amaretto als auch Marzipan. Beliebt im Norden Deutschlands bekommt er immer mehr Fans auch s\u00fcdlich der Donau. &nbsp; Zutaten Kakao* schwach ent\u00f6lt, Rohrohrzucker*, Meersalz, nat\u00fcrliches Aroma Kakao, Rohrzucker: nach Fairtrade-Standards gehandelt *aus kontrolliert biologischem Anbau &nbsp;<\/p>\n","protected":false},"featured_media":1346,"comment_status":"closed","ping_status":"closed","template":"","meta":{"jetpack_post_was_ever_published":false,"jetpack_publicize_message":"","jetpack_publicize_feature_enabled":true,"jetpack_social_post_already_shared":true,"jetpack_social_options":{"image_generator_settings":{"template":"highway","default_image_id":0,"enabled":false},"version":2}},"product_brand":[],"product_cat":[76,146],"product_tag":[],"class_list":{"0":"post-1345","1":"product","2":"type-product","3":"status-publish","4":"has-post-thumbnail","6":"product_cat-trinkschokolade","7":"product_cat-winterweihnachtliches","9":"first","10":"instock","11":"taxable","12":"shipping-taxable","13":"purchasable","14":"product-type-simple"},"jetpack_publicize_connections":[],"jetpack_sharing_enabled":true,"jetpack-related-posts":[],"_links":{"self":[{"href":"https:\/\/www.taessje.com\/index.php\/wp-json\/wp\/v2\/product\/1345","targetHints":{"allow":["GET"]}}],"collection":[{"href":"https:\/\/www.taessje.com\/index.php\/wp-json\/wp\/v2\/product"}],"about":[{"href":"https:\/\/www.taessje.com\/index.php\/wp-json\/wp\/v2\/types\/product"}],"replies":[{"embeddable":true,"href":"https:\/\/www.taessje.com\/index.php\/wp-json\/wp\/v2\/comments?post=1345"}],"wp:featuredmedia":[{"embeddable":true,"href":"https:\/\/www.taessje.com\/index.php\/wp-json\/wp\/v2\/media\/1346"}],"wp:attachment":[{"href":"https:\/\/www.taessje.com\/index.php\/wp-json\/wp\/v2\/media?parent=1345"}],"wp:term":[{"taxonomy":"product_brand","embeddable":true,"href":"https:\/\/www.taessje.com\/index.php\/wp-json\/wp\/v2\/product_brand?post=1345"},{"taxonomy":"product_cat","embeddable":true,"href":"https:\/\/www.taessje.com\/index.php\/wp-json\/wp\/v2\/product_cat?post=1345"},{"taxonomy":"product_tag","embeddable":true,"href":"https:\/\/www.taessje.com\/index.php\/wp-json\/wp\/v2\/product_tag?post=1345"}],"curies":[{"name":"wp","href":"https:\/\/api.w.org\/{rel}","templated":true}]}}