{"id":1349,"date":"2020-03-26T00:36:38","date_gmt":"2020-03-25T23:36:38","guid":{"rendered":"https:\/\/www.taessje.com\/?post_type=product&#038;p=1349"},"modified":"2021-02-08T11:44:30","modified_gmt":"2021-02-08T10:44:30","slug":"chill-bill-25g","status":"publish","type":"product","link":"https:\/\/www.taessje.com\/index.php\/produkt\/chill-bill-25g\/","title":{"rendered":"Chillies\/Chill Bill 25g"},"content":{"rendered":"<p>Mutma\u00dflich aphrodisierend. Erst sch\u00fcchterne Jungfrau, dann feuriger Vamp. Die leichte Sch\u00e4rfe der Chillies ist der kr\u00f6nende Abschlu\u00df f\u00fcr den tiefschokoladigen Kakao.<\/p>\n<div class=\"col-md-4 mb48 mt0\">\n<div class=\"col-md-4 mb48 mt0\">\n<h2>Zutaten<\/h2>\n<p>Kakao*, Rohrohrzucker*, Meersalz, Chilli*<\/p>\n<p>Kakao, Rohrzucker: nach Fairtrade-Standards gehandelt. Gesamtanteil 99%. Kakao, Rohrzucker mit Mengenausgleich.<\/p>\n<p>*aus kontrolliert biologischem Anbau<\/p>\n<\/div>\n<\/div>\n<section class=\"s_image_text\">\n<div class=\"container\">\n<div class=\"row\">\n<div class=\"col-md-3 mt0 mb0\"><\/div>\n<\/div>\n<\/div>\n<\/section>\n","protected":false},"excerpt":{"rendered":"<p>Mutma\u00dflich aphrodisierend. Erst sch\u00fcchterne Jungfrau, dann feuriger Vamp. Die leichte Sch\u00e4rfe der Chillies ist der kr\u00f6nende Abschlu\u00df f\u00fcr den tiefschokoladigen Kakao. Zutaten Kakao*, Rohrohrzucker*, Meersalz, Chilli* Kakao, Rohrzucker: nach Fairtrade-Standards gehandelt. Gesamtanteil 99%. Kakao, Rohrzucker mit Mengenausgleich. *aus kontrolliert biologischem Anbau<\/p>\n","protected":false},"featured_media":1350,"comment_status":"closed","ping_status":"closed","template":"","meta":{"jetpack_post_was_ever_published":false,"jetpack_publicize_message":"","jetpack_publicize_feature_enabled":true,"jetpack_social_post_already_shared":true,"jetpack_social_options":{"image_generator_settings":{"template":"highway","default_image_id":0,"enabled":false},"version":2}},"product_brand":[],"product_cat":[76,146],"product_tag":[],"class_list":{"0":"post-1349","1":"product","2":"type-product","3":"status-publish","4":"has-post-thumbnail","6":"product_cat-trinkschokolade","7":"product_cat-winterweihnachtliches","9":"first","10":"instock","11":"taxable","12":"shipping-taxable","13":"purchasable","14":"product-type-simple"},"jetpack_publicize_connections":[],"jetpack_sharing_enabled":true,"jetpack-related-posts":[],"_links":{"self":[{"href":"https:\/\/www.taessje.com\/index.php\/wp-json\/wp\/v2\/product\/1349","targetHints":{"allow":["GET"]}}],"collection":[{"href":"https:\/\/www.taessje.com\/index.php\/wp-json\/wp\/v2\/product"}],"about":[{"href":"https:\/\/www.taessje.com\/index.php\/wp-json\/wp\/v2\/types\/product"}],"replies":[{"embeddable":true,"href":"https:\/\/www.taessje.com\/index.php\/wp-json\/wp\/v2\/comments?post=1349"}],"wp:featuredmedia":[{"embeddable":true,"href":"https:\/\/www.taessje.com\/index.php\/wp-json\/wp\/v2\/media\/1350"}],"wp:attachment":[{"href":"https:\/\/www.taessje.com\/index.php\/wp-json\/wp\/v2\/media?parent=1349"}],"wp:term":[{"taxonomy":"product_brand","embeddable":true,"href":"https:\/\/www.taessje.com\/index.php\/wp-json\/wp\/v2\/product_brand?post=1349"},{"taxonomy":"product_cat","embeddable":true,"href":"https:\/\/www.taessje.com\/index.php\/wp-json\/wp\/v2\/product_cat?post=1349"},{"taxonomy":"product_tag","embeddable":true,"href":"https:\/\/www.taessje.com\/index.php\/wp-json\/wp\/v2\/product_tag?post=1349"}],"curies":[{"name":"wp","href":"https:\/\/api.w.org\/{rel}","templated":true}]}}