{"id":1412,"date":"2020-03-26T12:17:39","date_gmt":"2020-03-26T11:17:39","guid":{"rendered":"https:\/\/www.taessje.com\/?post_type=product&#038;p=1412"},"modified":"2022-10-05T09:58:28","modified_gmt":"2022-10-05T08:58:28","slug":"schale-kuessend-rot-500-ml","status":"publish","type":"product","link":"https:\/\/www.taessje.com\/index.php\/produkt\/schale-kuessend-rot-500-ml\/","title":{"rendered":"Schale K\u00fcssend rot 500 ml"},"content":{"rendered":"<div class=\"BasicText Widget content\">\n<div class=\"BasicText Widget subtitle\">Unsere 500ml Schale &#8222;K\u00fcssend&#8220; in Rot.<\/div>\n<div class=\"BasicText Widget content\">\n<p>Ideal geeignet f\u00fcr leckeres M\u00fcsli, w\u00e4rmende Suppen, knackige Salate, herzhafte Pasta, bunte S\u00fc\u00dfigkeiten<\/p>\n<p>und vieles mehr.<\/p>\n<p>Fassungsverm\u00f6gen: 500ml<\/p>\n<p>H\u00f6he: 10,6cm<br \/>\nDurchmesser: 15,4cm<\/p>\n<p>Sp\u00fclmaschinenfest und mikrowellen-geeignet<\/p>\n<p>Hartporzellan in bruchsicherer Hotelqualit\u00e4t<\/p>\n<p>Geschliffener Fu\u00df, glasierter Mundrand<\/p>\n<p>100% Made in Germany<\/p>\n<p>Wird in einer sch\u00f6nen Geschenkbox geliefert.<\/p>\n<\/div>\n<\/div>\n","protected":false},"excerpt":{"rendered":"<p>Unsere 500ml Schale &#8222;K\u00fcssend&#8220; in Rot. Ideal geeignet f\u00fcr leckeres M\u00fcsli, w\u00e4rmende Suppen, knackige Salate, herzhafte Pasta, bunte S\u00fc\u00dfigkeiten und vieles mehr. Fassungsverm\u00f6gen: 500ml H\u00f6he: 10,6cm Durchmesser: 15,4cm Sp\u00fclmaschinenfest und mikrowellen-geeignet Hartporzellan in bruchsicherer Hotelqualit\u00e4t Geschliffener Fu\u00df, glasierter Mundrand 100% Made in Germany Wird in einer sch\u00f6nen Geschenkbox geliefert.<\/p>\n","protected":false},"featured_media":1413,"comment_status":"closed","ping_status":"closed","template":"","meta":{"jetpack_post_was_ever_published":false,"jetpack_publicize_message":"","jetpack_publicize_feature_enabled":true,"jetpack_social_post_already_shared":true,"jetpack_social_options":{"image_generator_settings":{"template":"highway","default_image_id":0,"enabled":false},"version":2}},"product_brand":[],"product_cat":[74],"product_tag":[],"class_list":{"0":"post-1412","1":"product","2":"type-product","3":"status-publish","4":"has-post-thumbnail","6":"product_cat-gesichter-porzellan","8":"first","9":"instock","10":"taxable","11":"shipping-taxable","12":"purchasable","13":"product-type-simple"},"jetpack_publicize_connections":[],"jetpack_sharing_enabled":true,"jetpack-related-posts":[],"_links":{"self":[{"href":"https:\/\/www.taessje.com\/index.php\/wp-json\/wp\/v2\/product\/1412","targetHints":{"allow":["GET"]}}],"collection":[{"href":"https:\/\/www.taessje.com\/index.php\/wp-json\/wp\/v2\/product"}],"about":[{"href":"https:\/\/www.taessje.com\/index.php\/wp-json\/wp\/v2\/types\/product"}],"replies":[{"embeddable":true,"href":"https:\/\/www.taessje.com\/index.php\/wp-json\/wp\/v2\/comments?post=1412"}],"wp:featuredmedia":[{"embeddable":true,"href":"https:\/\/www.taessje.com\/index.php\/wp-json\/wp\/v2\/media\/1413"}],"wp:attachment":[{"href":"https:\/\/www.taessje.com\/index.php\/wp-json\/wp\/v2\/media?parent=1412"}],"wp:term":[{"taxonomy":"product_brand","embeddable":true,"href":"https:\/\/www.taessje.com\/index.php\/wp-json\/wp\/v2\/product_brand?post=1412"},{"taxonomy":"product_cat","embeddable":true,"href":"https:\/\/www.taessje.com\/index.php\/wp-json\/wp\/v2\/product_cat?post=1412"},{"taxonomy":"product_tag","embeddable":true,"href":"https:\/\/www.taessje.com\/index.php\/wp-json\/wp\/v2\/product_tag?post=1412"}],"curies":[{"name":"wp","href":"https:\/\/api.w.org\/{rel}","templated":true}]}}