{"id":1445,"date":"2020-03-26T15:56:09","date_gmt":"2020-03-26T14:56:09","guid":{"rendered":"https:\/\/www.taessje.com\/?post_type=product&#038;p=1445"},"modified":"2022-10-05T09:56:30","modified_gmt":"2022-10-05T08:56:30","slug":"schale-verknallt-vertraeumt-weiss-500-ml","status":"publish","type":"product","link":"https:\/\/www.taessje.com\/index.php\/produkt\/schale-verknallt-vertraeumt-weiss-500-ml\/","title":{"rendered":"Schale Verknallt\/Vertr\u00e4umt wei\u00df 500 ml"},"content":{"rendered":"<div class=\"BasicText Widget content\">\n<div class=\"BasicText Widget  subtitle\">\n<div>Unsere 500 ml Schale &#8222;Verknallt&#8220;\/&#8220;Vertr\u00e4umt&#8220; in wei\u00df.<\/div>\n<\/div>\n<div class=\"BasicText Widget  content\">\n<p>Ideal geeignet f\u00fcr leckeres M\u00fcsli, w\u00e4rmende Suppen, knackige Salate, herzhafte Pasta, bunte S\u00fc\u00dfigkeiten und vieles mehr.<\/p>\n<p>Fassungsverm\u00f6gen: ca. 500 ml<\/p>\n<p>H\u00f6he: 10,6 cm<br \/>\nDurchmesser: 15,3 cm<\/p>\n<p>Sp\u00fclmaschinenfest und mikrowellengeeignet<\/p>\n<p>Hartporzellan in bruchsicherer Hotelqualit\u00e4t<\/p>\n<p>Geschliffener Fu\u00df, glasierter Mundrand<\/p>\n<p>100% Made in Germany<\/p>\n<p>Wird in einer sch\u00f6nen Geschenkbox geliefert.<\/p>\n<\/div>\n<\/div>\n","protected":false},"excerpt":{"rendered":"<p>Unsere 500 ml Schale &#8222;Verknallt&#8220;\/&#8220;Vertr\u00e4umt&#8220; in wei\u00df. Ideal geeignet f\u00fcr leckeres M\u00fcsli, w\u00e4rmende Suppen, knackige Salate, herzhafte Pasta, bunte S\u00fc\u00dfigkeiten und vieles mehr. Fassungsverm\u00f6gen: ca. 500 ml H\u00f6he: 10,6 cm Durchmesser: 15,3 cm Sp\u00fclmaschinenfest und mikrowellengeeignet Hartporzellan in bruchsicherer Hotelqualit\u00e4t Geschliffener Fu\u00df, glasierter Mundrand 100% Made in Germany Wird in einer sch\u00f6nen Geschenkbox geliefert.<\/p>\n","protected":false},"featured_media":1446,"comment_status":"closed","ping_status":"closed","template":"","meta":{"jetpack_post_was_ever_published":false,"jetpack_publicize_message":"","jetpack_publicize_feature_enabled":true,"jetpack_social_post_already_shared":true,"jetpack_social_options":{"image_generator_settings":{"template":"highway","default_image_id":0,"enabled":false},"version":2}},"product_brand":[],"product_cat":[74],"product_tag":[],"class_list":{"0":"post-1445","1":"product","2":"type-product","3":"status-publish","4":"has-post-thumbnail","6":"product_cat-gesichter-porzellan","8":"first","9":"instock","10":"taxable","11":"shipping-taxable","12":"purchasable","13":"product-type-simple"},"jetpack_publicize_connections":[],"jetpack_sharing_enabled":true,"jetpack-related-posts":[],"_links":{"self":[{"href":"https:\/\/www.taessje.com\/index.php\/wp-json\/wp\/v2\/product\/1445","targetHints":{"allow":["GET"]}}],"collection":[{"href":"https:\/\/www.taessje.com\/index.php\/wp-json\/wp\/v2\/product"}],"about":[{"href":"https:\/\/www.taessje.com\/index.php\/wp-json\/wp\/v2\/types\/product"}],"replies":[{"embeddable":true,"href":"https:\/\/www.taessje.com\/index.php\/wp-json\/wp\/v2\/comments?post=1445"}],"wp:featuredmedia":[{"embeddable":true,"href":"https:\/\/www.taessje.com\/index.php\/wp-json\/wp\/v2\/media\/1446"}],"wp:attachment":[{"href":"https:\/\/www.taessje.com\/index.php\/wp-json\/wp\/v2\/media?parent=1445"}],"wp:term":[{"taxonomy":"product_brand","embeddable":true,"href":"https:\/\/www.taessje.com\/index.php\/wp-json\/wp\/v2\/product_brand?post=1445"},{"taxonomy":"product_cat","embeddable":true,"href":"https:\/\/www.taessje.com\/index.php\/wp-json\/wp\/v2\/product_cat?post=1445"},{"taxonomy":"product_tag","embeddable":true,"href":"https:\/\/www.taessje.com\/index.php\/wp-json\/wp\/v2\/product_tag?post=1445"}],"curies":[{"name":"wp","href":"https:\/\/api.w.org\/{rel}","templated":true}]}}