{"id":1499,"date":"2020-03-29T22:24:29","date_gmt":"2020-03-29T21:24:29","guid":{"rendered":"https:\/\/www.taessje.com\/?post_type=product&#038;p=1499"},"modified":"2022-10-05T09:55:57","modified_gmt":"2022-10-05T08:55:57","slug":"schale-lachend-minze-500-ml","status":"publish","type":"product","link":"https:\/\/www.taessje.com\/index.php\/produkt\/schale-lachend-minze-500-ml\/","title":{"rendered":"Schale Lachend Minze 500 ml"},"content":{"rendered":"<div class=\"BasicText Widget  subtitle\">Unsere 500 ml Schale &#8222;Lachend&#8220; in Minze bringt Farbe auf Ihren Tisch!<\/p>\n<div><\/div>\n<\/div>\n<div class=\"BasicText Widget  content\">\n<p>Die lachende Schale gibt es nat\u00fcrlich auch innen farbig oder aussen farbig. In wundersch\u00f6nem Minze bringt sie frische Farbe auf Ihren gedeckten Tisch. Ihr spritziges Lachen steckt wahrlich an. So bekommen M\u00fcsli, Suppen, Pasta, Salate und allerlei andere Speisen eine extra Portion W\u00fcrze.<\/p>\n<p>Fassungsverm\u00f6gen: ca. 500 ml<\/p>\n<p>H\u00f6he: 9,8 cm<br \/>\nDurchmesser: 16,6 cm<\/p>\n<p>Sp\u00fclmaschinenfest und mikrowellengeeignet<\/p>\n<p>Hartporzellan in bruchsicherer Hotelqualit\u00e4t<\/p>\n<p>Geschliffener Fu\u00df, glasierter Mundrand<\/p>\n<p>100% Made in Germany<\/p>\n<p>Wird in einer sch\u00f6nen Geschenkbox geliefert.<\/p>\n<\/div>\n","protected":false},"excerpt":{"rendered":"<p>Unsere 500 ml Schale &#8222;Lachend&#8220; in Minze bringt Farbe auf Ihren Tisch! Die lachende Schale gibt es nat\u00fcrlich auch innen farbig oder aussen farbig. In wundersch\u00f6nem Minze bringt sie frische Farbe auf Ihren gedeckten Tisch. Ihr spritziges Lachen steckt wahrlich an. So bekommen M\u00fcsli, Suppen, Pasta, Salate und allerlei andere Speisen eine extra Portion W\u00fcrze. &hellip; <\/p>\n<p class=\"link-more\"><a href=\"https:\/\/www.taessje.com\/index.php\/produkt\/schale-lachend-minze-500-ml\/\" class=\"more-link\"><span class=\"screen-reader-text\">\u201eSchale Lachend Minze 500 ml\u201c<\/span> weiterlesen<\/a><\/p>\n","protected":false},"featured_media":1500,"comment_status":"closed","ping_status":"closed","template":"","meta":{"jetpack_post_was_ever_published":false,"jetpack_publicize_message":"","jetpack_publicize_feature_enabled":true,"jetpack_social_post_already_shared":true,"jetpack_social_options":{"image_generator_settings":{"template":"highway","default_image_id":0,"enabled":false},"version":2}},"product_brand":[],"product_cat":[74],"product_tag":[],"class_list":{"0":"post-1499","1":"product","2":"type-product","3":"status-publish","4":"has-post-thumbnail","6":"product_cat-gesichter-porzellan","8":"first","9":"instock","10":"taxable","11":"shipping-taxable","12":"purchasable","13":"product-type-simple"},"jetpack_publicize_connections":[],"jetpack_sharing_enabled":true,"jetpack-related-posts":[],"_links":{"self":[{"href":"https:\/\/www.taessje.com\/index.php\/wp-json\/wp\/v2\/product\/1499","targetHints":{"allow":["GET"]}}],"collection":[{"href":"https:\/\/www.taessje.com\/index.php\/wp-json\/wp\/v2\/product"}],"about":[{"href":"https:\/\/www.taessje.com\/index.php\/wp-json\/wp\/v2\/types\/product"}],"replies":[{"embeddable":true,"href":"https:\/\/www.taessje.com\/index.php\/wp-json\/wp\/v2\/comments?post=1499"}],"wp:featuredmedia":[{"embeddable":true,"href":"https:\/\/www.taessje.com\/index.php\/wp-json\/wp\/v2\/media\/1500"}],"wp:attachment":[{"href":"https:\/\/www.taessje.com\/index.php\/wp-json\/wp\/v2\/media?parent=1499"}],"wp:term":[{"taxonomy":"product_brand","embeddable":true,"href":"https:\/\/www.taessje.com\/index.php\/wp-json\/wp\/v2\/product_brand?post=1499"},{"taxonomy":"product_cat","embeddable":true,"href":"https:\/\/www.taessje.com\/index.php\/wp-json\/wp\/v2\/product_cat?post=1499"},{"taxonomy":"product_tag","embeddable":true,"href":"https:\/\/www.taessje.com\/index.php\/wp-json\/wp\/v2\/product_tag?post=1499"}],"curies":[{"name":"wp","href":"https:\/\/api.w.org\/{rel}","templated":true}]}}