{"id":1530,"date":"2020-03-29T22:47:12","date_gmt":"2020-03-29T21:47:12","guid":{"rendered":"https:\/\/www.taessje.com\/?post_type=product&#038;p=1530"},"modified":"2020-07-08T14:57:45","modified_gmt":"2020-07-08T13:57:45","slug":"tasse-och-bitte-weiss-200-ml","status":"publish","type":"product","link":"https:\/\/www.taessje.com\/index.php\/produkt\/tasse-och-bitte-weiss-200-ml\/","title":{"rendered":"Tasse Och bitte wei\u00df 200 ml"},"content":{"rendered":"<div class=\"BasicText Widget  subtitle\">Unsere 200 ml Tasse &#8222;Och bitte&#8220; in wei\u00df.<\/p>\n<div><\/div>\n<\/div>\n<div class=\"BasicText Widget  content\">\n<p>Mit Henkel und Unterteller<\/p>\n<p>&#8211; f\u00fcr eine gro\u00dfe Tasse Kaffee, Tee oder Kakao.<\/p>\n<p>Fassungsverm\u00f6gen: ca. 200 ml<\/p>\n<p>H\u00f6he: Tasse 7,3 cm; Untertasse 16,5 cm<br \/>\nDurchmesser: Tasse 11,7 cm; Unterteller 15 cm<\/p>\n<p>Sp\u00fclmaschinenfest und mikrowellengeeignet<\/p>\n<p>Hartporzellan in bruchsicherer Hotelqualit\u00e4t<\/p>\n<p>Geschliffener Fu\u00df, glasierter Mundrand<\/p>\n<p>100% Made in Germany<\/p>\n<p>Wird in einer sch\u00f6nen Geschenkbox geliefert.<\/p>\n<p>Sollte mal was kaputt gehen: Ersatz Unterteller<\/p>\n<p>k\u00f6nnen auch einzeln nachbestellt werden.<\/p>\n<\/div>\n","protected":false},"excerpt":{"rendered":"<p>Unsere 200 ml Tasse &#8222;Och bitte&#8220; in wei\u00df. Mit Henkel und Unterteller &#8211; f\u00fcr eine gro\u00dfe Tasse Kaffee, Tee oder Kakao. Fassungsverm\u00f6gen: ca. 200 ml H\u00f6he: Tasse 7,3 cm; Untertasse 16,5 cm Durchmesser: Tasse 11,7 cm; Unterteller 15 cm Sp\u00fclmaschinenfest und mikrowellengeeignet Hartporzellan in bruchsicherer Hotelqualit\u00e4t Geschliffener Fu\u00df, glasierter Mundrand 100% Made in Germany Wird &hellip; <\/p>\n<p class=\"link-more\"><a href=\"https:\/\/www.taessje.com\/index.php\/produkt\/tasse-och-bitte-weiss-200-ml\/\" class=\"more-link\"><span class=\"screen-reader-text\">\u201eTasse Och bitte wei\u00df 200 ml\u201c<\/span> weiterlesen<\/a><\/p>\n","protected":false},"featured_media":1531,"comment_status":"closed","ping_status":"closed","template":"","meta":{"jetpack_post_was_ever_published":false,"jetpack_publicize_message":"","jetpack_publicize_feature_enabled":true,"jetpack_social_post_already_shared":true,"jetpack_social_options":{"image_generator_settings":{"template":"highway","default_image_id":0,"enabled":false},"version":2}},"product_brand":[],"product_cat":[74,72],"product_tag":[],"class_list":{"0":"post-1530","1":"product","2":"type-product","3":"status-publish","4":"has-post-thumbnail","6":"product_cat-gesichter-porzellan","7":"product_cat-tassen","9":"first","10":"instock","11":"taxable","12":"shipping-taxable","13":"purchasable","14":"product-type-simple"},"jetpack_publicize_connections":[],"jetpack_sharing_enabled":true,"jetpack-related-posts":[],"_links":{"self":[{"href":"https:\/\/www.taessje.com\/index.php\/wp-json\/wp\/v2\/product\/1530","targetHints":{"allow":["GET"]}}],"collection":[{"href":"https:\/\/www.taessje.com\/index.php\/wp-json\/wp\/v2\/product"}],"about":[{"href":"https:\/\/www.taessje.com\/index.php\/wp-json\/wp\/v2\/types\/product"}],"replies":[{"embeddable":true,"href":"https:\/\/www.taessje.com\/index.php\/wp-json\/wp\/v2\/comments?post=1530"}],"wp:featuredmedia":[{"embeddable":true,"href":"https:\/\/www.taessje.com\/index.php\/wp-json\/wp\/v2\/media\/1531"}],"wp:attachment":[{"href":"https:\/\/www.taessje.com\/index.php\/wp-json\/wp\/v2\/media?parent=1530"}],"wp:term":[{"taxonomy":"product_brand","embeddable":true,"href":"https:\/\/www.taessje.com\/index.php\/wp-json\/wp\/v2\/product_brand?post=1530"},{"taxonomy":"product_cat","embeddable":true,"href":"https:\/\/www.taessje.com\/index.php\/wp-json\/wp\/v2\/product_cat?post=1530"},{"taxonomy":"product_tag","embeddable":true,"href":"https:\/\/www.taessje.com\/index.php\/wp-json\/wp\/v2\/product_tag?post=1530"}],"curies":[{"name":"wp","href":"https:\/\/api.w.org\/{rel}","templated":true}]}}