{"id":1816,"date":"2020-04-20T15:46:47","date_gmt":"2020-04-20T14:46:47","guid":{"rendered":"https:\/\/www.taessje.com\/?post_type=product&#038;p=1816"},"modified":"2023-06-16T04:20:21","modified_gmt":"2023-06-16T03:20:21","slug":"miaou-teesieb-black","status":"publish","type":"product","link":"https:\/\/www.taessje.com\/index.php\/produkt\/miaou-teesieb-black\/","title":{"rendered":"MIAOU Teesieb schwarz"},"content":{"rendered":"<p>Katzen gefallen dem Menschen, weil ihr sanftes Wesen viel Wohlgef\u00fchl und Behaglichkeit verspricht. Aus dem gleichen Grund erfreut MIAOU jeden Teetrinker, denn als \u00fcberaus praktisches Haus(halts)tier stellt es seinen Dienst in den vollkommenen Genuss des Hei\u00dfgetr\u00e4nks: Das Sieb wird \u00fcber den Rand von Tasse oder Becher geh\u00e4ngt, sein Volumen bietet auch edlen Blattteesorten viel Raum zur perfekten Entfaltung. Dank des griffigen Kopfes l\u00e4sst sich MIAOU nach Ende der Ziehzeit ganz einfach entfernen.<\/p>\n<p>Material: Thermoplastischer Kunststoff<\/p>\n<ul>\n<li>f\u00fcr eine Portion Tee<\/li>\n<li>zum Einh\u00e4ngen am Tassenrand<\/li>\n<li>originelles Accessoire<\/li>\n<li>sp\u00fclmaschinengeeignet,BPA frei,melaminfrei<\/li>\n<\/ul>\n","protected":false},"excerpt":{"rendered":"<p>MIMMI erfreut jeden Teetrinker: die freundliche Katze stellt sich in den Dienst des vollkommenen Teegenusses.<\/p>\n","protected":false},"featured_media":1817,"comment_status":"closed","ping_status":"closed","template":"","meta":{"jetpack_post_was_ever_published":false,"jetpack_publicize_message":"","jetpack_publicize_feature_enabled":true,"jetpack_social_post_already_shared":true,"jetpack_social_options":{"image_generator_settings":{"template":"highway","default_image_id":0,"enabled":false},"version":2}},"product_brand":[],"product_cat":[102,101,100],"product_tag":[],"class_list":{"0":"post-1816","1":"product","2":"type-product","3":"status-publish","4":"has-post-thumbnail","6":"product_cat-siebe","7":"product_cat-tee-zubehoer","8":"product_cat-zubehoer","10":"first","11":"instock","12":"taxable","13":"shipping-taxable","14":"purchasable","15":"product-type-simple"},"jetpack_publicize_connections":[],"jetpack_sharing_enabled":true,"jetpack-related-posts":[],"_links":{"self":[{"href":"https:\/\/www.taessje.com\/index.php\/wp-json\/wp\/v2\/product\/1816","targetHints":{"allow":["GET"]}}],"collection":[{"href":"https:\/\/www.taessje.com\/index.php\/wp-json\/wp\/v2\/product"}],"about":[{"href":"https:\/\/www.taessje.com\/index.php\/wp-json\/wp\/v2\/types\/product"}],"replies":[{"embeddable":true,"href":"https:\/\/www.taessje.com\/index.php\/wp-json\/wp\/v2\/comments?post=1816"}],"wp:featuredmedia":[{"embeddable":true,"href":"https:\/\/www.taessje.com\/index.php\/wp-json\/wp\/v2\/media\/1817"}],"wp:attachment":[{"href":"https:\/\/www.taessje.com\/index.php\/wp-json\/wp\/v2\/media?parent=1816"}],"wp:term":[{"taxonomy":"product_brand","embeddable":true,"href":"https:\/\/www.taessje.com\/index.php\/wp-json\/wp\/v2\/product_brand?post=1816"},{"taxonomy":"product_cat","embeddable":true,"href":"https:\/\/www.taessje.com\/index.php\/wp-json\/wp\/v2\/product_cat?post=1816"},{"taxonomy":"product_tag","embeddable":true,"href":"https:\/\/www.taessje.com\/index.php\/wp-json\/wp\/v2\/product_tag?post=1816"}],"curies":[{"name":"wp","href":"https:\/\/api.w.org\/{rel}","templated":true}]}}