{"id":2002,"date":"2020-04-28T12:36:50","date_gmt":"2020-04-28T11:36:50","guid":{"rendered":"https:\/\/www.taessje.com\/?post_type=product&#038;p=2002"},"modified":"2022-10-05T09:54:34","modified_gmt":"2022-10-05T08:54:34","slug":"espresso-mug-mit-henkel-lecker-80-ml","status":"publish","type":"product","link":"https:\/\/www.taessje.com\/index.php\/produkt\/espresso-mug-mit-henkel-lecker-80-ml\/","title":{"rendered":"Espresso-Mug mit Henkel &#8211; Lecker 80 ml"},"content":{"rendered":"<div class=\"BasicText Widget content\">\n<p>Frei nach dem Motto \u201eklein aber oho\u201c hat unser neuer Espresso Mug \u201eLecker\u201c Einzug ins TASSEN Universum gehalten. Als besonderer Clou reiht sich bei den \u201eMini Mugs\u201c neben drei bekannten Gesichtern ein neues Gesicht in kleiner Mug-Version hinzu.<\/p>\n<p>Fassungsverm\u00f6gen: ca. 80 ml<\/p>\n<p>H\u00f6he: ca. 7,5 cm<\/p>\n<p>Durchmesser Trinkrand: ca. 6 cm<br \/>\nGewicht: ca.130 g<\/p>\n<p>Sp\u00fclmaschinenfest und mikrowellengeeignet<\/p>\n<p>Hartporzellan in bruchsicherer Hotelqualit\u00e4t<\/p>\n<p>Geschliffener Fu\u00df, glasierter Mundrand.<\/p>\n<p>100% Made in Germany<\/p>\n<p>Wird in einer sch\u00f6nen Geschenkbox geliefert.<\/p>\n<\/div>\n","protected":false},"excerpt":{"rendered":"<p>Frei nach dem Motto \u201eklein aber oho\u201c hat unser neuer Espresso Mug \u201eLecker\u201c Einzug ins TASSEN Universum gehalten. Als besonderer Clou reiht sich bei den \u201eMini Mugs\u201c neben drei bekannten Gesichtern ein neues Gesicht in kleiner Mug-Version hinzu. Fassungsverm\u00f6gen: ca. 80 ml H\u00f6he: ca. 7,5 cm Durchmesser Trinkrand: ca. 6 cm Gewicht: ca.130 g Sp\u00fclmaschinenfest &hellip; <\/p>\n<p class=\"link-more\"><a href=\"https:\/\/www.taessje.com\/index.php\/produkt\/espresso-mug-mit-henkel-lecker-80-ml\/\" class=\"more-link\"><span class=\"screen-reader-text\">\u201eEspresso-Mug mit Henkel &#8211; Lecker 80 ml\u201c<\/span> weiterlesen<\/a><\/p>\n","protected":false},"featured_media":2003,"comment_status":"closed","ping_status":"closed","template":"","meta":{"jetpack_post_was_ever_published":false,"jetpack_publicize_message":"","jetpack_publicize_feature_enabled":true,"jetpack_social_post_already_shared":true,"jetpack_social_options":{"image_generator_settings":{"template":"highway","default_image_id":0,"enabled":false},"version":2}},"product_brand":[],"product_cat":[114,74,72],"product_tag":[],"class_list":{"0":"post-2002","1":"product","2":"type-product","3":"status-publish","4":"has-post-thumbnail","6":"product_cat-espressotassen","7":"product_cat-gesichter-porzellan","8":"product_cat-tassen","10":"first","11":"instock","12":"taxable","13":"shipping-taxable","14":"purchasable","15":"product-type-simple"},"jetpack_publicize_connections":[],"jetpack_sharing_enabled":true,"jetpack-related-posts":[],"_links":{"self":[{"href":"https:\/\/www.taessje.com\/index.php\/wp-json\/wp\/v2\/product\/2002","targetHints":{"allow":["GET"]}}],"collection":[{"href":"https:\/\/www.taessje.com\/index.php\/wp-json\/wp\/v2\/product"}],"about":[{"href":"https:\/\/www.taessje.com\/index.php\/wp-json\/wp\/v2\/types\/product"}],"replies":[{"embeddable":true,"href":"https:\/\/www.taessje.com\/index.php\/wp-json\/wp\/v2\/comments?post=2002"}],"wp:featuredmedia":[{"embeddable":true,"href":"https:\/\/www.taessje.com\/index.php\/wp-json\/wp\/v2\/media\/2003"}],"wp:attachment":[{"href":"https:\/\/www.taessje.com\/index.php\/wp-json\/wp\/v2\/media?parent=2002"}],"wp:term":[{"taxonomy":"product_brand","embeddable":true,"href":"https:\/\/www.taessje.com\/index.php\/wp-json\/wp\/v2\/product_brand?post=2002"},{"taxonomy":"product_cat","embeddable":true,"href":"https:\/\/www.taessje.com\/index.php\/wp-json\/wp\/v2\/product_cat?post=2002"},{"taxonomy":"product_tag","embeddable":true,"href":"https:\/\/www.taessje.com\/index.php\/wp-json\/wp\/v2\/product_tag?post=2002"}],"curies":[{"name":"wp","href":"https:\/\/api.w.org\/{rel}","templated":true}]}}