{"id":2013,"date":"2020-04-28T13:40:17","date_gmt":"2020-04-28T12:40:17","guid":{"rendered":"https:\/\/www.taessje.com\/?post_type=product&#038;p=2013"},"modified":"2022-10-05T09:53:43","modified_gmt":"2022-10-05T08:53:43","slug":"schuessel-durchgeknallt-weiss","status":"publish","type":"product","link":"https:\/\/www.taessje.com\/index.php\/produkt\/schuessel-durchgeknallt-weiss\/","title":{"rendered":"Sch\u00fcssel Durchgeknallt wei\u00df"},"content":{"rendered":"<div class=\"BasicText Widget content\">\n<div class=\"BasicText Widget  subtitle\">Unsere 2600 ml Sch\u00fcssel &#8222;Durchgeknallt&#8220; in wei\u00df.<\/p>\n<div><\/div>\n<\/div>\n<div class=\"BasicText Widget  content\">\n<p>Ideal geeignet zum Anrichten von knackigen Salaten, leckerem Obst, krossen Br\u00f6tchen, Leckeren Spaghetti und vielem mehr.<\/p>\n<p>Fassungsverm\u00f6gen: ca. 2600 ml<\/p>\n<p>H\u00f6he: 10,9 cm<\/p>\n<p>Durchmesser: 22,4 cm<\/p>\n<p>Sp\u00fclmaschinenfest und mikrowellengeeignet<\/p>\n<p>Hartporzellan in bruchsicherer Hotelqualit\u00e4t<\/p>\n<p>Geschliffener Fu\u00df, glasierter Mundrand<\/p>\n<p>100% Made in Germany<\/p>\n<p>Wird in einer sch\u00f6nen Geschenkbox geliefert.<\/p>\n<\/div>\n<\/div>\n","protected":false},"excerpt":{"rendered":"<p>Unsere 2600 ml Sch\u00fcssel &#8222;Durchgeknallt&#8220; in wei\u00df. Ideal geeignet zum Anrichten von knackigen Salaten, leckerem Obst, krossen Br\u00f6tchen, Leckeren Spaghetti und vielem mehr. Fassungsverm\u00f6gen: ca. 2600 ml H\u00f6he: 10,9 cm Durchmesser: 22,4 cm Sp\u00fclmaschinenfest und mikrowellengeeignet Hartporzellan in bruchsicherer Hotelqualit\u00e4t Geschliffener Fu\u00df, glasierter Mundrand 100% Made in Germany Wird in einer sch\u00f6nen Geschenkbox geliefert.<\/p>\n","protected":false},"featured_media":2014,"comment_status":"closed","ping_status":"closed","template":"","meta":{"jetpack_post_was_ever_published":false,"jetpack_publicize_message":"","jetpack_publicize_feature_enabled":true,"jetpack_social_post_already_shared":true,"jetpack_social_options":{"image_generator_settings":{"template":"highway","default_image_id":0,"enabled":false},"version":2}},"product_brand":[],"product_cat":[74],"product_tag":[],"class_list":{"0":"post-2013","1":"product","2":"type-product","3":"status-publish","4":"has-post-thumbnail","6":"product_cat-gesichter-porzellan","8":"first","9":"instock","10":"taxable","11":"shipping-taxable","12":"purchasable","13":"product-type-simple"},"jetpack_publicize_connections":[],"jetpack_sharing_enabled":true,"jetpack-related-posts":[],"_links":{"self":[{"href":"https:\/\/www.taessje.com\/index.php\/wp-json\/wp\/v2\/product\/2013","targetHints":{"allow":["GET"]}}],"collection":[{"href":"https:\/\/www.taessje.com\/index.php\/wp-json\/wp\/v2\/product"}],"about":[{"href":"https:\/\/www.taessje.com\/index.php\/wp-json\/wp\/v2\/types\/product"}],"replies":[{"embeddable":true,"href":"https:\/\/www.taessje.com\/index.php\/wp-json\/wp\/v2\/comments?post=2013"}],"wp:featuredmedia":[{"embeddable":true,"href":"https:\/\/www.taessje.com\/index.php\/wp-json\/wp\/v2\/media\/2014"}],"wp:attachment":[{"href":"https:\/\/www.taessje.com\/index.php\/wp-json\/wp\/v2\/media?parent=2013"}],"wp:term":[{"taxonomy":"product_brand","embeddable":true,"href":"https:\/\/www.taessje.com\/index.php\/wp-json\/wp\/v2\/product_brand?post=2013"},{"taxonomy":"product_cat","embeddable":true,"href":"https:\/\/www.taessje.com\/index.php\/wp-json\/wp\/v2\/product_cat?post=2013"},{"taxonomy":"product_tag","embeddable":true,"href":"https:\/\/www.taessje.com\/index.php\/wp-json\/wp\/v2\/product_tag?post=2013"}],"curies":[{"name":"wp","href":"https:\/\/api.w.org\/{rel}","templated":true}]}}