{"id":2018,"date":"2020-04-28T14:05:12","date_gmt":"2020-04-28T13:05:12","guid":{"rendered":"https:\/\/www.taessje.com\/?post_type=product&#038;p=2018"},"modified":"2020-04-28T14:07:46","modified_gmt":"2020-04-28T13:07:46","slug":"eierbecher-set-gluecklich-hmpff","status":"publish","type":"product","link":"https:\/\/www.taessje.com\/index.php\/produkt\/eierbecher-set-gluecklich-hmpff\/","title":{"rendered":"Eierbecher-Set &#8211; Gl\u00fccklich &#038; Hmpff!"},"content":{"rendered":"<div class=\"BasicText Widget content\">\n<div class=\"BasicText Widget  content\">\n<p>Das sch\u00f6ne Set eignet sich auch als Mini-Sch\u00e4lchen f\u00fcr Kleinigkeiten, die man mit auf den\u00a0 Tisch stellen m\u00f6chte:<\/p>\n<p>Gew\u00fcrze,\u00a0Fleur\u00a0de\u00a0Sel, Kr\u00e4uter,\u00a0Wasabi,\u00a0eine Kugel Eis, etc.<\/p>\n<p>Fassungsverm\u00f6gen: je 1 Ei<\/p>\n<p>H\u00f6he: Gl\u00fccklich 3,8 cm; Hmpff! 3,6 cm<br \/>\nDurchmesser: Gl\u00fccklich 5,4 cm; Hmpff! 5,5 cm<\/p>\n<p>&nbsp;<\/p>\n<p>Sp\u00fclmaschinenfest und mikrowellengeeignet<\/p>\n<p>Hartporzellan in bruchsicherer Hotelqualit\u00e4t<\/p>\n<p>Geschliffener Fu\u00df, glasierter Mundrand<\/p>\n<p>100% Made in Germany<\/p>\n<p>Als Set in einer sch\u00f6nen Geschenkbox.<\/p>\n<\/div>\n<\/div>\n","protected":false},"excerpt":{"rendered":"<p>Das sch\u00f6ne Set eignet sich auch als Mini-Sch\u00e4lchen f\u00fcr Kleinigkeiten, die man mit auf den\u00a0 Tisch stellen m\u00f6chte: Gew\u00fcrze,\u00a0Fleur\u00a0de\u00a0Sel, Kr\u00e4uter,\u00a0Wasabi,\u00a0eine Kugel Eis, etc. Fassungsverm\u00f6gen: je 1 Ei H\u00f6he: Gl\u00fccklich 3,8 cm; Hmpff! 3,6 cm Durchmesser: Gl\u00fccklich 5,4 cm; Hmpff! 5,5 cm &nbsp; Sp\u00fclmaschinenfest und mikrowellengeeignet Hartporzellan in bruchsicherer Hotelqualit\u00e4t Geschliffener Fu\u00df, glasierter Mundrand 100% Made &hellip; <\/p>\n<p class=\"link-more\"><a href=\"https:\/\/www.taessje.com\/index.php\/produkt\/eierbecher-set-gluecklich-hmpff\/\" class=\"more-link\"><span class=\"screen-reader-text\">\u201eEierbecher-Set &#8211; Gl\u00fccklich &#038; Hmpff!\u201c<\/span> weiterlesen<\/a><\/p>\n","protected":false},"featured_media":2019,"comment_status":"closed","ping_status":"closed","template":"","meta":{"jetpack_post_was_ever_published":false,"jetpack_publicize_message":"","jetpack_publicize_feature_enabled":true,"jetpack_social_post_already_shared":true,"jetpack_social_options":{"image_generator_settings":{"template":"highway","default_image_id":0,"enabled":false},"version":2}},"product_brand":[],"product_cat":[74],"product_tag":[],"class_list":{"0":"post-2018","1":"product","2":"type-product","3":"status-publish","4":"has-post-thumbnail","6":"product_cat-gesichter-porzellan","8":"first","9":"instock","10":"taxable","11":"shipping-taxable","12":"purchasable","13":"product-type-simple"},"jetpack_publicize_connections":[],"jetpack_sharing_enabled":true,"jetpack-related-posts":[],"_links":{"self":[{"href":"https:\/\/www.taessje.com\/index.php\/wp-json\/wp\/v2\/product\/2018","targetHints":{"allow":["GET"]}}],"collection":[{"href":"https:\/\/www.taessje.com\/index.php\/wp-json\/wp\/v2\/product"}],"about":[{"href":"https:\/\/www.taessje.com\/index.php\/wp-json\/wp\/v2\/types\/product"}],"replies":[{"embeddable":true,"href":"https:\/\/www.taessje.com\/index.php\/wp-json\/wp\/v2\/comments?post=2018"}],"wp:featuredmedia":[{"embeddable":true,"href":"https:\/\/www.taessje.com\/index.php\/wp-json\/wp\/v2\/media\/2019"}],"wp:attachment":[{"href":"https:\/\/www.taessje.com\/index.php\/wp-json\/wp\/v2\/media?parent=2018"}],"wp:term":[{"taxonomy":"product_brand","embeddable":true,"href":"https:\/\/www.taessje.com\/index.php\/wp-json\/wp\/v2\/product_brand?post=2018"},{"taxonomy":"product_cat","embeddable":true,"href":"https:\/\/www.taessje.com\/index.php\/wp-json\/wp\/v2\/product_cat?post=2018"},{"taxonomy":"product_tag","embeddable":true,"href":"https:\/\/www.taessje.com\/index.php\/wp-json\/wp\/v2\/product_tag?post=2018"}],"curies":[{"name":"wp","href":"https:\/\/api.w.org\/{rel}","templated":true}]}}