{"id":2029,"date":"2020-04-28T14:18:32","date_gmt":"2020-04-28T13:18:32","guid":{"rendered":"https:\/\/www.taessje.com\/?post_type=product&#038;p=2029"},"modified":"2020-04-28T14:27:19","modified_gmt":"2020-04-28T13:27:19","slug":"eierbecher-set-kuessend-vertraeumt","status":"publish","type":"product","link":"https:\/\/www.taessje.com\/index.php\/produkt\/eierbecher-set-kuessend-vertraeumt\/","title":{"rendered":"Eierbecher-Set &#8211; K\u00fcssend &#038; Vertr\u00e4umt"},"content":{"rendered":"<div class=\"BasicText Widget content\">\n<div class=\"BasicText Widget content\">\n<div class=\"BasicText Widget content\">\n<div class=\"BasicText Widget  subtitle\">Unser Eierbecher-Set Nr. 1 &#8222;K\u00fcssend &amp; Vertr\u00e4umt&#8220; in wei\u00df.<\/p>\n<div><\/div>\n<\/div>\n<div class=\"BasicText Widget  content\">\n<p>Eignet sich auch als Mini-Sch\u00e4lchen f\u00fcr Kleinigkeiten,<\/p>\n<p>die man mit auf den\u00a0Tisch stellen m\u00f6chte:<\/p>\n<p>Gew\u00fcrze,\u00a0Fleur\u00a0de\u00a0Sel, Kr\u00e4uter,\u00a0Wasabi,\u00a0eine Kugel Eis, etc.<\/p>\n<p>Fassungsverm\u00f6gen: je 1 Ei<\/p>\n<p>H\u00f6he: K\u00fcssend 3,8 cm; Vertr\u00e4umt 3,7 cm<br \/>\nDurchmesser: K\u00fcssend 5,4 cm; Vertr\u00e4umt 5,4 cm<\/p>\n<p>Sp\u00fclmaschinenfest und mikrowellengeeignet<\/p>\n<p>Hartporzellan in bruchsicherer Hotelqualit\u00e4t<\/p>\n<p>Geschliffener Fu\u00df, glasierter Mundrand<\/p>\n<p>100% Made in Germany<\/p>\n<p>Als Set in einer sch\u00f6nen Geschenkbox.<\/p>\n<\/div>\n<\/div>\n<\/div>\n<\/div>\n","protected":false},"excerpt":{"rendered":"<p>Unser Eierbecher-Set Nr. 1 &#8222;K\u00fcssend &amp; Vertr\u00e4umt&#8220; in wei\u00df. Eignet sich auch als Mini-Sch\u00e4lchen f\u00fcr Kleinigkeiten, die man mit auf den\u00a0Tisch stellen m\u00f6chte: Gew\u00fcrze,\u00a0Fleur\u00a0de\u00a0Sel, Kr\u00e4uter,\u00a0Wasabi,\u00a0eine Kugel Eis, etc. Fassungsverm\u00f6gen: je 1 Ei H\u00f6he: K\u00fcssend 3,8 cm; Vertr\u00e4umt 3,7 cm Durchmesser: K\u00fcssend 5,4 cm; Vertr\u00e4umt 5,4 cm Sp\u00fclmaschinenfest und mikrowellengeeignet Hartporzellan in bruchsicherer Hotelqualit\u00e4t Geschliffener Fu\u00df, &hellip; <\/p>\n<p class=\"link-more\"><a href=\"https:\/\/www.taessje.com\/index.php\/produkt\/eierbecher-set-kuessend-vertraeumt\/\" class=\"more-link\"><span class=\"screen-reader-text\">\u201eEierbecher-Set &#8211; K\u00fcssend &#038; Vertr\u00e4umt\u201c<\/span> weiterlesen<\/a><\/p>\n","protected":false},"featured_media":2030,"comment_status":"closed","ping_status":"closed","template":"","meta":{"jetpack_post_was_ever_published":false,"jetpack_publicize_message":"","jetpack_publicize_feature_enabled":true,"jetpack_social_post_already_shared":true,"jetpack_social_options":{"image_generator_settings":{"template":"highway","default_image_id":0,"enabled":false},"version":2}},"product_brand":[],"product_cat":[74],"product_tag":[],"class_list":{"0":"post-2029","1":"product","2":"type-product","3":"status-publish","4":"has-post-thumbnail","6":"product_cat-gesichter-porzellan","8":"first","9":"instock","10":"taxable","11":"shipping-taxable","12":"purchasable","13":"product-type-simple"},"jetpack_publicize_connections":[],"jetpack_sharing_enabled":true,"jetpack-related-posts":[],"_links":{"self":[{"href":"https:\/\/www.taessje.com\/index.php\/wp-json\/wp\/v2\/product\/2029","targetHints":{"allow":["GET"]}}],"collection":[{"href":"https:\/\/www.taessje.com\/index.php\/wp-json\/wp\/v2\/product"}],"about":[{"href":"https:\/\/www.taessje.com\/index.php\/wp-json\/wp\/v2\/types\/product"}],"replies":[{"embeddable":true,"href":"https:\/\/www.taessje.com\/index.php\/wp-json\/wp\/v2\/comments?post=2029"}],"wp:featuredmedia":[{"embeddable":true,"href":"https:\/\/www.taessje.com\/index.php\/wp-json\/wp\/v2\/media\/2030"}],"wp:attachment":[{"href":"https:\/\/www.taessje.com\/index.php\/wp-json\/wp\/v2\/media?parent=2029"}],"wp:term":[{"taxonomy":"product_brand","embeddable":true,"href":"https:\/\/www.taessje.com\/index.php\/wp-json\/wp\/v2\/product_brand?post=2029"},{"taxonomy":"product_cat","embeddable":true,"href":"https:\/\/www.taessje.com\/index.php\/wp-json\/wp\/v2\/product_cat?post=2029"},{"taxonomy":"product_tag","embeddable":true,"href":"https:\/\/www.taessje.com\/index.php\/wp-json\/wp\/v2\/product_tag?post=2029"}],"curies":[{"name":"wp","href":"https:\/\/api.w.org\/{rel}","templated":true}]}}