{"id":2064,"date":"2020-06-08T14:14:31","date_gmt":"2020-06-08T13:14:31","guid":{"rendered":"https:\/\/www.taessje.com\/?post_type=product&#038;p=2064"},"modified":"2023-06-16T03:05:13","modified_gmt":"2023-06-16T02:05:13","slug":"fino","status":"publish","type":"product","link":"https:\/\/www.taessje.com\/index.php\/produkt\/fino\/","title":{"rendered":"Fino"},"content":{"rendered":"<p>Der Kaffee Fino wird in besonders hohen Lagen angebaut \u2013 auf 1.500-2.100 Metern. Die Anbaugebiete f\u00fcr diesen Kaffee liegen in Mexiko und Tanzania, was ihn zu einer erlesenen Komposition aus zentralamerikanischen und afrikanischen Hochlandarabicas macht. Auf diesen Kaffeefarmen wachsen die Kaffeekirschen unter besten Bedingungen f\u00fcr Arabica-Pflanzen und wird, nachdem er vollst\u00e4ndig ausgereift ist, per Hand geerntet, anschlie\u00dfend gewaschen und sonnengetrocknet. Er hat ein besonders w\u00fcrziges Aroma und einen ausgewogenen Geschmack, zu dem eine sehr feine S\u00e4ure kommt.<\/p>\n<p>Wie all\u2018 unsere Kaffees wird auch der Fino im traditionellen Trommelr\u00f6stverfahren verarbeitet und bei niedrigen Temperaturen langzeitger\u00f6stet, was ihm genau diese Ausgewogenheit verleiht, da Bitterstoffe, die im Geschmack st\u00f6ren k\u00f6nnten, entweichen.<\/p>\n<p>&nbsp;<\/p>\n<p><b>Bohne:<\/b> Komposition aus zentralamerikanischen und afrikanischen\u00a0 Hochlandarabicas<br \/>\n<b>Anbauh\u00f6he:<\/b> 1500 &#8211; 2100m<br \/>\n<b>Aufbereitung:<\/b> gewaschen, sonnengetrocknet, handgepfl\u00fcckt<br \/>\n<b>Aroma:<\/b> w\u00fcrzig<br \/>\n<b>K\u00f6rper:<\/b> ausgewogen<br \/>\n<b>S\u00e4ure:<\/b> feine S\u00e4ure<\/p>\n","protected":false},"excerpt":{"rendered":"<p>Der Kaffee Fino wird in besonders hohen Lagen angebaut \u2013 auf 1.500-2.100 Metern. Die Anbaugebiete f\u00fcr diesen Kaffee liegen in Mexiko und Tanzania, was ihn zu einer erlesenen Komposition aus zentralamerikanischen und afrikanischen Hochlandarabicas macht. Auf diesen Kaffeefarmen wachsen die Kaffeekirschen unter besten Bedingungen f\u00fcr Arabica-Pflanzen und wird, nachdem er vollst\u00e4ndig ausgereift ist, per Hand &hellip; <\/p>\n<p class=\"link-more\"><a href=\"https:\/\/www.taessje.com\/index.php\/produkt\/fino\/\" class=\"more-link\"><span class=\"screen-reader-text\">\u201eFino\u201c<\/span> weiterlesen<\/a><\/p>\n","protected":false},"featured_media":2997,"comment_status":"closed","ping_status":"closed","template":"","meta":{"jetpack_post_was_ever_published":false,"jetpack_publicize_message":"","jetpack_publicize_feature_enabled":true,"jetpack_social_post_already_shared":true,"jetpack_social_options":{"image_generator_settings":{"template":"highway","default_image_id":0,"enabled":false},"version":2}},"product_brand":[],"product_cat":[39],"product_tag":[],"class_list":{"0":"post-2064","1":"product","2":"type-product","3":"status-publish","4":"has-post-thumbnail","6":"product_cat-kaffee","8":"first","9":"instock","10":"taxable","11":"shipping-taxable","12":"purchasable","13":"product-type-variable"},"jetpack_publicize_connections":[],"jetpack_sharing_enabled":true,"jetpack-related-posts":[],"_links":{"self":[{"href":"https:\/\/www.taessje.com\/index.php\/wp-json\/wp\/v2\/product\/2064","targetHints":{"allow":["GET"]}}],"collection":[{"href":"https:\/\/www.taessje.com\/index.php\/wp-json\/wp\/v2\/product"}],"about":[{"href":"https:\/\/www.taessje.com\/index.php\/wp-json\/wp\/v2\/types\/product"}],"replies":[{"embeddable":true,"href":"https:\/\/www.taessje.com\/index.php\/wp-json\/wp\/v2\/comments?post=2064"}],"wp:featuredmedia":[{"embeddable":true,"href":"https:\/\/www.taessje.com\/index.php\/wp-json\/wp\/v2\/media\/2997"}],"wp:attachment":[{"href":"https:\/\/www.taessje.com\/index.php\/wp-json\/wp\/v2\/media?parent=2064"}],"wp:term":[{"taxonomy":"product_brand","embeddable":true,"href":"https:\/\/www.taessje.com\/index.php\/wp-json\/wp\/v2\/product_brand?post=2064"},{"taxonomy":"product_cat","embeddable":true,"href":"https:\/\/www.taessje.com\/index.php\/wp-json\/wp\/v2\/product_cat?post=2064"},{"taxonomy":"product_tag","embeddable":true,"href":"https:\/\/www.taessje.com\/index.php\/wp-json\/wp\/v2\/product_tag?post=2064"}],"curies":[{"name":"wp","href":"https:\/\/api.w.org\/{rel}","templated":true}]}}