{"id":2192,"date":"2020-07-02T13:17:25","date_gmt":"2020-07-02T12:17:25","guid":{"rendered":"https:\/\/www.taessje.com\/?post_type=product&#038;p=2192"},"modified":"2025-12-09T18:00:43","modified_gmt":"2025-12-09T17:00:43","slug":"tartufino-cremino","status":"publish","type":"product","link":"https:\/\/www.taessje.com\/index.php\/produkt\/tartufino-cremino\/","title":{"rendered":"Tartufo dolce cremino"},"content":{"rendered":"<h2>Tartufo dolce cremino\u00a0 &#8211; besonders cremiger Tartufo-Geschmack<\/h2>\n<ul>\n<li>wei\u00dfe Schokolade mit cremiger Schokoladen-Haselnuss-Masse<\/li>\n<li>mit feinsten Haseln\u00fcssen aus dem Piemont IGP<\/li>\n<li>besonders weich im Schmelz<\/li>\n<li><strong>glutenfrei<\/strong><\/li>\n<\/ul>\n<h3>Tartufo mit cremiger Haselnussmasse<\/h3>\n<p>Im Gegensatz zu den anderen Tartufo-Variationen enthalten die Tartufi cremino keine Haselnuss-Splitter. Auch die m\u00fcrbe Struktur der traditionellen Tartufi fehlt. Grund daf\u00fcr ist die cremige Haselnussmasse, die mit wei\u00dfer Schokolade kombiniert wird. Dennoch kommt die s\u00fc\u00dfliche Geschmack der piemontesichen Haseln\u00fcsse voll zur Geltung.<\/p>\n<h3>La Tonda Gentile delle Langhe-Haseln\u00fcsse<\/h3>\n<p>Bei der Antica Torroneria werden ausschlie\u00dflich hochwertige piemonteser Haseln\u00fcsse der leicht s\u00fcsslichen Sorte &#8222;La Tonda Gentile delle Langhe&#8220; verwendet. Das macht geschmacklich deutlich bemerkbar: Die m\u00fcrbe Konsistenz der Tartufi verwandelt sich im Mund zu einem zarten Schmelz. Die knusprigen Haseln\u00fcsse erzeugen dabei den herrlichen &#8222;Crunch&#8220; dieser typischen Schokoladentr\u00fcffel-Spezialit\u00e4t<\/p>\n","protected":false},"excerpt":{"rendered":"<p>Tartufo dolce cremino\u00a0 &#8211; besonders cremiger Tartufo-Geschmack wei\u00dfe Schokolade mit cremiger Schokoladen-Haselnuss-Masse mit feinsten Haseln\u00fcssen aus dem Piemont IGP besonders weich im Schmelz glutenfrei Tartufo mit cremiger Haselnussmasse Im Gegensatz zu den anderen Tartufo-Variationen enthalten die Tartufi cremino keine Haselnuss-Splitter. Auch die m\u00fcrbe Struktur der traditionellen Tartufi fehlt. Grund daf\u00fcr ist die cremige Haselnussmasse, die &hellip; <\/p>\n<p class=\"link-more\"><a href=\"https:\/\/www.taessje.com\/index.php\/produkt\/tartufino-cremino\/\" class=\"more-link\"><span class=\"screen-reader-text\">\u201eTartufo dolce cremino\u201c<\/span> weiterlesen<\/a><\/p>\n","protected":false},"featured_media":2193,"comment_status":"closed","ping_status":"closed","template":"","meta":{"jetpack_post_was_ever_published":false,"jetpack_publicize_message":"","jetpack_publicize_feature_enabled":true,"jetpack_social_post_already_shared":true,"jetpack_social_options":{"image_generator_settings":{"template":"highway","default_image_id":0,"enabled":false},"version":2}},"product_brand":[],"product_cat":[104,167],"product_tag":[],"class_list":{"0":"post-2192","1":"product","2":"type-product","3":"status-publish","4":"has-post-thumbnail","6":"product_cat-leckereien","7":"product_cat-schokoladentrueffel-tartufino","9":"first","10":"instock","11":"purchasable","12":"product-type-simple"},"jetpack_publicize_connections":[],"jetpack_sharing_enabled":true,"jetpack-related-posts":[],"_links":{"self":[{"href":"https:\/\/www.taessje.com\/index.php\/wp-json\/wp\/v2\/product\/2192","targetHints":{"allow":["GET"]}}],"collection":[{"href":"https:\/\/www.taessje.com\/index.php\/wp-json\/wp\/v2\/product"}],"about":[{"href":"https:\/\/www.taessje.com\/index.php\/wp-json\/wp\/v2\/types\/product"}],"replies":[{"embeddable":true,"href":"https:\/\/www.taessje.com\/index.php\/wp-json\/wp\/v2\/comments?post=2192"}],"wp:featuredmedia":[{"embeddable":true,"href":"https:\/\/www.taessje.com\/index.php\/wp-json\/wp\/v2\/media\/2193"}],"wp:attachment":[{"href":"https:\/\/www.taessje.com\/index.php\/wp-json\/wp\/v2\/media?parent=2192"}],"wp:term":[{"taxonomy":"product_brand","embeddable":true,"href":"https:\/\/www.taessje.com\/index.php\/wp-json\/wp\/v2\/product_brand?post=2192"},{"taxonomy":"product_cat","embeddable":true,"href":"https:\/\/www.taessje.com\/index.php\/wp-json\/wp\/v2\/product_cat?post=2192"},{"taxonomy":"product_tag","embeddable":true,"href":"https:\/\/www.taessje.com\/index.php\/wp-json\/wp\/v2\/product_tag?post=2192"}],"curies":[{"name":"wp","href":"https:\/\/api.w.org\/{rel}","templated":true}]}}