{"id":2194,"date":"2020-07-02T13:44:55","date_gmt":"2020-07-02T12:44:55","guid":{"rendered":"https:\/\/www.taessje.com\/?post_type=product&#038;p=2194"},"modified":"2025-12-09T18:00:43","modified_gmt":"2025-12-09T17:00:43","slug":"tartufino-al-pistacchio","status":"publish","type":"product","link":"https:\/\/www.taessje.com\/index.php\/produkt\/tartufino-al-pistacchio\/","title":{"rendered":"Tartufo al pistacchio"},"content":{"rendered":"<h2>Tartufo al pistacchio: Tartufo mit sizilianischen Pistazien<\/h2>\n<ul>\n<li>mit feinsten sizilianischen Pistazien<\/li>\n<li>weich im Schmelz mit dem zarten Biss der Pistazien<\/li>\n<li>min. 23 % Kakaoanteil in der weissen Schokolade<\/li>\n<li><strong>glutenfrei<\/strong><\/li>\n<\/ul>\n<h3>Eine der beliebtesten Tartufo-Varianten der Antica Torroneria: Tartufo al pistacchio<\/h3>\n<p>Der Tartufo al pistacchio vereint sizialianische Pistazien mit wei\u00dfer Schokolade.<\/p>\n<p>Die aromatische Kombination knackiger Pistazien mit hochwertiger wei\u00dfer Schokolade macht dieses Tartufo so besonders. Statt der sonst \u00fcblichen Haseln\u00fcsse, werden f\u00fcr dieses Tartufo Pistazien von der Insel Sizilien verwendet.<\/p>\n<h3>Sizilianische Pistazien<\/h3>\n<p>Sizilianische Pistazien sind etwas l\u00e4nger und d\u00fcnner als die im Nahen Osten bzw. in der T\u00fcrkei angebauten. Sie haben auch einen st\u00e4rkeren, etwas sch\u00e4rferen Geschmack. Dies ist auf den vulkanischen Boden zur\u00fcckzuf\u00fchren ist, auf dem die Pistazien angebaut werden. Sie werden nicht in gro\u00dfen Mengen exportiert und verbleiben so zum gr\u00f6\u00dften Teil in Italien selbst.<\/p>\n<p>Pistazien sind eine gute Quelle f\u00fcr Protein, Fett, Ballaststoffe, Vitamin B6 und Thiamin. Die reifen Kerne sind im Allgemeinen gr\u00fcnlich mit r\u00f6tlichen Bereichen, die beim R\u00f6sten eine br\u00e4unliche Farbe annehmen.<\/p>\n","protected":false},"excerpt":{"rendered":"<p>Tartufo al pistacchio: Tartufo mit sizilianischen Pistazien mit feinsten sizilianischen Pistazien weich im Schmelz mit dem zarten Biss der Pistazien min. 23 % Kakaoanteil in der weissen Schokolade glutenfrei Eine der beliebtesten Tartufo-Varianten der Antica Torroneria: Tartufo al pistacchio Der Tartufo al pistacchio vereint sizialianische Pistazien mit wei\u00dfer Schokolade. Die aromatische Kombination knackiger Pistazien mit &hellip; <\/p>\n<p class=\"link-more\"><a href=\"https:\/\/www.taessje.com\/index.php\/produkt\/tartufino-al-pistacchio\/\" class=\"more-link\"><span class=\"screen-reader-text\">\u201eTartufo al pistacchio\u201c<\/span> weiterlesen<\/a><\/p>\n","protected":false},"featured_media":2195,"comment_status":"closed","ping_status":"closed","template":"","meta":{"jetpack_post_was_ever_published":false,"jetpack_publicize_message":"","jetpack_publicize_feature_enabled":true,"jetpack_social_post_already_shared":true,"jetpack_social_options":{"image_generator_settings":{"template":"highway","default_image_id":0,"enabled":false},"version":2}},"product_brand":[],"product_cat":[104,167],"product_tag":[],"class_list":{"0":"post-2194","1":"product","2":"type-product","3":"status-publish","4":"has-post-thumbnail","6":"product_cat-leckereien","7":"product_cat-schokoladentrueffel-tartufino","9":"first","10":"instock","11":"purchasable","12":"product-type-simple"},"jetpack_publicize_connections":[],"jetpack_sharing_enabled":true,"jetpack-related-posts":[],"_links":{"self":[{"href":"https:\/\/www.taessje.com\/index.php\/wp-json\/wp\/v2\/product\/2194","targetHints":{"allow":["GET"]}}],"collection":[{"href":"https:\/\/www.taessje.com\/index.php\/wp-json\/wp\/v2\/product"}],"about":[{"href":"https:\/\/www.taessje.com\/index.php\/wp-json\/wp\/v2\/types\/product"}],"replies":[{"embeddable":true,"href":"https:\/\/www.taessje.com\/index.php\/wp-json\/wp\/v2\/comments?post=2194"}],"wp:featuredmedia":[{"embeddable":true,"href":"https:\/\/www.taessje.com\/index.php\/wp-json\/wp\/v2\/media\/2195"}],"wp:attachment":[{"href":"https:\/\/www.taessje.com\/index.php\/wp-json\/wp\/v2\/media?parent=2194"}],"wp:term":[{"taxonomy":"product_brand","embeddable":true,"href":"https:\/\/www.taessje.com\/index.php\/wp-json\/wp\/v2\/product_brand?post=2194"},{"taxonomy":"product_cat","embeddable":true,"href":"https:\/\/www.taessje.com\/index.php\/wp-json\/wp\/v2\/product_cat?post=2194"},{"taxonomy":"product_tag","embeddable":true,"href":"https:\/\/www.taessje.com\/index.php\/wp-json\/wp\/v2\/product_tag?post=2194"}],"curies":[{"name":"wp","href":"https:\/\/api.w.org\/{rel}","templated":true}]}}