{"id":2197,"date":"2020-07-02T13:52:54","date_gmt":"2020-07-02T12:52:54","guid":{"rendered":"https:\/\/www.taessje.com\/?post_type=product&#038;p=2197"},"modified":"2025-12-09T18:00:42","modified_gmt":"2025-12-09T17:00:42","slug":"tartufino-extra-nero","status":"publish","type":"product","link":"https:\/\/www.taessje.com\/index.php\/produkt\/tartufino-extra-nero\/","title":{"rendered":"Tartufo extra nero"},"content":{"rendered":"<h2>Tartufo extra nero: Schokoladentr\u00fcffel mit Edelbitter-Schokolade<\/h2>\n<ul>\n<li>mit feinsten Haseln\u00fcssen aus dem Piemont IGP<\/li>\n<li>weich im Schmelz mit dem Crunch der Haseln\u00fcsse<\/li>\n<li>min. 52 % Kakaoanteil in der Edelbitter-Schokolade<\/li>\n<li><strong>glutenfrei<\/strong><\/li>\n<\/ul>\n<h3>Intensive Schokoladenaromen gepaart mit dem Crunch der Haseln\u00fcsse<\/h3>\n<p>Der Tartufo extra nero vereint feinste Edelbitter-Schokolade mit den edlen Haseln\u00fcssen aus dem Piemont.<\/p>\n<p>Die beim Taturfo Extra Nero verwendete Edelbitterschokolade intensiviert den Schokoladengeschmack des klassischen Tartufo dolce nero. Die S\u00fc\u00dfe der Haseln\u00fcsse und die Bitterkeit der Schokolade bilden beim Extra Nero eine wunderbare Geschmacks-Kombination.<\/p>\n<p>Bei der Antica Torroneria werden ausschlie\u00dflich hochwertige piemonteser Haseln\u00fcsse der leicht s\u00fcsslichen Sorte &#8222;La Tonda Gentile delle Langhe&#8220; verwendet. Das macht sich geschmacklich deutlich bemerkbar: Die m\u00fcrbe Konsistenz der Tartufi verwandelt sich im Mund zu einem zarten Schmelz. Die knusprigen Haseln\u00fcsse erzeugen dabei den herrlichen &#8222;Crunch&#8220; dieser typischen Schokoladentr\u00fcffel-Spezialit\u00e4t<\/p>\n","protected":false},"excerpt":{"rendered":"<p>Tartufo extra nero: Schokoladentr\u00fcffel mit Edelbitter-Schokolade mit feinsten Haseln\u00fcssen aus dem Piemont IGP weich im Schmelz mit dem Crunch der Haseln\u00fcsse min. 52 % Kakaoanteil in der Edelbitter-Schokolade glutenfrei Intensive Schokoladenaromen gepaart mit dem Crunch der Haseln\u00fcsse Der Tartufo extra nero vereint feinste Edelbitter-Schokolade mit den edlen Haseln\u00fcssen aus dem Piemont. Die beim Taturfo Extra &hellip; <\/p>\n<p class=\"link-more\"><a href=\"https:\/\/www.taessje.com\/index.php\/produkt\/tartufino-extra-nero\/\" class=\"more-link\"><span class=\"screen-reader-text\">\u201eTartufo extra nero\u201c<\/span> weiterlesen<\/a><\/p>\n","protected":false},"featured_media":2198,"comment_status":"closed","ping_status":"closed","template":"","meta":{"jetpack_post_was_ever_published":false,"jetpack_publicize_message":"","jetpack_publicize_feature_enabled":true,"jetpack_social_post_already_shared":true,"jetpack_social_options":{"image_generator_settings":{"template":"highway","default_image_id":0,"enabled":false},"version":2}},"product_brand":[],"product_cat":[104,167,110],"product_tag":[],"class_list":{"0":"post-2197","1":"product","2":"type-product","3":"status-publish","4":"has-post-thumbnail","6":"product_cat-leckereien","7":"product_cat-schokoladentrueffel-tartufino","8":"product_cat-vegan","10":"first","11":"instock","12":"purchasable","13":"product-type-simple"},"jetpack_publicize_connections":[],"jetpack_sharing_enabled":true,"jetpack-related-posts":[],"_links":{"self":[{"href":"https:\/\/www.taessje.com\/index.php\/wp-json\/wp\/v2\/product\/2197","targetHints":{"allow":["GET"]}}],"collection":[{"href":"https:\/\/www.taessje.com\/index.php\/wp-json\/wp\/v2\/product"}],"about":[{"href":"https:\/\/www.taessje.com\/index.php\/wp-json\/wp\/v2\/types\/product"}],"replies":[{"embeddable":true,"href":"https:\/\/www.taessje.com\/index.php\/wp-json\/wp\/v2\/comments?post=2197"}],"wp:featuredmedia":[{"embeddable":true,"href":"https:\/\/www.taessje.com\/index.php\/wp-json\/wp\/v2\/media\/2198"}],"wp:attachment":[{"href":"https:\/\/www.taessje.com\/index.php\/wp-json\/wp\/v2\/media?parent=2197"}],"wp:term":[{"taxonomy":"product_brand","embeddable":true,"href":"https:\/\/www.taessje.com\/index.php\/wp-json\/wp\/v2\/product_brand?post=2197"},{"taxonomy":"product_cat","embeddable":true,"href":"https:\/\/www.taessje.com\/index.php\/wp-json\/wp\/v2\/product_cat?post=2197"},{"taxonomy":"product_tag","embeddable":true,"href":"https:\/\/www.taessje.com\/index.php\/wp-json\/wp\/v2\/product_tag?post=2197"}],"curies":[{"name":"wp","href":"https:\/\/api.w.org\/{rel}","templated":true}]}}