{"id":2204,"date":"2020-07-02T14:30:07","date_gmt":"2020-07-02T13:30:07","guid":{"rendered":"https:\/\/www.taessje.com\/?post_type=product&#038;p=2204"},"modified":"2025-12-09T18:00:42","modified_gmt":"2025-12-09T17:00:42","slug":"tartufino-con-amaretti","status":"publish","type":"product","link":"https:\/\/www.taessje.com\/index.php\/produkt\/tartufino-con-amaretti\/","title":{"rendered":"Tartufo con amaretti"},"content":{"rendered":"<h2>Tartufo con amaretti: Schoko-Tr\u00fcffel mit Amarettini-St\u00fcckchen<\/h2>\n<ul>\n<li>mit feinsten Mandelsplittern und Amarettini-St\u00fcckchen<\/li>\n<li>weich im Schmelz mit dem knackigen Biss der Mandeln<\/li>\n<li>min. 32 % Kakaoanteil in der Vollmilchschokolade<\/li>\n<li><strong>glutenfrei<\/strong><\/li>\n<\/ul>\n<h3>Knackige Mandelsplitter und knusprige Amaretti-St\u00fccken im Tartufo al amaretti<\/h3>\n<p>Im Tartufo con amaretti werden die traditionellen Haseln\u00fcsse durch Mandeln und Amaretti ersetzt. Die piemontesischen Haseln\u00fcsse kommen lediglich als Paste in die Rezeptur dieser Tartufo-Spezialit\u00e4t.<\/p>\n<p>Feinster Mandel- und Amaretto-Geschmack zeichnet die Tartufi con amaretti aus. Die milde Vollmilchschokolade und die leichte Bitternote der Amarettini und Mandeln ergeben auf der Zunge einen sch\u00f6nen Kontrast. Die Amaretti-St\u00fcckchen f\u00fcrhren zu dem bei vielen Tartufo-Liebhabern so gesch\u00e4tzten Crunch.<\/p>\n<h3>Die Legende der Amaretti<\/h3>\n<p>Amaretti di Saronno nennt man einen Amaretto-Makaron mit deutlichem Mandelgeschmack. Traditionell wird dieser in Saronno, einer Gemeinde in der Lombardei, Italien, hergestellt. Amaretti sind eine der bekanntesten traditionellen Amaretto-Kekse aus Italien.<\/p>\n<p>Der Legende nach \u00fcberraschte im fr\u00fchen 18. Jahrhundert der Mail\u00e4nder Bischof die Stadt Saronno mit einem Besuch. Ein junges Ehepaar, Bewohner der Stadt, empfing ihn und w\u00fcrdigte ihn mit einem originellen Konfekt: Sie hatten spontan Kekse aus Zucker, Eiwei\u00df und zersto\u00dfenen Aprikosenkernen gebacken. Da dieses Geb\u00e4ck nicht nur beim Geistlichen gro\u00dfen Anklang fand, werden Amaretti, mit leicht angepasster Rezeptur, bis zum heutigen Tage produziert.<\/p>\n","protected":false},"excerpt":{"rendered":"<p>Tartufo con amaretti: Schoko-Tr\u00fcffel mit Amarettini-St\u00fcckchen mit feinsten Mandelsplittern und Amarettini-St\u00fcckchen weich im Schmelz mit dem knackigen Biss der Mandeln min. 32 % Kakaoanteil in der Vollmilchschokolade glutenfrei Knackige Mandelsplitter und knusprige Amaretti-St\u00fccken im Tartufo al amaretti Im Tartufo con amaretti werden die traditionellen Haseln\u00fcsse durch Mandeln und Amaretti ersetzt. Die piemontesischen Haseln\u00fcsse kommen lediglich &hellip; <\/p>\n<p class=\"link-more\"><a href=\"https:\/\/www.taessje.com\/index.php\/produkt\/tartufino-con-amaretti\/\" class=\"more-link\"><span class=\"screen-reader-text\">\u201eTartufo con amaretti\u201c<\/span> weiterlesen<\/a><\/p>\n","protected":false},"featured_media":2205,"comment_status":"closed","ping_status":"closed","template":"","meta":{"jetpack_post_was_ever_published":false,"jetpack_publicize_message":"","jetpack_publicize_feature_enabled":true,"jetpack_social_post_already_shared":true,"jetpack_social_options":{"image_generator_settings":{"template":"highway","default_image_id":0,"enabled":false},"version":2}},"product_brand":[],"product_cat":[104,167],"product_tag":[],"class_list":{"0":"post-2204","1":"product","2":"type-product","3":"status-publish","4":"has-post-thumbnail","6":"product_cat-leckereien","7":"product_cat-schokoladentrueffel-tartufino","9":"first","10":"instock","11":"purchasable","12":"product-type-simple"},"jetpack_publicize_connections":[],"jetpack_sharing_enabled":true,"jetpack-related-posts":[],"_links":{"self":[{"href":"https:\/\/www.taessje.com\/index.php\/wp-json\/wp\/v2\/product\/2204","targetHints":{"allow":["GET"]}}],"collection":[{"href":"https:\/\/www.taessje.com\/index.php\/wp-json\/wp\/v2\/product"}],"about":[{"href":"https:\/\/www.taessje.com\/index.php\/wp-json\/wp\/v2\/types\/product"}],"replies":[{"embeddable":true,"href":"https:\/\/www.taessje.com\/index.php\/wp-json\/wp\/v2\/comments?post=2204"}],"wp:featuredmedia":[{"embeddable":true,"href":"https:\/\/www.taessje.com\/index.php\/wp-json\/wp\/v2\/media\/2205"}],"wp:attachment":[{"href":"https:\/\/www.taessje.com\/index.php\/wp-json\/wp\/v2\/media?parent=2204"}],"wp:term":[{"taxonomy":"product_brand","embeddable":true,"href":"https:\/\/www.taessje.com\/index.php\/wp-json\/wp\/v2\/product_brand?post=2204"},{"taxonomy":"product_cat","embeddable":true,"href":"https:\/\/www.taessje.com\/index.php\/wp-json\/wp\/v2\/product_cat?post=2204"},{"taxonomy":"product_tag","embeddable":true,"href":"https:\/\/www.taessje.com\/index.php\/wp-json\/wp\/v2\/product_tag?post=2204"}],"curies":[{"name":"wp","href":"https:\/\/api.w.org\/{rel}","templated":true}]}}