{"id":2322,"date":"2020-07-13T14:13:35","date_gmt":"2020-07-13T13:13:35","guid":{"rendered":"https:\/\/www.taessje.com\/?post_type=product&#038;p=2322"},"modified":"2023-05-05T15:48:37","modified_gmt":"2023-05-05T14:48:37","slug":"kaffeebereiter-coffee-press-15l-gold","status":"publish","type":"product","link":"https:\/\/www.taessje.com\/index.php\/produkt\/kaffeebereiter-coffee-press-15l-gold\/","title":{"rendered":"Kaffeebereiter   Coffee Press 1000ml gold"},"content":{"rendered":"<h2 class=\"title\">Produktinformation<\/h2>\n<div class=\"aa_mod1\">\n<table class=\"mod_tab\" border=\"0\" width=\"100%\" cellspacing=\"0\" cellpadding=\"3\">\n<tbody>\n<tr class=\"mod_tr\">\n<th align=\"left\" nowrap=\"nowrap\"><\/th>\n<th align=\"left\"><\/th>\n<\/tr>\n<tr>\n<td class=\"td_mod\" width=\"80%\"><span class=\"x94\">&#8211; Material: Edelstahl<br \/>\n&#8211; Ma\u00dfe: (\u00f8xH) 10 x 29 cm<br \/>\n&#8211; Farbe: Gold<br \/>\n&#8211; Volumen: 1,5 L<br \/>\n&#8211; Pressfiltersystem<br \/>\n&#8211; Nicht mikrowellen- und sp\u00fclmaschinengeeignet <\/span><\/td>\n<\/tr>\n<\/tbody>\n<\/table>\n<\/div>\n<h2 class=\"title\">Produktbeschreibung<\/h2>\n<section id=\"aa_text\">\n<div class=\"ada_text\">\n<p>In den letzten Jahren haben Genie\u00dfer auf der ganzen Welt einen Klassiker neu f\u00fcr sich entdeckt: herrlichen, frisch aufgebr\u00fchten Kaffee. Und mit diesem Kaffeebereiter von Bloomingville sorgt man daf\u00fcr, dass er nicht nur perfekt gelingt, sondern auch das Zubereiten und Servieren eine wahre Freude ist.<\/p>\n<p>Dank des Pressfiltersystems ist die Bedienung denkbar einfach:<\/p>\n<p>&#8211; Die Kanne aus geschmacksneutralem Edelstahl fasst etwa 1,5 Liter. In diese Kanne wird das Kaffeepulver gegeben (je Tasse ca. 1 geh\u00e4ufter Essl\u00f6ffel Kaffee).<\/p>\n<p>&#8211; Anschlie\u00dfend wird der Kaffee mit hei\u00dfem (nicht kochendem) Wasser \u00fcbergossen.<\/p>\n<p>&#8211; Nun wird der der Deckel inkl. der Pressfiltereinheit auf die Kanne gesetzt. Der Filter wird noch nicht hinunter gedr\u00fcckt.<\/p>\n<p>Jetzt wird der Kaffee ziehen gelassen<\/p>\n<\/div>\n<div class=\"ada_text\">&#8211; Nun sollte der Griff der Kanne gut fest gehalten werden und der Ausguss von Ihnen weg gedreht werden. Mit leichtem Druck kann nun das Filtersystem hinuntergedr\u00fcckt werden.<\/div>\n<div><\/div>\n<div class=\"ada_text\">\n<p>Bei der dieser Kaffee-Zubereitung erzielen Sie das perfekte Geschmacksergebnis mit einem groben Mahlgrad.<\/p>\n<\/div>\n<\/section>\n","protected":false},"excerpt":{"rendered":"<p>Produktinformation &#8211; Material: Edelstahl &#8211; Ma\u00dfe: (\u00f8xH) 10 x 29 cm &#8211; Farbe: Gold &#8211; Volumen: 1,5 L &#8211; Pressfiltersystem &#8211; Nicht mikrowellen- und sp\u00fclmaschinengeeignet Produktbeschreibung In den letzten Jahren haben Genie\u00dfer auf der ganzen Welt einen Klassiker neu f\u00fcr sich entdeckt: herrlichen, frisch aufgebr\u00fchten Kaffee. Und mit diesem Kaffeebereiter von Bloomingville sorgt man daf\u00fcr, &hellip; <\/p>\n<p class=\"link-more\"><a href=\"https:\/\/www.taessje.com\/index.php\/produkt\/kaffeebereiter-coffee-press-15l-gold\/\" class=\"more-link\"><span class=\"screen-reader-text\">\u201eKaffeebereiter   Coffee Press 1000ml gold\u201c<\/span> weiterlesen<\/a><\/p>\n","protected":false},"featured_media":2326,"comment_status":"closed","ping_status":"closed","template":"","meta":{"jetpack_post_was_ever_published":false,"jetpack_publicize_message":"","jetpack_publicize_feature_enabled":true,"jetpack_social_post_already_shared":true,"jetpack_social_options":{"image_generator_settings":{"template":"highway","default_image_id":0,"enabled":false},"version":2}},"product_brand":[],"product_cat":[137,141,100],"product_tag":[],"class_list":{"0":"post-2322","1":"product","2":"type-product","3":"status-publish","4":"has-post-thumbnail","6":"product_cat-kaffee-zubehoer","7":"product_cat-kannen","8":"product_cat-zubehoer","10":"first","11":"instock","12":"taxable","13":"shipping-taxable","14":"purchasable","15":"product-type-simple"},"jetpack_publicize_connections":[],"jetpack_sharing_enabled":true,"jetpack-related-posts":[],"_links":{"self":[{"href":"https:\/\/www.taessje.com\/index.php\/wp-json\/wp\/v2\/product\/2322","targetHints":{"allow":["GET"]}}],"collection":[{"href":"https:\/\/www.taessje.com\/index.php\/wp-json\/wp\/v2\/product"}],"about":[{"href":"https:\/\/www.taessje.com\/index.php\/wp-json\/wp\/v2\/types\/product"}],"replies":[{"embeddable":true,"href":"https:\/\/www.taessje.com\/index.php\/wp-json\/wp\/v2\/comments?post=2322"}],"wp:featuredmedia":[{"embeddable":true,"href":"https:\/\/www.taessje.com\/index.php\/wp-json\/wp\/v2\/media\/2326"}],"wp:attachment":[{"href":"https:\/\/www.taessje.com\/index.php\/wp-json\/wp\/v2\/media?parent=2322"}],"wp:term":[{"taxonomy":"product_brand","embeddable":true,"href":"https:\/\/www.taessje.com\/index.php\/wp-json\/wp\/v2\/product_brand?post=2322"},{"taxonomy":"product_cat","embeddable":true,"href":"https:\/\/www.taessje.com\/index.php\/wp-json\/wp\/v2\/product_cat?post=2322"},{"taxonomy":"product_tag","embeddable":true,"href":"https:\/\/www.taessje.com\/index.php\/wp-json\/wp\/v2\/product_tag?post=2322"}],"curies":[{"name":"wp","href":"https:\/\/api.w.org\/{rel}","templated":true}]}}