{"id":2423,"date":"2020-08-12T11:21:58","date_gmt":"2020-08-12T10:21:58","guid":{"rendered":"https:\/\/www.taessje.com\/?post_type=product&#038;p=2423"},"modified":"2023-06-15T11:48:33","modified_gmt":"2023-06-15T10:48:33","slug":"instant-cappuccino-karamell","status":"publish","type":"product","link":"https:\/\/www.taessje.com\/index.php\/produkt\/instant-cappuccino-karamell\/","title":{"rendered":"Instant Cappuccino Karamell"},"content":{"rendered":"<p>Veganes Instant Kaffeegetr\u00e4nk Typ \u201eCappuccino\u201c in der Geschmacksrichtung Karamell. F\u00fcr jeden, der es gern unkompliziert &amp; lecker mag und einfach nur genie\u00dft.<\/p>\n<p>Probiert auch unsere anderen Sorten wie z.B. Haselnuss oder Toffee!<\/p>\n<p>Alles ist vegan, angefangen natu\u0308rlich bei den Inhaltsstoffen aber auch Etiketten, Farben und Kleber sind genauestens gepru\u0308ft. Fu\u0308r den Genie\u00dfer der es unkompliziert, vegan &amp; lecker mag. Hei\u00df oder kalt ein Genu\u00df!<\/p>\n<p>Inhalt reicht f\u00fcr bis zu 24 Getra\u0308nke a\u0301 150 ml oder bis zu 16 a\u0301 220!<\/p>\n","protected":false},"excerpt":{"rendered":"<p>Veganes Instant Kaffeegetr\u00e4nk Typ \u201eCappuccino\u201c in der Geschmacksrichtung Karamell. F\u00fcr jeden, der es gern unkompliziert &amp; lecker mag und einfach nur genie\u00dft. Probiert auch unsere anderen Sorten wie z.B. Haselnuss oder Toffee! Alles ist vegan, angefangen natu\u0308rlich bei den Inhaltsstoffen aber auch Etiketten, Farben und Kleber sind genauestens gepru\u0308ft. Fu\u0308r den Genie\u00dfer der es unkompliziert, &hellip; <\/p>\n<p class=\"link-more\"><a href=\"https:\/\/www.taessje.com\/index.php\/produkt\/instant-cappuccino-karamell\/\" class=\"more-link\"><span class=\"screen-reader-text\">\u201eInstant Cappuccino Karamell\u201c<\/span> weiterlesen<\/a><\/p>\n","protected":false},"featured_media":2759,"comment_status":"closed","ping_status":"closed","template":"","meta":{"jetpack_post_was_ever_published":false,"jetpack_publicize_message":"","jetpack_publicize_feature_enabled":true,"jetpack_social_post_already_shared":true,"jetpack_social_options":{"image_generator_settings":{"template":"highway","default_image_id":0,"enabled":false},"version":2}},"product_brand":[],"product_cat":[111,112,110,39],"product_tag":[],"class_list":{"0":"post-2423","1":"product","2":"type-product","3":"status-publish","4":"has-post-thumbnail","6":"product_cat-cappuccino","7":"product_cat-lokales","8":"product_cat-vegan","9":"product_cat-kaffee","11":"first","12":"instock","13":"taxable","14":"shipping-taxable","15":"purchasable","16":"product-type-simple"},"jetpack_publicize_connections":[],"jetpack_sharing_enabled":true,"jetpack-related-posts":[],"_links":{"self":[{"href":"https:\/\/www.taessje.com\/index.php\/wp-json\/wp\/v2\/product\/2423","targetHints":{"allow":["GET"]}}],"collection":[{"href":"https:\/\/www.taessje.com\/index.php\/wp-json\/wp\/v2\/product"}],"about":[{"href":"https:\/\/www.taessje.com\/index.php\/wp-json\/wp\/v2\/types\/product"}],"replies":[{"embeddable":true,"href":"https:\/\/www.taessje.com\/index.php\/wp-json\/wp\/v2\/comments?post=2423"}],"wp:featuredmedia":[{"embeddable":true,"href":"https:\/\/www.taessje.com\/index.php\/wp-json\/wp\/v2\/media\/2759"}],"wp:attachment":[{"href":"https:\/\/www.taessje.com\/index.php\/wp-json\/wp\/v2\/media?parent=2423"}],"wp:term":[{"taxonomy":"product_brand","embeddable":true,"href":"https:\/\/www.taessje.com\/index.php\/wp-json\/wp\/v2\/product_brand?post=2423"},{"taxonomy":"product_cat","embeddable":true,"href":"https:\/\/www.taessje.com\/index.php\/wp-json\/wp\/v2\/product_cat?post=2423"},{"taxonomy":"product_tag","embeddable":true,"href":"https:\/\/www.taessje.com\/index.php\/wp-json\/wp\/v2\/product_tag?post=2423"}],"curies":[{"name":"wp","href":"https:\/\/api.w.org\/{rel}","templated":true}]}}