{"id":2538,"date":"2020-08-25T19:22:44","date_gmt":"2020-08-25T18:22:44","guid":{"rendered":"https:\/\/www.taessje.com\/?post_type=product&#038;p=2538"},"modified":"2022-10-05T09:49:12","modified_gmt":"2022-10-05T08:49:12","slug":"vorratsdose-heiter-in-weiss-900-ml","status":"publish","type":"product","link":"https:\/\/www.taessje.com\/index.php\/produkt\/vorratsdose-heiter-in-weiss-900-ml\/","title":{"rendered":"Vorratsdose &#8222;Heiter&#8220; in wei\u00df, 900 ml"},"content":{"rendered":"<p>Mit den sch\u00f6nen Vorratsdosen erweitern wir das Sortiment K\u00fcchen Ausstattung.<\/p>\n<p>Sowohl als Dekodose, als auch zum Aufbewahren und Sammeln von sch\u00f6nen Kleinigkeiten macht Sie eine gute Figur.<br \/>\nMit dem edlen Korkdeckel kann die Dose lose verschlossen und gestapelt werden. In der Dose k\u00f6nnen Knabbereien, Bonbons und Pralinen, Tee, Kaffee oder Gew\u00fcrze aufbewahrt oder serviert werden. Ohne Deckel kann man die Dose als Beh\u00e4ltnis f\u00fcr Besteck, Servietten oder als Dekoschale nutzen.<\/p>\n<p>So h\u00fcbsch der Deckel aus Kork ist, das Naturprodukt darf nicht in die Sp\u00fclmaschine! Bitte, nur unter warmer Wasserzufuhr in Handw\u00e4sche reinigen. Derart gut gepflegt erfreut der Korkdeckel langem und zuverl\u00e4ssigem Einsatz. Die Porzellan Dosen sind wie gewohnt f\u00fcr Mikrowelle und Sp\u00fclmaschine geeignet.<\/p>\n<p>Fassungsverm\u00f6gen: ca. 900 ml<br \/>\nH\u00f6he ohne Deckel: ca. 10 cm, mit Deckel: ca. 12 cm<br \/>\nDurchmesser: 13,4 cm<br \/>\n100% Porzellan<br \/>\nMit dekorativem Korkdeckel<\/p>\n","protected":false},"excerpt":{"rendered":"<p>Mit den sch\u00f6nen Vorratsdosen erweitern wir das Sortiment K\u00fcchen Ausstattung. Sowohl als Dekodose, als auch zum Aufbewahren und Sammeln von sch\u00f6nen Kleinigkeiten macht Sie eine gute Figur. Mit dem edlen Korkdeckel kann die Dose lose verschlossen und gestapelt werden. In der Dose k\u00f6nnen Knabbereien, Bonbons und Pralinen, Tee, Kaffee oder Gew\u00fcrze aufbewahrt oder serviert werden. &hellip; <\/p>\n<p class=\"link-more\"><a href=\"https:\/\/www.taessje.com\/index.php\/produkt\/vorratsdose-heiter-in-weiss-900-ml\/\" class=\"more-link\"><span class=\"screen-reader-text\">\u201eVorratsdose &#8222;Heiter&#8220; in wei\u00df, 900 ml\u201c<\/span> weiterlesen<\/a><\/p>\n","protected":false},"featured_media":2539,"comment_status":"closed","ping_status":"closed","template":"","meta":{"jetpack_post_was_ever_published":false,"jetpack_publicize_message":"","jetpack_publicize_feature_enabled":true,"jetpack_social_post_already_shared":true,"jetpack_social_options":{"image_generator_settings":{"template":"highway","default_image_id":0,"enabled":false},"version":2}},"product_brand":[],"product_cat":[142,74],"product_tag":[],"class_list":{"0":"post-2538","1":"product","2":"type-product","3":"status-publish","4":"has-post-thumbnail","6":"product_cat-dosen","7":"product_cat-gesichter-porzellan","9":"first","10":"instock","11":"taxable","12":"shipping-taxable","13":"purchasable","14":"product-type-simple"},"jetpack_publicize_connections":[],"jetpack_sharing_enabled":true,"jetpack-related-posts":[],"_links":{"self":[{"href":"https:\/\/www.taessje.com\/index.php\/wp-json\/wp\/v2\/product\/2538","targetHints":{"allow":["GET"]}}],"collection":[{"href":"https:\/\/www.taessje.com\/index.php\/wp-json\/wp\/v2\/product"}],"about":[{"href":"https:\/\/www.taessje.com\/index.php\/wp-json\/wp\/v2\/types\/product"}],"replies":[{"embeddable":true,"href":"https:\/\/www.taessje.com\/index.php\/wp-json\/wp\/v2\/comments?post=2538"}],"wp:featuredmedia":[{"embeddable":true,"href":"https:\/\/www.taessje.com\/index.php\/wp-json\/wp\/v2\/media\/2539"}],"wp:attachment":[{"href":"https:\/\/www.taessje.com\/index.php\/wp-json\/wp\/v2\/media?parent=2538"}],"wp:term":[{"taxonomy":"product_brand","embeddable":true,"href":"https:\/\/www.taessje.com\/index.php\/wp-json\/wp\/v2\/product_brand?post=2538"},{"taxonomy":"product_cat","embeddable":true,"href":"https:\/\/www.taessje.com\/index.php\/wp-json\/wp\/v2\/product_cat?post=2538"},{"taxonomy":"product_tag","embeddable":true,"href":"https:\/\/www.taessje.com\/index.php\/wp-json\/wp\/v2\/product_tag?post=2538"}],"curies":[{"name":"wp","href":"https:\/\/api.w.org\/{rel}","templated":true}]}}