{"id":2549,"date":"2020-08-25T19:36:18","date_gmt":"2020-08-25T18:36:18","guid":{"rendered":"https:\/\/www.taessje.com\/?post_type=product&#038;p=2549"},"modified":"2020-09-17T15:39:02","modified_gmt":"2020-09-17T14:39:02","slug":"becher-grummelig-verschmitzt","status":"publish","type":"product","link":"https:\/\/www.taessje.com\/index.php\/produkt\/becher-grummelig-verschmitzt\/","title":{"rendered":"Becher &#8222;Grummelig &#038; Verschmitzt&#8220;"},"content":{"rendered":"<div class=\"BasicText Widget content\">\n<div class=\"BasicText Widget subtitle\">\n<p>Unser Becher Set &#8222;Grummelig &amp; Verschmitzt&#8220;\u00a0ohne Henkel in wei\u00df, 350 ml.<\/p>\n<div><\/div>\n<\/div>\n<div class=\"BasicText Widget content\">\n<p>Hier werden unsere Henkelbecher\u00a0zu Bechern und bieten\u00a0neben dem Genuss von Kaffee, Tee und Kakao noch weitere Einsatzm\u00f6glichkeiten, wie z.B. als schicker Stifthalter auf dem B\u00fcrotisch.<\/p>\n<p>Fassungsverm\u00f6gen: ca. 350 ml<\/p>\n<p>H\u00f6he: ca. 11,4 cm<\/p>\n<p>Durchmesser Trinkrand: ca. 9,3 cm<\/p>\n<p>Sp\u00fclmaschinenfest und mikrowellengeeignet<\/p>\n<p>Hartporzellan in bruchsicherer Hotelqualit\u00e4t<\/p>\n<p>Geschliffener Fu\u00df, glasierter Mundrand<\/p>\n<p>100% Made in Germany<\/p>\n<\/div>\n<\/div>\n","protected":false},"excerpt":{"rendered":"<p>Unser Becher Set &#8222;Grummelig &amp; Verschmitzt&#8220;\u00a0ohne Henkel in wei\u00df, 350 ml. Hier werden unsere Henkelbecher\u00a0zu Bechern und bieten\u00a0neben dem Genuss von Kaffee, Tee und Kakao noch weitere Einsatzm\u00f6glichkeiten, wie z.B. als schicker Stifthalter auf dem B\u00fcrotisch. Fassungsverm\u00f6gen: ca. 350 ml H\u00f6he: ca. 11,4 cm Durchmesser Trinkrand: ca. 9,3 cm Sp\u00fclmaschinenfest und mikrowellengeeignet Hartporzellan in bruchsicherer &hellip; <\/p>\n<p class=\"link-more\"><a href=\"https:\/\/www.taessje.com\/index.php\/produkt\/becher-grummelig-verschmitzt\/\" class=\"more-link\"><span class=\"screen-reader-text\">\u201eBecher &#8222;Grummelig &#038; Verschmitzt&#8220;\u201c<\/span> weiterlesen<\/a><\/p>\n","protected":false},"featured_media":2550,"comment_status":"closed","ping_status":"closed","template":"","meta":{"jetpack_post_was_ever_published":false,"jetpack_publicize_message":"","jetpack_publicize_feature_enabled":true,"jetpack_social_post_already_shared":true,"jetpack_social_options":{"image_generator_settings":{"template":"highway","default_image_id":0,"enabled":false},"version":2}},"product_brand":[],"product_cat":[74,72],"product_tag":[],"class_list":{"0":"post-2549","1":"product","2":"type-product","3":"status-publish","4":"has-post-thumbnail","6":"product_cat-gesichter-porzellan","7":"product_cat-tassen","9":"first","10":"instock","11":"taxable","12":"shipping-taxable","13":"purchasable","14":"product-type-simple"},"jetpack_publicize_connections":[],"jetpack_sharing_enabled":true,"jetpack-related-posts":[],"_links":{"self":[{"href":"https:\/\/www.taessje.com\/index.php\/wp-json\/wp\/v2\/product\/2549","targetHints":{"allow":["GET"]}}],"collection":[{"href":"https:\/\/www.taessje.com\/index.php\/wp-json\/wp\/v2\/product"}],"about":[{"href":"https:\/\/www.taessje.com\/index.php\/wp-json\/wp\/v2\/types\/product"}],"replies":[{"embeddable":true,"href":"https:\/\/www.taessje.com\/index.php\/wp-json\/wp\/v2\/comments?post=2549"}],"wp:featuredmedia":[{"embeddable":true,"href":"https:\/\/www.taessje.com\/index.php\/wp-json\/wp\/v2\/media\/2550"}],"wp:attachment":[{"href":"https:\/\/www.taessje.com\/index.php\/wp-json\/wp\/v2\/media?parent=2549"}],"wp:term":[{"taxonomy":"product_brand","embeddable":true,"href":"https:\/\/www.taessje.com\/index.php\/wp-json\/wp\/v2\/product_brand?post=2549"},{"taxonomy":"product_cat","embeddable":true,"href":"https:\/\/www.taessje.com\/index.php\/wp-json\/wp\/v2\/product_cat?post=2549"},{"taxonomy":"product_tag","embeddable":true,"href":"https:\/\/www.taessje.com\/index.php\/wp-json\/wp\/v2\/product_tag?post=2549"}],"curies":[{"name":"wp","href":"https:\/\/api.w.org\/{rel}","templated":true}]}}