{"id":2712,"date":"2020-09-17T15:25:02","date_gmt":"2020-09-17T14:25:02","guid":{"rendered":"https:\/\/www.taessje.com\/?post_type=product&#038;p=2712"},"modified":"2020-09-17T15:53:49","modified_gmt":"2020-09-17T14:53:49","slug":"henkelbecher-grummelig","status":"publish","type":"product","link":"https:\/\/www.taessje.com\/index.php\/produkt\/henkelbecher-grummelig\/","title":{"rendered":"Henkelbecher &#8222;Grummelig&#8220;"},"content":{"rendered":"<div class=\"BasicText Widget content\">\n<div class=\"BasicText Widget subtitle\">\n<div class=\"BasicText Widget  subtitle\">Unser Henkelbecher &#8222;Grummelig&#8220; in wei\u00df.<\/div>\n<div class=\"BasicText Widget  content\">\n<p>Ideal geeignet f\u00fcr Milchkaffee, gro\u00dfe Tasse Kaffee, Tee oder Kakao und vieles mehr.<\/p>\n<p>Fassungsverm\u00f6gen: ca. 350 ml<\/p>\n<p>H\u00f6he: ca. 11,4 cm<\/p>\n<p>Durchmesser Trinkrand: ca. 10,4 cm<\/p>\n<p>Sp\u00fclmaschinenfest und mikrowellengeeignet<\/p>\n<p>Hartporzellan in bruchsicherer Hotelqualit\u00e4t<\/p>\n<p>Geschliffener Fu\u00df, glasierter Mundrand<\/p>\n<p>100% Made in Germany<\/p>\n<\/div>\n<\/div>\n<\/div>\n","protected":false},"excerpt":{"rendered":"<p>Unser Henkelbecher &#8222;Grummelig&#8220; in wei\u00df. Ideal geeignet f\u00fcr Milchkaffee, gro\u00dfe Tasse Kaffee, Tee oder Kakao und vieles mehr. Fassungsverm\u00f6gen: ca. 350 ml H\u00f6he: ca. 11,4 cm Durchmesser Trinkrand: ca. 10,4 cm Sp\u00fclmaschinenfest und mikrowellengeeignet Hartporzellan in bruchsicherer Hotelqualit\u00e4t Geschliffener Fu\u00df, glasierter Mundrand 100% Made in Germany<\/p>\n","protected":false},"featured_media":2713,"comment_status":"closed","ping_status":"closed","template":"","meta":{"jetpack_post_was_ever_published":false,"jetpack_publicize_message":"","jetpack_publicize_feature_enabled":true,"jetpack_social_post_already_shared":true,"jetpack_social_options":{"image_generator_settings":{"template":"highway","default_image_id":0,"enabled":false},"version":2}},"product_brand":[],"product_cat":[74,72],"product_tag":[],"class_list":{"0":"post-2712","1":"product","2":"type-product","3":"status-publish","4":"has-post-thumbnail","6":"product_cat-gesichter-porzellan","7":"product_cat-tassen","9":"first","10":"instock","11":"taxable","12":"shipping-taxable","13":"purchasable","14":"product-type-simple"},"jetpack_publicize_connections":[],"jetpack_sharing_enabled":true,"jetpack-related-posts":[],"_links":{"self":[{"href":"https:\/\/www.taessje.com\/index.php\/wp-json\/wp\/v2\/product\/2712","targetHints":{"allow":["GET"]}}],"collection":[{"href":"https:\/\/www.taessje.com\/index.php\/wp-json\/wp\/v2\/product"}],"about":[{"href":"https:\/\/www.taessje.com\/index.php\/wp-json\/wp\/v2\/types\/product"}],"replies":[{"embeddable":true,"href":"https:\/\/www.taessje.com\/index.php\/wp-json\/wp\/v2\/comments?post=2712"}],"wp:featuredmedia":[{"embeddable":true,"href":"https:\/\/www.taessje.com\/index.php\/wp-json\/wp\/v2\/media\/2713"}],"wp:attachment":[{"href":"https:\/\/www.taessje.com\/index.php\/wp-json\/wp\/v2\/media?parent=2712"}],"wp:term":[{"taxonomy":"product_brand","embeddable":true,"href":"https:\/\/www.taessje.com\/index.php\/wp-json\/wp\/v2\/product_brand?post=2712"},{"taxonomy":"product_cat","embeddable":true,"href":"https:\/\/www.taessje.com\/index.php\/wp-json\/wp\/v2\/product_cat?post=2712"},{"taxonomy":"product_tag","embeddable":true,"href":"https:\/\/www.taessje.com\/index.php\/wp-json\/wp\/v2\/product_tag?post=2712"}],"curies":[{"name":"wp","href":"https:\/\/api.w.org\/{rel}","templated":true}]}}