{"id":2731,"date":"2020-09-17T15:43:52","date_gmt":"2020-09-17T14:43:52","guid":{"rendered":"https:\/\/www.taessje.com\/?post_type=product&#038;p=2731"},"modified":"2025-05-12T09:06:52","modified_gmt":"2025-05-12T08:06:52","slug":"schale-zuversichtlich-500ml-weiss","status":"publish","type":"product","link":"https:\/\/www.taessje.com\/index.php\/produkt\/schale-zuversichtlich-500ml-weiss\/","title":{"rendered":"Schale &#8222;Zuversichtlich&#8220; 500ml wei\u00df"},"content":{"rendered":"<div class=\"BasicText Widget  subtitle\">Unsere 500 ml Schale &#8222;Zuversichtlich&#8220; in wei\u00df.<\/div>\n<div><\/div>\n<div class=\"BasicText Widget  content\">\n<p><b>\u00dcbrigens: Fu\u0308r jede verkaufte Schale \u201eZuversichtlich\u201c spenden wir 1 Euro an eine hilfreiche und wirkungsvolle Sache.\u00a0<\/b><\/p>\n<p>Mit der Corona-Krise wurde die Maske zu einem Symbol f\u00fcr die grundlegenden Ver\u00e4nderungen, die sich daraus ergeben haben. Das hat uns bewogen dieser ungew\u00f6hnlichen Zeit auch ein entsprechendes Produkt, einen Zeitzeugen aus Porzellan, zu widmen. Das Design unserer 500ml Schale haben wir ZUVERSICHTLICH genannt \u2013 denn genau so wollen wir diesen Herausforderungen auch begegnen.<\/p>\n<p>Und dabei bleibt es eine Schale f\u00fcr M\u00fcsli, Suppen, Pasta, Salate und alles was Du gerne magst!<\/p>\n<p>Fassungsverm\u00f6gen: ca. 500 ml<\/p>\n<p>H\u00f6he: 9,8 cm<br \/>\nDurchmesser: 16,6 cm<\/p>\n<p>Sp\u00fclmaschinenfest und mikrowellengeeignet<\/p>\n<p>Hartporzellan in bruchsicherer Hotelqualit\u00e4t<\/p>\n<p>Geschliffener Fu\u00df, glasierter Mundrand<\/p>\n<p>100% Made in Germany<\/p>\n<p>Wird in einer sch\u00f6nen Geschenkbox geliefert.<\/p>\n<\/div>\n","protected":false},"excerpt":{"rendered":"<p>Unsere 500 ml Schale &#8222;Zuversichtlich&#8220; in wei\u00df. \u00dcbrigens: Fu\u0308r jede verkaufte Schale \u201eZuversichtlich\u201c spenden wir 1 Euro an eine hilfreiche und wirkungsvolle Sache.\u00a0 Mit der Corona-Krise wurde die Maske zu einem Symbol f\u00fcr die grundlegenden Ver\u00e4nderungen, die sich daraus ergeben haben. Das hat uns bewogen dieser ungew\u00f6hnlichen Zeit auch ein entsprechendes Produkt, einen Zeitzeugen aus &hellip; <\/p>\n<p class=\"link-more\"><a href=\"https:\/\/www.taessje.com\/index.php\/produkt\/schale-zuversichtlich-500ml-weiss\/\" class=\"more-link\"><span class=\"screen-reader-text\">\u201eSchale &#8222;Zuversichtlich&#8220; 500ml wei\u00df\u201c<\/span> weiterlesen<\/a><\/p>\n","protected":false},"featured_media":2732,"comment_status":"closed","ping_status":"closed","template":"","meta":{"jetpack_post_was_ever_published":false,"jetpack_publicize_message":"","jetpack_publicize_feature_enabled":true,"jetpack_social_post_already_shared":true,"jetpack_social_options":{"image_generator_settings":{"template":"highway","default_image_id":0,"enabled":false},"version":2}},"product_brand":[],"product_cat":[74],"product_tag":[],"class_list":{"0":"post-2731","1":"product","2":"type-product","3":"status-publish","4":"has-post-thumbnail","6":"product_cat-gesichter-porzellan","8":"first","9":"instock","10":"taxable","11":"shipping-taxable","12":"purchasable","13":"product-type-simple"},"jetpack_publicize_connections":[],"jetpack_sharing_enabled":true,"jetpack-related-posts":[],"_links":{"self":[{"href":"https:\/\/www.taessje.com\/index.php\/wp-json\/wp\/v2\/product\/2731","targetHints":{"allow":["GET"]}}],"collection":[{"href":"https:\/\/www.taessje.com\/index.php\/wp-json\/wp\/v2\/product"}],"about":[{"href":"https:\/\/www.taessje.com\/index.php\/wp-json\/wp\/v2\/types\/product"}],"replies":[{"embeddable":true,"href":"https:\/\/www.taessje.com\/index.php\/wp-json\/wp\/v2\/comments?post=2731"}],"wp:featuredmedia":[{"embeddable":true,"href":"https:\/\/www.taessje.com\/index.php\/wp-json\/wp\/v2\/media\/2732"}],"wp:attachment":[{"href":"https:\/\/www.taessje.com\/index.php\/wp-json\/wp\/v2\/media?parent=2731"}],"wp:term":[{"taxonomy":"product_brand","embeddable":true,"href":"https:\/\/www.taessje.com\/index.php\/wp-json\/wp\/v2\/product_brand?post=2731"},{"taxonomy":"product_cat","embeddable":true,"href":"https:\/\/www.taessje.com\/index.php\/wp-json\/wp\/v2\/product_cat?post=2731"},{"taxonomy":"product_tag","embeddable":true,"href":"https:\/\/www.taessje.com\/index.php\/wp-json\/wp\/v2\/product_tag?post=2731"}],"curies":[{"name":"wp","href":"https:\/\/api.w.org\/{rel}","templated":true}]}}