{"id":293,"date":"2019-12-28T11:44:17","date_gmt":"2019-12-28T10:44:17","guid":{"rendered":"https:\/\/www.taessje.com\/?post_type=product&#038;p=293"},"modified":"2023-06-16T03:11:19","modified_gmt":"2023-06-16T02:11:19","slug":"guatemala","status":"publish","type":"product","link":"https:\/\/www.taessje.com\/index.php\/produkt\/guatemala\/","title":{"rendered":"Guatemala"},"content":{"rendered":"<div class=\"std\">\n<p>Attribute: \u00a0 \u00a0 \u00a0 \u00a0 \u00a0100% Single Origin Arabica, SHB, schattengewachsen, vulkanischer Boden, aus der Region Anituga<\/p>\n<p>Anbauh\u00f6he: \u00a0 \u00a0 1500 &#8211; 1600m<\/p>\n<p>Aufbereitung: \u00a0 handgepfl\u00fcckt gewaschen, sonnengetrocknet<\/p>\n<p>Aroma: \u00a0 \u00a0 \u00a0 \u00a0 \u00a0 \u00a0 Vollmilchschokolade, Kirschnoten, feine W\u00fcrze<\/p>\n<p>K\u00f6rper: \u00a0 \u00a0 \u00a0 \u00a0 \u00a0 \u00a0 s\u00fc\u00df, milchig, cremig, weich, w\u00fcrzig<\/p>\n<p>S\u00e4ure: \u00a0 \u00a0 \u00a0 \u00a0 \u00a0 \u00a0 \u00a0dezente Zitrusnote, komplex und fruchtig<\/p>\n<\/div>\n","protected":false},"excerpt":{"rendered":"<p>Attribute: \u00a0 \u00a0 \u00a0 \u00a0 \u00a0100% Single Origin Arabica, SHB, schattengewachsen, vulkanischer Boden, aus der Region Anituga Anbauh\u00f6he: \u00a0 \u00a0 1500 &#8211; 1600m Aufbereitung: \u00a0 handgepfl\u00fcckt gewaschen, sonnengetrocknet Aroma: \u00a0 \u00a0 \u00a0 \u00a0 \u00a0 \u00a0 Vollmilchschokolade, Kirschnoten, feine W\u00fcrze K\u00f6rper: \u00a0 \u00a0 \u00a0 \u00a0 \u00a0 \u00a0 s\u00fc\u00df, milchig, cremig, weich, w\u00fcrzig S\u00e4ure: \u00a0 \u00a0 \u00a0 &hellip; <\/p>\n<p class=\"link-more\"><a href=\"https:\/\/www.taessje.com\/index.php\/produkt\/guatemala\/\" class=\"more-link\"><span class=\"screen-reader-text\">\u201eGuatemala\u201c<\/span> weiterlesen<\/a><\/p>\n","protected":false},"featured_media":2997,"comment_status":"closed","ping_status":"closed","template":"","meta":{"jetpack_post_was_ever_published":false,"jetpack_publicize_message":"","jetpack_publicize_feature_enabled":true,"jetpack_social_post_already_shared":true,"jetpack_social_options":{"image_generator_settings":{"template":"highway","default_image_id":0,"enabled":false},"version":2}},"product_brand":[],"product_cat":[39],"product_tag":[],"class_list":{"0":"post-293","1":"product","2":"type-product","3":"status-publish","4":"has-post-thumbnail","6":"product_cat-kaffee","8":"first","9":"instock","10":"taxable","11":"shipping-taxable","12":"purchasable","13":"product-type-variable"},"jetpack_publicize_connections":[],"jetpack_sharing_enabled":true,"jetpack-related-posts":[],"_links":{"self":[{"href":"https:\/\/www.taessje.com\/index.php\/wp-json\/wp\/v2\/product\/293","targetHints":{"allow":["GET"]}}],"collection":[{"href":"https:\/\/www.taessje.com\/index.php\/wp-json\/wp\/v2\/product"}],"about":[{"href":"https:\/\/www.taessje.com\/index.php\/wp-json\/wp\/v2\/types\/product"}],"replies":[{"embeddable":true,"href":"https:\/\/www.taessje.com\/index.php\/wp-json\/wp\/v2\/comments?post=293"}],"wp:featuredmedia":[{"embeddable":true,"href":"https:\/\/www.taessje.com\/index.php\/wp-json\/wp\/v2\/media\/2997"}],"wp:attachment":[{"href":"https:\/\/www.taessje.com\/index.php\/wp-json\/wp\/v2\/media?parent=293"}],"wp:term":[{"taxonomy":"product_brand","embeddable":true,"href":"https:\/\/www.taessje.com\/index.php\/wp-json\/wp\/v2\/product_brand?post=293"},{"taxonomy":"product_cat","embeddable":true,"href":"https:\/\/www.taessje.com\/index.php\/wp-json\/wp\/v2\/product_cat?post=293"},{"taxonomy":"product_tag","embeddable":true,"href":"https:\/\/www.taessje.com\/index.php\/wp-json\/wp\/v2\/product_tag?post=293"}],"curies":[{"name":"wp","href":"https:\/\/api.w.org\/{rel}","templated":true}]}}