{"id":3067,"date":"2020-11-05T10:18:46","date_gmt":"2020-11-05T09:18:46","guid":{"rendered":"https:\/\/www.taessje.com\/?post_type=product&#038;p=3067"},"modified":"2025-12-09T18:00:41","modified_gmt":"2025-12-09T17:00:41","slug":"tartufi-dolci-allo-zenzero-e-cannella-ingwer-und-zimt","status":"publish","type":"product","link":"https:\/\/www.taessje.com\/index.php\/produkt\/tartufi-dolci-allo-zenzero-e-cannella-ingwer-und-zimt\/","title":{"rendered":"Tartufo dolce allo zenzero e cannella"},"content":{"rendered":"<h2>Tartufo dolce allo zenzero e cannella &#8211; Mit Ingwer und Zimt<\/h2>\n<ul>\n<li>dunkle Schokolade mit kandiertem Ingwer und Zimt<\/li>\n<li>mit feinsten Haseln\u00fcssen aus dem Piemont IGP<\/li>\n<li>weich im Schmelz mit dem Crunch der Haseln\u00fcsse<\/li>\n<li><strong>glutenfrei<\/strong><\/li>\n<\/ul>\n<h3>Tartufo mit kandiertem Ingwer und gemahlenem Zimt<\/h3>\n<p>Diese Tartufo-Kreation der Antica Torroneria Piemontese ist eine k\u00f6stliche \u00dcberraschung f\u00fcr Liebhaber des Ingwers. Die Tartufi vereinen feinste dunkle Schokolade mit kandierten Ingwerst\u00fcckchen. Ein verf\u00fchrerisches Zimtaroma rundet das au\u00dfergew\u00f6hnliche Tartufo geschmacklich ab.<\/p>\n<h3>La Tonda Gentile delle Langhe-Haseln\u00fcsse<\/h3>\n<p>Bei der Antica Torroneria werden ausschlie\u00dflich hochwertige piemonteser Haseln\u00fcsse der leicht s\u00fcsslichen Sorte &#8222;La Tonda Gentile delle Langhe&#8220; verwendet. Das macht geschmacklich deutlich bemerkbar: Die m\u00fcrbe Konsistenz der Tartufi verwandelt sich im Mund zu einem zarten Schmelz. Die knusprigen Haseln\u00fcsse erzeugen dabei den herrlichen &#8222;Crunch&#8220; dieser typischen Schokoladentr\u00fcffel-Spezialit\u00e4t<\/p>\n<h3>Ingwer und Zimt<\/h3>\n<p>Den Gew\u00fcrzen Ingwer und Zimt sagt man eine gesundheitsf\u00f6rdernde Wirkung nach. Die Ingwerwurzel enth\u00e4lt \u00e4therische \u00d6le, Bitterstoffe und Gingerol. Der sekund\u00e4re Pflanzenstoff Gingerol macht den Ingwer scharf und aromatisch. Zimt wirkt antioxidativ, entz\u00fcndungshemmend, regulierend auf den Blutzuckerspiegel und f\u00f6rdert dadurch die Fettverbrennung. Wie gut, wenn man beim Genuss der Tartufi dolci allo zenzero e cannella das Gef\u00fchl aufkommen lassen kann, sich gesund zu ern\u00e4hren.<\/p>\n","protected":false},"excerpt":{"rendered":"<p>Tartufo dolce allo zenzero e cannella &#8211; Mit Ingwer und Zimt dunkle Schokolade mit kandiertem Ingwer und Zimt mit feinsten Haseln\u00fcssen aus dem Piemont IGP weich im Schmelz mit dem Crunch der Haseln\u00fcsse glutenfrei Tartufo mit kandiertem Ingwer und gemahlenem Zimt Diese Tartufo-Kreation der Antica Torroneria Piemontese ist eine k\u00f6stliche \u00dcberraschung f\u00fcr Liebhaber des Ingwers. &hellip; <\/p>\n<p class=\"link-more\"><a href=\"https:\/\/www.taessje.com\/index.php\/produkt\/tartufi-dolci-allo-zenzero-e-cannella-ingwer-und-zimt\/\" class=\"more-link\"><span class=\"screen-reader-text\">\u201eTartufo dolce allo zenzero e cannella\u201c<\/span> weiterlesen<\/a><\/p>\n","protected":false},"featured_media":3068,"comment_status":"closed","ping_status":"closed","template":"","meta":{"jetpack_post_was_ever_published":false,"jetpack_publicize_message":"","jetpack_publicize_feature_enabled":true,"jetpack_social_post_already_shared":true,"jetpack_social_options":{"image_generator_settings":{"template":"highway","default_image_id":0,"enabled":false},"version":2}},"product_brand":[],"product_cat":[104,167,110],"product_tag":[],"class_list":{"0":"post-3067","1":"product","2":"type-product","3":"status-publish","4":"has-post-thumbnail","6":"product_cat-leckereien","7":"product_cat-schokoladentrueffel-tartufino","8":"product_cat-vegan","10":"first","11":"instock","12":"purchasable","13":"product-type-simple"},"jetpack_publicize_connections":[],"jetpack_sharing_enabled":true,"jetpack-related-posts":[],"_links":{"self":[{"href":"https:\/\/www.taessje.com\/index.php\/wp-json\/wp\/v2\/product\/3067","targetHints":{"allow":["GET"]}}],"collection":[{"href":"https:\/\/www.taessje.com\/index.php\/wp-json\/wp\/v2\/product"}],"about":[{"href":"https:\/\/www.taessje.com\/index.php\/wp-json\/wp\/v2\/types\/product"}],"replies":[{"embeddable":true,"href":"https:\/\/www.taessje.com\/index.php\/wp-json\/wp\/v2\/comments?post=3067"}],"wp:featuredmedia":[{"embeddable":true,"href":"https:\/\/www.taessje.com\/index.php\/wp-json\/wp\/v2\/media\/3068"}],"wp:attachment":[{"href":"https:\/\/www.taessje.com\/index.php\/wp-json\/wp\/v2\/media?parent=3067"}],"wp:term":[{"taxonomy":"product_brand","embeddable":true,"href":"https:\/\/www.taessje.com\/index.php\/wp-json\/wp\/v2\/product_brand?post=3067"},{"taxonomy":"product_cat","embeddable":true,"href":"https:\/\/www.taessje.com\/index.php\/wp-json\/wp\/v2\/product_cat?post=3067"},{"taxonomy":"product_tag","embeddable":true,"href":"https:\/\/www.taessje.com\/index.php\/wp-json\/wp\/v2\/product_tag?post=3067"}],"curies":[{"name":"wp","href":"https:\/\/api.w.org\/{rel}","templated":true}]}}