{"id":3148,"date":"2020-11-06T08:38:06","date_gmt":"2020-11-06T07:38:06","guid":{"rendered":"https:\/\/www.taessje.com\/?post_type=product&#038;p=3148"},"modified":"2022-10-05T10:12:43","modified_gmt":"2022-10-05T09:12:43","slug":"eierbecher-muetze-grau-magenta","status":"publish","type":"product","link":"https:\/\/www.taessje.com\/index.php\/produkt\/eierbecher-muetze-grau-magenta\/","title":{"rendered":"Eierbecher M\u00fctze grau\/magenta"},"content":{"rendered":"<div class=\"BasicText Widget content\">\n<div class=\"BasicText Widget content\">\n<div class=\"BasicText Widget content\">\n<div class=\"BasicText Widget content\">\n<p><b>Da\u00df sich auch Eier nach dem Kochen an der normalen Luft erk\u00e4lten k\u00f6nnen war ja schon l\u00e4nger bekannt!<\/b><\/p>\n<p>Deshalb und zum Eier warm halten gibt es jetzt unsere dazugeh\u00f6rigen Eierm\u00fctzchen.<\/p>\n<p>Die M\u00fctzchen sind in verschiedenen Farben erh\u00e4ltlich<\/p>\n<p>Eierbecher Wollm\u00fctze,\u00a0aus\u00a0<a class=\"aloha-link-text\" href=\"http:\/\/www.myboshi.net\/\" target=\"_blank\" rel=\"noopener noreferrer\">&#8222;myboshi&#8220;<\/a>\u00a0Wolle.<\/p>\n<p>Handgeh\u00e4kelt in Deutschland<\/p>\n<\/div>\n<\/div>\n<\/div>\n<\/div>\n","protected":false},"excerpt":{"rendered":"<p>Da\u00df sich auch Eier nach dem Kochen an der normalen Luft erk\u00e4lten k\u00f6nnen war ja schon l\u00e4nger bekannt! Deshalb und zum Eier warm halten gibt es jetzt unsere dazugeh\u00f6rigen Eierm\u00fctzchen. Die M\u00fctzchen sind in verschiedenen Farben erh\u00e4ltlich Eierbecher Wollm\u00fctze,\u00a0aus\u00a0&#8222;myboshi&#8220;\u00a0Wolle. Handgeh\u00e4kelt in Deutschland<\/p>\n","protected":false},"featured_media":3149,"comment_status":"closed","ping_status":"closed","template":"","meta":{"jetpack_post_was_ever_published":false,"jetpack_publicize_message":"","jetpack_publicize_feature_enabled":true,"jetpack_social_post_already_shared":true,"jetpack_social_options":{"image_generator_settings":{"template":"highway","default_image_id":0,"enabled":false},"version":2}},"product_brand":[],"product_cat":[74],"product_tag":[],"class_list":{"0":"post-3148","1":"product","2":"type-product","3":"status-publish","4":"has-post-thumbnail","6":"product_cat-gesichter-porzellan","8":"first","9":"instock","10":"taxable","11":"shipping-taxable","12":"purchasable","13":"product-type-simple"},"jetpack_publicize_connections":[],"jetpack_sharing_enabled":true,"jetpack-related-posts":[],"_links":{"self":[{"href":"https:\/\/www.taessje.com\/index.php\/wp-json\/wp\/v2\/product\/3148","targetHints":{"allow":["GET"]}}],"collection":[{"href":"https:\/\/www.taessje.com\/index.php\/wp-json\/wp\/v2\/product"}],"about":[{"href":"https:\/\/www.taessje.com\/index.php\/wp-json\/wp\/v2\/types\/product"}],"replies":[{"embeddable":true,"href":"https:\/\/www.taessje.com\/index.php\/wp-json\/wp\/v2\/comments?post=3148"}],"wp:featuredmedia":[{"embeddable":true,"href":"https:\/\/www.taessje.com\/index.php\/wp-json\/wp\/v2\/media\/3149"}],"wp:attachment":[{"href":"https:\/\/www.taessje.com\/index.php\/wp-json\/wp\/v2\/media?parent=3148"}],"wp:term":[{"taxonomy":"product_brand","embeddable":true,"href":"https:\/\/www.taessje.com\/index.php\/wp-json\/wp\/v2\/product_brand?post=3148"},{"taxonomy":"product_cat","embeddable":true,"href":"https:\/\/www.taessje.com\/index.php\/wp-json\/wp\/v2\/product_cat?post=3148"},{"taxonomy":"product_tag","embeddable":true,"href":"https:\/\/www.taessje.com\/index.php\/wp-json\/wp\/v2\/product_tag?post=3148"}],"curies":[{"name":"wp","href":"https:\/\/api.w.org\/{rel}","templated":true}]}}