{"id":3156,"date":"2020-11-06T08:46:12","date_gmt":"2020-11-06T07:46:12","guid":{"rendered":"https:\/\/www.taessje.com\/?post_type=product&#038;p=3156"},"modified":"2022-10-05T09:43:50","modified_gmt":"2022-10-05T08:43:50","slug":"tellerchen-mit-biss-15cm-2er-set","status":"publish","type":"product","link":"https:\/\/www.taessje.com\/index.php\/produkt\/tellerchen-mit-biss-15cm-2er-set\/","title":{"rendered":"Tellerchen mit Biss (15cm) 2er Set"},"content":{"rendered":"<div class=\"BasicText Widget content\">\n<div class=\"BasicText Widget  subtitle\">Tellerchen mit Biss im 2er Set mit 15 cm Durchmesser<\/div>\n<div class=\"BasicText Widget  content\">\n<p>Unser Tellerchen mit Biss rundet ab sofort den gedeckten Tisch mit seinen 15cm ab.<\/p>\n<p>Geeignet als Beistell-Tellerchen f\u00fcr Butter und Brot f\u00fcr den festlichen Look. Genauso setzt es aber auch Asiatische Beilagen perfekt in Szene. Und wer bisher einen Unterteller f\u00fcr unsere Henkelbecher gesucht hat und Kaffeeflecken vermeiden m\u00f6chte, hat ab sofort den perfekten Weggef\u00e4hrten zu unseren 350 ml Bechern.<\/p>\n<p>2er Set<br \/>\nDurchmesser: 15 cm<\/p>\n<p>H\u00f6he: 1,7 cm<\/p>\n<p>Sp\u00fclmaschinenfest und mikrowellengeeignet<br \/>\nHartporzellan in bruchsicherer Hotelqualit\u00e4t<br \/>\nGeschliffener Fu\u00df<br \/>\n100% Made in Germany<\/p>\n<\/div>\n<\/div>\n","protected":false},"excerpt":{"rendered":"<p>Tellerchen mit Biss im 2er Set mit 15 cm Durchmesser Unser Tellerchen mit Biss rundet ab sofort den gedeckten Tisch mit seinen 15cm ab. Geeignet als Beistell-Tellerchen f\u00fcr Butter und Brot f\u00fcr den festlichen Look. Genauso setzt es aber auch Asiatische Beilagen perfekt in Szene. Und wer bisher einen Unterteller f\u00fcr unsere Henkelbecher gesucht hat &hellip; <\/p>\n<p class=\"link-more\"><a href=\"https:\/\/www.taessje.com\/index.php\/produkt\/tellerchen-mit-biss-15cm-2er-set\/\" class=\"more-link\"><span class=\"screen-reader-text\">\u201eTellerchen mit Biss (15cm) 2er Set\u201c<\/span> weiterlesen<\/a><\/p>\n","protected":false},"featured_media":3157,"comment_status":"closed","ping_status":"closed","template":"","meta":{"jetpack_post_was_ever_published":false,"jetpack_publicize_message":"","jetpack_publicize_feature_enabled":true,"jetpack_social_post_already_shared":true,"jetpack_social_options":{"image_generator_settings":{"template":"highway","default_image_id":0,"enabled":false},"version":2}},"product_brand":[],"product_cat":[74],"product_tag":[],"class_list":{"0":"post-3156","1":"product","2":"type-product","3":"status-publish","4":"has-post-thumbnail","6":"product_cat-gesichter-porzellan","8":"first","9":"instock","10":"taxable","11":"shipping-taxable","12":"purchasable","13":"product-type-simple"},"jetpack_publicize_connections":[],"jetpack_sharing_enabled":true,"jetpack-related-posts":[],"_links":{"self":[{"href":"https:\/\/www.taessje.com\/index.php\/wp-json\/wp\/v2\/product\/3156","targetHints":{"allow":["GET"]}}],"collection":[{"href":"https:\/\/www.taessje.com\/index.php\/wp-json\/wp\/v2\/product"}],"about":[{"href":"https:\/\/www.taessje.com\/index.php\/wp-json\/wp\/v2\/types\/product"}],"replies":[{"embeddable":true,"href":"https:\/\/www.taessje.com\/index.php\/wp-json\/wp\/v2\/comments?post=3156"}],"wp:featuredmedia":[{"embeddable":true,"href":"https:\/\/www.taessje.com\/index.php\/wp-json\/wp\/v2\/media\/3157"}],"wp:attachment":[{"href":"https:\/\/www.taessje.com\/index.php\/wp-json\/wp\/v2\/media?parent=3156"}],"wp:term":[{"taxonomy":"product_brand","embeddable":true,"href":"https:\/\/www.taessje.com\/index.php\/wp-json\/wp\/v2\/product_brand?post=3156"},{"taxonomy":"product_cat","embeddable":true,"href":"https:\/\/www.taessje.com\/index.php\/wp-json\/wp\/v2\/product_cat?post=3156"},{"taxonomy":"product_tag","embeddable":true,"href":"https:\/\/www.taessje.com\/index.php\/wp-json\/wp\/v2\/product_tag?post=3156"}],"curies":[{"name":"wp","href":"https:\/\/api.w.org\/{rel}","templated":true}]}}