{"id":3309,"date":"2020-11-16T22:41:43","date_gmt":"2020-11-16T21:41:43","guid":{"rendered":"https:\/\/www.taessje.com\/?post_type=product&#038;p=3309"},"modified":"2025-05-12T09:06:22","modified_gmt":"2025-05-12T08:06:22","slug":"arabisches-kaffeegewuerz","status":"publish","type":"product","link":"https:\/\/www.taessje.com\/index.php\/produkt\/arabisches-kaffeegewuerz\/","title":{"rendered":"Arabisches Kaffeegew\u00fcrz"},"content":{"rendered":"<p>Kaffeegew\u00fcrz ist z.B. perfekt f\u00fcr Kaffeekreationen, zu Geb\u00e4ck, auf Obstsalaten und Tiramisu.<\/p>\n<p>25g in einem praktischen Schnappglas verpackt \ud83d\ude42<\/p>\n<p>Geben Sie eine Prise Gew\u00fcrz in eine Tasse Kaffee, Mocca, Espresso oder Kakao, ein wenig umr\u00fchren, fertig.. Ein Genu\u00df, der schon seit Jahrhunderten sehr sch\u00e4tzen.<\/p>\n<p><strong><br \/>\nZutaten: Kardamom, Zimt, Ingwer, Muskat, Nelken, Piment, Pfeffer<\/strong><\/p>\n","protected":false},"excerpt":{"rendered":"<p>Kaffeegew\u00fcrz ist z.B. perfekt f\u00fcr Kaffeekreationen, zu Geb\u00e4ck, auf Obstsalaten und Tiramisu. 25g in einem praktischen Schnappglas verpackt \ud83d\ude42 Geben Sie eine Prise Gew\u00fcrz in eine Tasse Kaffee, Mocca, Espresso oder Kakao, ein wenig umr\u00fchren, fertig.. Ein Genu\u00df, der schon seit Jahrhunderten sehr sch\u00e4tzen. Zutaten: Kardamom, Zimt, Ingwer, Muskat, Nelken, Piment, Pfeffer<\/p>\n","protected":false},"featured_media":3310,"comment_status":"closed","ping_status":"closed","template":"","meta":{"jetpack_post_was_ever_published":false,"jetpack_publicize_message":"","jetpack_publicize_feature_enabled":true,"jetpack_social_post_already_shared":true,"jetpack_social_options":{"image_generator_settings":{"template":"highway","default_image_id":0,"enabled":false},"version":2}},"product_brand":[],"product_cat":[137,104,146],"product_tag":[],"class_list":{"0":"post-3309","1":"product","2":"type-product","3":"status-publish","4":"has-post-thumbnail","6":"product_cat-kaffee-zubehoer","7":"product_cat-leckereien","8":"product_cat-winterweihnachtliches","10":"first","11":"instock","12":"taxable","13":"shipping-taxable","14":"purchasable","15":"product-type-simple"},"jetpack_publicize_connections":[],"jetpack_sharing_enabled":true,"jetpack-related-posts":[],"_links":{"self":[{"href":"https:\/\/www.taessje.com\/index.php\/wp-json\/wp\/v2\/product\/3309","targetHints":{"allow":["GET"]}}],"collection":[{"href":"https:\/\/www.taessje.com\/index.php\/wp-json\/wp\/v2\/product"}],"about":[{"href":"https:\/\/www.taessje.com\/index.php\/wp-json\/wp\/v2\/types\/product"}],"replies":[{"embeddable":true,"href":"https:\/\/www.taessje.com\/index.php\/wp-json\/wp\/v2\/comments?post=3309"}],"wp:featuredmedia":[{"embeddable":true,"href":"https:\/\/www.taessje.com\/index.php\/wp-json\/wp\/v2\/media\/3310"}],"wp:attachment":[{"href":"https:\/\/www.taessje.com\/index.php\/wp-json\/wp\/v2\/media?parent=3309"}],"wp:term":[{"taxonomy":"product_brand","embeddable":true,"href":"https:\/\/www.taessje.com\/index.php\/wp-json\/wp\/v2\/product_brand?post=3309"},{"taxonomy":"product_cat","embeddable":true,"href":"https:\/\/www.taessje.com\/index.php\/wp-json\/wp\/v2\/product_cat?post=3309"},{"taxonomy":"product_tag","embeddable":true,"href":"https:\/\/www.taessje.com\/index.php\/wp-json\/wp\/v2\/product_tag?post=3309"}],"curies":[{"name":"wp","href":"https:\/\/api.w.org\/{rel}","templated":true}]}}