{"id":3526,"date":"2020-12-23T17:33:22","date_gmt":"2020-12-23T16:33:22","guid":{"rendered":"https:\/\/www.taessje.com\/?post_type=product&#038;p=3526"},"modified":"2023-06-16T04:28:04","modified_gmt":"2023-06-16T03:28:04","slug":"grey-15l","status":"publish","type":"product","link":"https:\/\/www.taessje.com\/index.php\/produkt\/grey-15l\/","title":{"rendered":"Grey 1,5l"},"content":{"rendered":"<p>Sie<span class=\"\"> verf\u00fcgt \u00fcber einen herausnehmbaren Filter und<\/span><span class=\"\"> besteht aus strapazierf\u00e4higem Steinzeug mit einem l\u00e4nglichen Auslauf, der so geformt ist, dass keine Tropfen auftreten.<\/span><\/p>\n<p>Sp\u00fclmaschinenfest<\/p>\n<p>Hierzu sind auch die passenden Tassen erh\u00e4ltlich \ud83d\ude42<\/p>\n","protected":false},"excerpt":{"rendered":"<p>Sie verf\u00fcgt \u00fcber einen herausnehmbaren Filter und besteht aus strapazierf\u00e4higem Steinzeug mit einem l\u00e4nglichen Auslauf, der so geformt ist, dass keine Tropfen auftreten. Sp\u00fclmaschinenfest Hierzu sind auch die passenden Tassen erh\u00e4ltlich \ud83d\ude42<\/p>\n","protected":false},"featured_media":3527,"comment_status":"closed","ping_status":"closed","template":"","meta":{"jetpack_post_was_ever_published":false,"jetpack_publicize_message":"","jetpack_publicize_feature_enabled":true,"jetpack_social_post_already_shared":true,"jetpack_social_options":{"image_generator_settings":{"template":"highway","default_image_id":0,"enabled":false},"version":2}},"product_brand":[],"product_cat":[141],"product_tag":[],"class_list":{"0":"post-3526","1":"product","2":"type-product","3":"status-publish","4":"has-post-thumbnail","6":"product_cat-kannen","8":"first","9":"instock","10":"taxable","11":"shipping-taxable","12":"purchasable","13":"product-type-simple"},"jetpack_publicize_connections":[],"jetpack_sharing_enabled":true,"jetpack-related-posts":[],"_links":{"self":[{"href":"https:\/\/www.taessje.com\/index.php\/wp-json\/wp\/v2\/product\/3526","targetHints":{"allow":["GET"]}}],"collection":[{"href":"https:\/\/www.taessje.com\/index.php\/wp-json\/wp\/v2\/product"}],"about":[{"href":"https:\/\/www.taessje.com\/index.php\/wp-json\/wp\/v2\/types\/product"}],"replies":[{"embeddable":true,"href":"https:\/\/www.taessje.com\/index.php\/wp-json\/wp\/v2\/comments?post=3526"}],"wp:featuredmedia":[{"embeddable":true,"href":"https:\/\/www.taessje.com\/index.php\/wp-json\/wp\/v2\/media\/3527"}],"wp:attachment":[{"href":"https:\/\/www.taessje.com\/index.php\/wp-json\/wp\/v2\/media?parent=3526"}],"wp:term":[{"taxonomy":"product_brand","embeddable":true,"href":"https:\/\/www.taessje.com\/index.php\/wp-json\/wp\/v2\/product_brand?post=3526"},{"taxonomy":"product_cat","embeddable":true,"href":"https:\/\/www.taessje.com\/index.php\/wp-json\/wp\/v2\/product_cat?post=3526"},{"taxonomy":"product_tag","embeddable":true,"href":"https:\/\/www.taessje.com\/index.php\/wp-json\/wp\/v2\/product_tag?post=3526"}],"curies":[{"name":"wp","href":"https:\/\/api.w.org\/{rel}","templated":true}]}}