{"id":3537,"date":"2020-12-23T19:22:14","date_gmt":"2020-12-23T18:22:14","guid":{"rendered":"https:\/\/www.taessje.com\/?post_type=product&#038;p=3537"},"modified":"2023-06-16T04:26:13","modified_gmt":"2023-06-16T03:26:13","slug":"grey","status":"publish","type":"product","link":"https:\/\/www.taessje.com\/index.php\/produkt\/grey\/","title":{"rendered":"Grey"},"content":{"rendered":"<ul>\n<li>Sp\u00fclmaschinenfest<\/li>\n<li>Mikrowellenfest<\/li>\n<li>Matt<\/li>\n<li>Passende Teekanne erh\u00e4ltlich<\/li>\n<li>250ml Kapazit\u00e4t<\/li>\n<li><span class=\"\">hochwertiges Steingut<br \/>\n<\/span><\/li>\n<\/ul>\n","protected":false},"excerpt":{"rendered":"<p>Sp\u00fclmaschinenfest Mikrowellenfest Matt Passende Teekanne erh\u00e4ltlich 250ml Kapazit\u00e4t hochwertiges Steingut<\/p>\n","protected":false},"featured_media":3540,"comment_status":"closed","ping_status":"closed","template":"","meta":{"jetpack_post_was_ever_published":false,"jetpack_publicize_message":"","jetpack_publicize_feature_enabled":true,"jetpack_social_post_already_shared":true,"jetpack_social_options":{"image_generator_settings":{"template":"highway","default_image_id":0,"enabled":false},"version":2}},"product_brand":[],"product_cat":[72],"product_tag":[],"class_list":{"0":"post-3537","1":"product","2":"type-product","3":"status-publish","4":"has-post-thumbnail","6":"product_cat-tassen","8":"first","9":"instock","10":"taxable","11":"shipping-taxable","12":"purchasable","13":"product-type-simple"},"jetpack_publicize_connections":[],"jetpack_sharing_enabled":true,"jetpack-related-posts":[],"_links":{"self":[{"href":"https:\/\/www.taessje.com\/index.php\/wp-json\/wp\/v2\/product\/3537","targetHints":{"allow":["GET"]}}],"collection":[{"href":"https:\/\/www.taessje.com\/index.php\/wp-json\/wp\/v2\/product"}],"about":[{"href":"https:\/\/www.taessje.com\/index.php\/wp-json\/wp\/v2\/types\/product"}],"replies":[{"embeddable":true,"href":"https:\/\/www.taessje.com\/index.php\/wp-json\/wp\/v2\/comments?post=3537"}],"wp:featuredmedia":[{"embeddable":true,"href":"https:\/\/www.taessje.com\/index.php\/wp-json\/wp\/v2\/media\/3540"}],"wp:attachment":[{"href":"https:\/\/www.taessje.com\/index.php\/wp-json\/wp\/v2\/media?parent=3537"}],"wp:term":[{"taxonomy":"product_brand","embeddable":true,"href":"https:\/\/www.taessje.com\/index.php\/wp-json\/wp\/v2\/product_brand?post=3537"},{"taxonomy":"product_cat","embeddable":true,"href":"https:\/\/www.taessje.com\/index.php\/wp-json\/wp\/v2\/product_cat?post=3537"},{"taxonomy":"product_tag","embeddable":true,"href":"https:\/\/www.taessje.com\/index.php\/wp-json\/wp\/v2\/product_tag?post=3537"}],"curies":[{"name":"wp","href":"https:\/\/api.w.org\/{rel}","templated":true}]}}