{"id":371,"date":"2019-12-28T14:11:56","date_gmt":"2019-12-28T13:11:56","guid":{"rendered":"https:\/\/www.taessje.com\/?post_type=product&#038;p=371"},"modified":"2020-03-26T14:25:47","modified_gmt":"2020-03-26T13:25:47","slug":"bio-beerenkuss-mild","status":"publish","type":"product","link":"https:\/\/www.taessje.com\/index.php\/produkt\/bio-beerenkuss-mild\/","title":{"rendered":"Bio Beerenkuss\u00ae mild"},"content":{"rendered":"<div id=\"productAmountOfTea\">\n<ul class=\"productInformationBTA\">\n<li class=\"productInformation\">\n<div id=\"productAmountOfTea\">\n<ul class=\"productInformationBTA\">\n<li class=\"productInformation\">\n<div id=\"productAmountOfTea\">\n<ul class=\"productInformationBTA\">\n<li class=\"productInformation\">\n<div id=\"productAmountOfTea\">\n<ul class=\"productInformationBTA\">\n<li>mit Gartenbeeren-Geschmack<\/li>\n<li class=\"productInformation\">\n<div id=\"productBrewingTime\">Ziehzeit 8-10 Min<\/div>\n<\/li>\n<li class=\"productInformation\">\n<div id=\"productBathingTemperature\">Aufgusstemperatur 100 \u00b0 C<\/div>\n<\/li>\n<li class=\"productInformation\">\n<div id=\"productAmountOfTea\">Teemenge 1-2 TL<\/div>\n<\/li>\n<\/ul>\n<p>&nbsp;<\/p>\n<\/div>\n<\/li>\n<\/ul>\n<\/div>\n<\/li>\n<\/ul>\n<\/div>\n<\/li>\n<\/ul>\n<\/div>\n<p>Mmmhhh welch ein k\u00f6stlicher Geschmack auf meinen Lippen. Diese Beerenmischung ist einfach zum Verlieben und f\u00fcr Verliebte. Denn was gibt es Sch\u00f6neres als sanfte K\u00fcsse, die nach Gartenbeeren schmecken?<\/p>\n<p>Milder Tee<img decoding=\"async\" class=\"alignleft\" title=\"Milder Tee\" src=\"https:\/\/www.florapharm.de\/fileadmin\/template\/normal\/media\/images\/infoicons\/florapharm_icon_03.png\" alt=\"Milder Tee\" \/><\/p>\n","protected":false},"excerpt":{"rendered":"<div class=\"productIcons\">\n<div class=\"productIcons\">\n<p><strong>Bio Fr\u00fcchtetee, aromatisiert<\/strong><\/p>\n<ul>\n<li><strong><img decoding=\"async\" title=\"Milder Tee\" src=\"https:\/\/www.florapharm.de\/fileadmin\/template\/normal\/media\/images\/infoicons\/florapharm_icon_03.png\" alt=\"Milder Tee\" \/><\/strong><\/li>\n<li><img decoding=\"async\" title=\"Unsere als \u201eBio\u201c gekennzeichneten Produkte stehen unter der Kontrolle von DE-\u00d6KO-005 ECOCERT IMO GmbH\" src=\"https:\/\/www.florapharm.de\/fileadmin\/template\/normal\/media\/images\/infoicons\/florapharm_icon_01.png\" alt=\"Unsere als \u201eBio\u201c gekennzeichneten Produkte stehen unter der Kontrolle von DE-\u00d6KO-005 ECOCERT IMO GmbH\" \/><\/li>\n<\/ul>\n<p>&nbsp;<\/p>\n<\/div>\n<p>&nbsp;<\/p>\n<p>&nbsp;<\/p>\n<p>&nbsp;<\/p>\n<\/div>\n<p>&nbsp;<\/p>\n<p>&nbsp;<\/p>\n","protected":false},"featured_media":375,"comment_status":"closed","ping_status":"closed","template":"","meta":{"jetpack_post_was_ever_published":false,"jetpack_publicize_message":"","jetpack_publicize_feature_enabled":true,"jetpack_social_post_already_shared":true,"jetpack_social_options":{"image_generator_settings":{"template":"highway","default_image_id":0,"enabled":false},"version":2}},"product_brand":[],"product_cat":[49,31,44],"product_tag":[],"class_list":{"0":"post-371","1":"product","2":"type-product","3":"status-publish","4":"has-post-thumbnail","6":"product_cat-bio","7":"product_cat-tee","8":"product_cat-fruechtetee-mild","10":"first","11":"instock","12":"taxable","13":"shipping-taxable","14":"purchasable","15":"product-type-variable"},"jetpack_publicize_connections":[],"jetpack_sharing_enabled":true,"jetpack-related-posts":[],"_links":{"self":[{"href":"https:\/\/www.taessje.com\/index.php\/wp-json\/wp\/v2\/product\/371","targetHints":{"allow":["GET"]}}],"collection":[{"href":"https:\/\/www.taessje.com\/index.php\/wp-json\/wp\/v2\/product"}],"about":[{"href":"https:\/\/www.taessje.com\/index.php\/wp-json\/wp\/v2\/types\/product"}],"replies":[{"embeddable":true,"href":"https:\/\/www.taessje.com\/index.php\/wp-json\/wp\/v2\/comments?post=371"}],"wp:featuredmedia":[{"embeddable":true,"href":"https:\/\/www.taessje.com\/index.php\/wp-json\/wp\/v2\/media\/375"}],"wp:attachment":[{"href":"https:\/\/www.taessje.com\/index.php\/wp-json\/wp\/v2\/media?parent=371"}],"wp:term":[{"taxonomy":"product_brand","embeddable":true,"href":"https:\/\/www.taessje.com\/index.php\/wp-json\/wp\/v2\/product_brand?post=371"},{"taxonomy":"product_cat","embeddable":true,"href":"https:\/\/www.taessje.com\/index.php\/wp-json\/wp\/v2\/product_cat?post=371"},{"taxonomy":"product_tag","embeddable":true,"href":"https:\/\/www.taessje.com\/index.php\/wp-json\/wp\/v2\/product_tag?post=371"}],"curies":[{"name":"wp","href":"https:\/\/api.w.org\/{rel}","templated":true}]}}