{"id":3711,"date":"2021-01-30T12:14:24","date_gmt":"2021-01-30T11:14:24","guid":{"rendered":"https:\/\/www.taessje.com\/?post_type=product&#038;p=3711"},"modified":"2022-10-05T09:42:25","modified_gmt":"2022-10-05T08:42:25","slug":"fruehstuecksbrettchen-happy-birthday","status":"publish","type":"product","link":"https:\/\/www.taessje.com\/index.php\/produkt\/fruehstuecksbrettchen-happy-birthday\/","title":{"rendered":"Brettchen &#8222;Happy Birthday&#8220;"},"content":{"rendered":"<p>Das gute, alte Schnittenbrettchen, bzw. Fr\u00fchst\u00fccksbrettchen. Das perfekte Geschenk f\u00fcr jeden Geburtstag.<\/p>\n<p>Ma\u00dfe: ca. 23,4 cm x 14,3 cm,<\/p>\n<p>Lebensmittelhygienegerecht<\/p>\n<p>100% Made in Germany<\/p>\n","protected":false},"excerpt":{"rendered":"<p>Das gute, alte Schnittenbrettchen, bzw. Fr\u00fchst\u00fccksbrettchen. Das perfekte Geschenk f\u00fcr jeden Geburtstag. Ma\u00dfe: ca. 23,4 cm x 14,3 cm, Lebensmittelhygienegerecht 100% Made in Germany<\/p>\n","protected":false},"featured_media":3712,"comment_status":"closed","ping_status":"closed","template":"","meta":{"jetpack_post_was_ever_published":false,"jetpack_publicize_message":"","jetpack_publicize_feature_enabled":true,"jetpack_social_post_already_shared":true,"jetpack_social_options":{"image_generator_settings":{"template":"highway","default_image_id":0,"enabled":false},"version":2}},"product_brand":[],"product_cat":[147,74],"product_tag":[],"class_list":{"0":"post-3711","1":"product","2":"type-product","3":"status-publish","4":"has-post-thumbnail","6":"product_cat-besonderheiten","7":"product_cat-gesichter-porzellan","9":"first","10":"instock","11":"taxable","12":"shipping-taxable","13":"purchasable","14":"product-type-simple"},"jetpack_publicize_connections":[],"jetpack_sharing_enabled":true,"jetpack-related-posts":[],"_links":{"self":[{"href":"https:\/\/www.taessje.com\/index.php\/wp-json\/wp\/v2\/product\/3711","targetHints":{"allow":["GET"]}}],"collection":[{"href":"https:\/\/www.taessje.com\/index.php\/wp-json\/wp\/v2\/product"}],"about":[{"href":"https:\/\/www.taessje.com\/index.php\/wp-json\/wp\/v2\/types\/product"}],"replies":[{"embeddable":true,"href":"https:\/\/www.taessje.com\/index.php\/wp-json\/wp\/v2\/comments?post=3711"}],"wp:featuredmedia":[{"embeddable":true,"href":"https:\/\/www.taessje.com\/index.php\/wp-json\/wp\/v2\/media\/3712"}],"wp:attachment":[{"href":"https:\/\/www.taessje.com\/index.php\/wp-json\/wp\/v2\/media?parent=3711"}],"wp:term":[{"taxonomy":"product_brand","embeddable":true,"href":"https:\/\/www.taessje.com\/index.php\/wp-json\/wp\/v2\/product_brand?post=3711"},{"taxonomy":"product_cat","embeddable":true,"href":"https:\/\/www.taessje.com\/index.php\/wp-json\/wp\/v2\/product_cat?post=3711"},{"taxonomy":"product_tag","embeddable":true,"href":"https:\/\/www.taessje.com\/index.php\/wp-json\/wp\/v2\/product_tag?post=3711"}],"curies":[{"name":"wp","href":"https:\/\/api.w.org\/{rel}","templated":true}]}}