{"id":3824,"date":"2021-03-30T11:08:56","date_gmt":"2021-03-30T10:08:56","guid":{"rendered":"https:\/\/www.taessje.com\/?post_type=product&#038;p=3824"},"modified":"2024-01-27T12:41:53","modified_gmt":"2024-01-27T11:41:53","slug":"red-30l","status":"publish","type":"product","link":"https:\/\/www.taessje.com\/index.php\/produkt\/red-30l\/","title":{"rendered":"red 3,0l"},"content":{"rendered":"<p><span class=\"goog-text-highlight\">Investieren Sie in eine legend\u00e4re Teekanne: Das perfekte Beispiel f\u00fcr Form und Funktionalit\u00e4t<\/span><\/p>\n<div>Sp\u00fclmaschinenfest<\/div>\n<div>Passender Becher erh\u00e4ltlich<\/div>\n<div>3 Liter Fassungsverm\u00f6gen<\/div>\n<p>&nbsp;<\/p>\n","protected":false},"excerpt":{"rendered":"<p>Investieren Sie in eine legend\u00e4re Teekanne: Das perfekte Beispiel f\u00fcr Form und Funktionalit\u00e4t Sp\u00fclmaschinenfest Passender Becher erh\u00e4ltlich 3 Liter Fassungsverm\u00f6gen &nbsp;<\/p>\n","protected":false},"featured_media":3825,"comment_status":"closed","ping_status":"closed","template":"","meta":{"jetpack_post_was_ever_published":false,"jetpack_publicize_message":"","jetpack_publicize_feature_enabled":true,"jetpack_social_post_already_shared":true,"jetpack_social_options":{"image_generator_settings":{"template":"highway","default_image_id":0,"enabled":false},"version":2}},"product_brand":[],"product_cat":[141,163],"product_tag":[],"class_list":{"0":"post-3824","1":"product","2":"type-product","3":"status-publish","4":"has-post-thumbnail","6":"product_cat-kannen","7":"product_cat-neuankoemmlinge","9":"first","10":"instock","11":"taxable","12":"shipping-taxable","13":"purchasable","14":"product-type-simple"},"jetpack_publicize_connections":[],"jetpack_sharing_enabled":true,"jetpack-related-posts":[],"_links":{"self":[{"href":"https:\/\/www.taessje.com\/index.php\/wp-json\/wp\/v2\/product\/3824","targetHints":{"allow":["GET"]}}],"collection":[{"href":"https:\/\/www.taessje.com\/index.php\/wp-json\/wp\/v2\/product"}],"about":[{"href":"https:\/\/www.taessje.com\/index.php\/wp-json\/wp\/v2\/types\/product"}],"replies":[{"embeddable":true,"href":"https:\/\/www.taessje.com\/index.php\/wp-json\/wp\/v2\/comments?post=3824"}],"wp:featuredmedia":[{"embeddable":true,"href":"https:\/\/www.taessje.com\/index.php\/wp-json\/wp\/v2\/media\/3825"}],"wp:attachment":[{"href":"https:\/\/www.taessje.com\/index.php\/wp-json\/wp\/v2\/media?parent=3824"}],"wp:term":[{"taxonomy":"product_brand","embeddable":true,"href":"https:\/\/www.taessje.com\/index.php\/wp-json\/wp\/v2\/product_brand?post=3824"},{"taxonomy":"product_cat","embeddable":true,"href":"https:\/\/www.taessje.com\/index.php\/wp-json\/wp\/v2\/product_cat?post=3824"},{"taxonomy":"product_tag","embeddable":true,"href":"https:\/\/www.taessje.com\/index.php\/wp-json\/wp\/v2\/product_tag?post=3824"}],"curies":[{"name":"wp","href":"https:\/\/api.w.org\/{rel}","templated":true}]}}