{"id":3830,"date":"2021-03-30T11:51:32","date_gmt":"2021-03-30T10:51:32","guid":{"rendered":"https:\/\/www.taessje.com\/?post_type=product&#038;p=3830"},"modified":"2025-05-12T09:04:13","modified_gmt":"2025-05-12T08:04:13","slug":"black-gloss-30l","status":"publish","type":"product","link":"https:\/\/www.taessje.com\/index.php\/produkt\/black-gloss-30l\/","title":{"rendered":"black gloss 3,0l"},"content":{"rendered":"<p><span class=\"goog-text-highlight\">Investieren Sie in eine legend\u00e4re Teekanne: Das perfekte Beispiel f\u00fcr Form und Funktionalit\u00e4t<\/span><\/p>\n<div>Sp\u00fclmaschinenfest<\/div>\n<div>Passender Becher in schwarz matt erh\u00e4ltlich<\/div>\n<div>3 Liter Fassungsverm\u00f6gen<\/div>\n<p>&nbsp;<\/p>\n","protected":false},"excerpt":{"rendered":"<p>Investieren Sie in eine legend\u00e4re Teekanne: Das perfekte Beispiel f\u00fcr Form und Funktionalit\u00e4t Sp\u00fclmaschinenfest Passender Becher in schwarz matt erh\u00e4ltlich 3 Liter Fassungsverm\u00f6gen &nbsp;<\/p>\n","protected":false},"featured_media":3831,"comment_status":"closed","ping_status":"closed","template":"","meta":{"jetpack_post_was_ever_published":false,"jetpack_publicize_message":"","jetpack_publicize_feature_enabled":true,"jetpack_social_post_already_shared":true,"jetpack_social_options":{"image_generator_settings":{"template":"highway","default_image_id":0,"enabled":false},"version":2}},"product_brand":[],"product_cat":[141],"product_tag":[],"class_list":{"0":"post-3830","1":"product","2":"type-product","3":"status-publish","4":"has-post-thumbnail","6":"product_cat-kannen","8":"first","9":"instock","10":"sale","11":"taxable","12":"shipping-taxable","13":"purchasable","14":"product-type-simple"},"jetpack_publicize_connections":[],"jetpack_sharing_enabled":true,"jetpack-related-posts":[],"_links":{"self":[{"href":"https:\/\/www.taessje.com\/index.php\/wp-json\/wp\/v2\/product\/3830","targetHints":{"allow":["GET"]}}],"collection":[{"href":"https:\/\/www.taessje.com\/index.php\/wp-json\/wp\/v2\/product"}],"about":[{"href":"https:\/\/www.taessje.com\/index.php\/wp-json\/wp\/v2\/types\/product"}],"replies":[{"embeddable":true,"href":"https:\/\/www.taessje.com\/index.php\/wp-json\/wp\/v2\/comments?post=3830"}],"wp:featuredmedia":[{"embeddable":true,"href":"https:\/\/www.taessje.com\/index.php\/wp-json\/wp\/v2\/media\/3831"}],"wp:attachment":[{"href":"https:\/\/www.taessje.com\/index.php\/wp-json\/wp\/v2\/media?parent=3830"}],"wp:term":[{"taxonomy":"product_brand","embeddable":true,"href":"https:\/\/www.taessje.com\/index.php\/wp-json\/wp\/v2\/product_brand?post=3830"},{"taxonomy":"product_cat","embeddable":true,"href":"https:\/\/www.taessje.com\/index.php\/wp-json\/wp\/v2\/product_cat?post=3830"},{"taxonomy":"product_tag","embeddable":true,"href":"https:\/\/www.taessje.com\/index.php\/wp-json\/wp\/v2\/product_tag?post=3830"}],"curies":[{"name":"wp","href":"https:\/\/api.w.org\/{rel}","templated":true}]}}