{"id":3840,"date":"2021-03-31T12:23:47","date_gmt":"2021-03-31T11:23:47","guid":{"rendered":"https:\/\/www.taessje.com\/?post_type=product&#038;p=3840"},"modified":"2025-05-12T09:05:50","modified_gmt":"2025-05-12T08:05:50","slug":"coffee","status":"publish","type":"product","link":"https:\/\/www.taessje.com\/index.php\/produkt\/coffee\/","title":{"rendered":"Coffee"},"content":{"rendered":"<p><span> Diese Kaffeedose ist in klassischen Elfenbein- und Schwarzt\u00f6nen mit einem handgezeichneten &#8222;Kaffee&#8220; -Motiv gefertigt. Sie ist ideal f\u00fcr die Aufbewahrung von Kaffee und verf\u00fcgt \u00fcber einen sicheren Deckel sowie einen Griff zum einfachen \u00d6ffnen. <\/span><\/p>\n","protected":false},"excerpt":{"rendered":"<p>Diese Kaffeedose ist in klassischen Elfenbein- und Schwarzt\u00f6nen mit einem handgezeichneten &#8222;Kaffee&#8220; -Motiv gefertigt. Sie ist ideal f\u00fcr die Aufbewahrung von Kaffee und verf\u00fcgt \u00fcber einen sicheren Deckel sowie einen Griff zum einfachen \u00d6ffnen.<\/p>\n","protected":false},"featured_media":3841,"comment_status":"closed","ping_status":"closed","template":"","meta":{"jetpack_post_was_ever_published":false,"jetpack_publicize_message":"","jetpack_publicize_feature_enabled":true,"jetpack_social_post_already_shared":true,"jetpack_social_options":{"image_generator_settings":{"template":"highway","default_image_id":0,"enabled":false},"version":2}},"product_brand":[],"product_cat":[142,137,163,100],"product_tag":[],"class_list":{"0":"post-3840","1":"product","2":"type-product","3":"status-publish","4":"has-post-thumbnail","6":"product_cat-dosen","7":"product_cat-kaffee-zubehoer","8":"product_cat-neuankoemmlinge","9":"product_cat-zubehoer","11":"first","12":"instock","13":"sale","14":"taxable","15":"shipping-taxable","16":"purchasable","17":"product-type-simple"},"jetpack_publicize_connections":[],"jetpack_sharing_enabled":true,"jetpack-related-posts":[],"_links":{"self":[{"href":"https:\/\/www.taessje.com\/index.php\/wp-json\/wp\/v2\/product\/3840","targetHints":{"allow":["GET"]}}],"collection":[{"href":"https:\/\/www.taessje.com\/index.php\/wp-json\/wp\/v2\/product"}],"about":[{"href":"https:\/\/www.taessje.com\/index.php\/wp-json\/wp\/v2\/types\/product"}],"replies":[{"embeddable":true,"href":"https:\/\/www.taessje.com\/index.php\/wp-json\/wp\/v2\/comments?post=3840"}],"wp:featuredmedia":[{"embeddable":true,"href":"https:\/\/www.taessje.com\/index.php\/wp-json\/wp\/v2\/media\/3841"}],"wp:attachment":[{"href":"https:\/\/www.taessje.com\/index.php\/wp-json\/wp\/v2\/media?parent=3840"}],"wp:term":[{"taxonomy":"product_brand","embeddable":true,"href":"https:\/\/www.taessje.com\/index.php\/wp-json\/wp\/v2\/product_brand?post=3840"},{"taxonomy":"product_cat","embeddable":true,"href":"https:\/\/www.taessje.com\/index.php\/wp-json\/wp\/v2\/product_cat?post=3840"},{"taxonomy":"product_tag","embeddable":true,"href":"https:\/\/www.taessje.com\/index.php\/wp-json\/wp\/v2\/product_tag?post=3840"}],"curies":[{"name":"wp","href":"https:\/\/api.w.org\/{rel}","templated":true}]}}