{"id":3972,"date":"2021-04-09T12:03:21","date_gmt":"2021-04-09T11:03:21","guid":{"rendered":"https:\/\/www.taessje.com\/?post_type=product&#038;p=3972"},"modified":"2025-12-09T17:51:05","modified_gmt":"2025-12-09T16:51:05","slug":"food-tempel-2-stufig-durchmesser-teller-18-24-cm","status":"publish","type":"product","link":"https:\/\/www.taessje.com\/index.php\/produkt\/food-tempel-2-stufig-durchmesser-teller-18-24-cm\/","title":{"rendered":"Food-Tempel &#8211; 2 Stufig"},"content":{"rendered":"<div class=\"BasicText Widget subtitle\">Food-Tempel &#8211; 2 Stufig mit 2 tiefen Tellern mit Biss in wei\u00df, \u00d8 18 &#8211; 24 cm<\/div>\n<div class=\"BasicText Widget content\">\n<p>Unsere beliebten tiefen Teller mit Biss, ob klein oder gro\u00df, waren schon immer ein Hingucker. Aber als zweistufige Etagere mit dem passenden Namen \u201eFood Tempel\u201c werden sie zu einem charmanten Gute-Laune-Objekt.<\/p>\n<p>Damit lassen sich kleine Leckereien originell und platzsparend anbieten. Hier greift jeder gerne zu und am\u00fcsiert sich \u00fcber das ungew\u00f6hnliche Spa\u00df-Design.<\/p>\n<p>Durchmesser: unterer Teller 24 cm, oberer Teller 18 cm<\/p>\n<p>H\u00f6he mit Mittelstange: 25 cm<\/p>\n<p>Gesamtgewicht: 997 gr<\/p>\n<p>Teller und Stange werden unmontiert geliefert und sind kinderleicht zusammenzusetzen.<\/p>\n<p>Teller: Hotelporzellan, sp\u00fclmaschinengeeignet.<\/p>\n<p>Mittelstange: Zinklegierung und Edelstahl \/ Silbermetallring<br \/>\nGeschliffener Fu\u00df<br \/>\n100% Made in Germany<\/p>\n<\/div>\n","protected":false},"excerpt":{"rendered":"<p>Food-Tempel &#8211; 2 Stufig mit 2 tiefen Tellern mit Biss in wei\u00df, \u00d8 18 &#8211; 24 cm Unsere beliebten tiefen Teller mit Biss, ob klein oder gro\u00df, waren schon immer ein Hingucker. Aber als zweistufige Etagere mit dem passenden Namen \u201eFood Tempel\u201c werden sie zu einem charmanten Gute-Laune-Objekt. Damit lassen sich kleine Leckereien originell und &hellip; <\/p>\n<p class=\"link-more\"><a href=\"https:\/\/www.taessje.com\/index.php\/produkt\/food-tempel-2-stufig-durchmesser-teller-18-24-cm\/\" class=\"more-link\"><span class=\"screen-reader-text\">\u201eFood-Tempel &#8211; 2 Stufig\u201c<\/span> weiterlesen<\/a><\/p>\n","protected":false},"featured_media":3973,"comment_status":"closed","ping_status":"closed","template":"","meta":{"jetpack_post_was_ever_published":false,"jetpack_publicize_message":"","jetpack_publicize_feature_enabled":true,"jetpack_social_post_already_shared":true,"jetpack_social_options":{"image_generator_settings":{"template":"highway","default_image_id":0,"enabled":false},"version":2}},"product_brand":[],"product_cat":[147,74],"product_tag":[],"class_list":{"0":"post-3972","1":"product","2":"type-product","3":"status-publish","4":"has-post-thumbnail","6":"product_cat-besonderheiten","7":"product_cat-gesichter-porzellan","9":"first","10":"instock","11":"purchasable","12":"product-type-simple"},"jetpack_publicize_connections":[],"jetpack_sharing_enabled":true,"jetpack-related-posts":[],"_links":{"self":[{"href":"https:\/\/www.taessje.com\/index.php\/wp-json\/wp\/v2\/product\/3972","targetHints":{"allow":["GET"]}}],"collection":[{"href":"https:\/\/www.taessje.com\/index.php\/wp-json\/wp\/v2\/product"}],"about":[{"href":"https:\/\/www.taessje.com\/index.php\/wp-json\/wp\/v2\/types\/product"}],"replies":[{"embeddable":true,"href":"https:\/\/www.taessje.com\/index.php\/wp-json\/wp\/v2\/comments?post=3972"}],"wp:featuredmedia":[{"embeddable":true,"href":"https:\/\/www.taessje.com\/index.php\/wp-json\/wp\/v2\/media\/3973"}],"wp:attachment":[{"href":"https:\/\/www.taessje.com\/index.php\/wp-json\/wp\/v2\/media?parent=3972"}],"wp:term":[{"taxonomy":"product_brand","embeddable":true,"href":"https:\/\/www.taessje.com\/index.php\/wp-json\/wp\/v2\/product_brand?post=3972"},{"taxonomy":"product_cat","embeddable":true,"href":"https:\/\/www.taessje.com\/index.php\/wp-json\/wp\/v2\/product_cat?post=3972"},{"taxonomy":"product_tag","embeddable":true,"href":"https:\/\/www.taessje.com\/index.php\/wp-json\/wp\/v2\/product_tag?post=3972"}],"curies":[{"name":"wp","href":"https:\/\/api.w.org\/{rel}","templated":true}]}}