{"id":402,"date":"2019-12-28T14:45:49","date_gmt":"2019-12-28T13:45:49","guid":{"rendered":"https:\/\/www.taessje.com\/?post_type=product&#038;p=402"},"modified":"2023-06-29T12:34:08","modified_gmt":"2023-06-29T11:34:08","slug":"mandarinenkuss-mild-natuerlich","status":"publish","type":"product","link":"https:\/\/www.taessje.com\/index.php\/produkt\/mandarinenkuss-mild-natuerlich\/","title":{"rendered":"Mandarinen kuss mild nat\u00fcrlich"},"content":{"rendered":"<div id=\"productAmountOfTea\">\n<ul class=\"productInformationBTA\">\n<li class=\"productInformation\">\n<div id=\"productAmountOfTea\">\n<ul class=\"productInformationBTA\">\n<li class=\"productInformation\">\n<div id=\"productAmountOfTea\">\n<ul class=\"productInformationBTA\">\n<li>mit Mandarine-Geschmack<\/li>\n<li class=\"productInformation\">\n<div id=\"productAmountOfTea\">\n<ul class=\"productInformationBTA\">\n<li class=\"productInformation\">\n<div id=\"productBrewingTime\">Ziehzeit 8-10 Min<\/div>\n<\/li>\n<li class=\"productInformation\">\n<div id=\"productBathingTemperature\">Aufgusstemperatur 100 \u00b0 C<\/div>\n<\/li>\n<li class=\"productInformation\">\n<div id=\"productAmountOfTea\">Teemenge 1-2 TL<\/div>\n<\/li>\n<\/ul>\n<\/div>\n<p>Unter den Zitrusfr\u00fcchten sind die Mandarinen eher die Lieblichen und nicht so Sauren. Ihr Geschmack ist aber genauso intensiv und erfrischend. Deshalb schmeckt dieser Fr\u00fcchtetee nicht nur hei\u00df, sondern auch als Kaltgetr\u00e4nk super lecker.<\/li>\n<li><img decoding=\"async\" title=\"Milder Tee\" src=\"https:\/\/www.florapharm.de\/fileadmin\/template\/normal\/media\/images\/infoicons\/florapharm_icon_03.png\" alt=\"Milder Tee\" \/> Milder Tee<\/li>\n<li><img decoding=\"async\" title=\"Als Kaltgetr\u00e4nk zu empfehlen\" src=\"https:\/\/www.florapharm.de\/fileadmin\/template\/normal\/media\/images\/infoicons\/florapharm_icon_04.png\" alt=\"Als Kaltgetr\u00e4nk zu empfehlen\" \/> Als Kaltgetr\u00e4nk zu empfehlen<\/li>\n<li><img decoding=\"async\" title=\"Beinhaltet ausschlie\u00dflich nat\u00fcrliches Aroma\" src=\"https:\/\/www.florapharm.de\/fileadmin\/template\/normal\/media\/images\/infoicons\/florapharm_icon_05.png\" alt=\"Beinhaltet ausschlie\u00dflich nat\u00fcrliches Aroma\" \/> Beinhaltet ausschlie\u00dflich nat\u00fcrliches Aroma<\/li>\n<\/ul>\n<\/div>\n<\/li>\n<\/ul>\n<\/div>\n<\/li>\n<\/ul>\n<\/div>\n","protected":false},"excerpt":{"rendered":"<div class=\"productIcons\">\n<div class=\"productIcons\">\n<p><strong>Fr\u00fcchtetee, aromatisiert<\/strong><\/p>\n<div class=\"productIcons\">\n<div class=\"productIcons\">\n<p><img decoding=\"async\" title=\"Milder Tee\" src=\"https:\/\/www.florapharm.de\/fileadmin\/template\/normal\/media\/images\/infoicons\/florapharm_icon_03.png\" alt=\"Milder Tee\" \/><img decoding=\"async\" title=\"Beinhaltet ausschlie\u00dflich nat\u00fcrliches Aroma\" src=\"https:\/\/www.florapharm.de\/fileadmin\/template\/normal\/media\/images\/infoicons\/florapharm_icon_05.png\" alt=\"Beinhaltet ausschlie\u00dflich nat\u00fcrliches Aroma\" \/><img decoding=\"async\" title=\"Als Kaltgetr\u00e4nk zu empfehlen\" src=\"https:\/\/www.florapharm.de\/fileadmin\/template\/normal\/media\/images\/infoicons\/florapharm_icon_04.png\" alt=\"Als Kaltgetr\u00e4nk zu empfehlen\" \/><\/p>\n<\/div>\n<\/div>\n<p><strong>\u00a0<\/strong><\/p>\n<p>&nbsp;<\/p>\n<p>&nbsp;<\/p>\n<\/div>\n<p>&nbsp;<\/p>\n<p>&nbsp;<\/p>\n<p>&nbsp;<\/p>\n<\/div>\n<p>&nbsp;<\/p>\n<p>&nbsp;<\/p>\n","protected":false},"featured_media":406,"comment_status":"closed","ping_status":"closed","template":"","meta":{"jetpack_post_was_ever_published":false,"jetpack_publicize_message":"","jetpack_publicize_feature_enabled":true,"jetpack_social_post_already_shared":true,"jetpack_social_options":{"image_generator_settings":{"template":"highway","default_image_id":0,"enabled":false},"version":2}},"product_brand":[],"product_cat":[31,43,44],"product_tag":[],"class_list":{"0":"post-402","1":"product","2":"type-product","3":"status-publish","4":"has-post-thumbnail","6":"product_cat-tee","7":"product_cat-fruechtetee","8":"product_cat-fruechtetee-mild","10":"first","11":"instock","12":"taxable","13":"shipping-taxable","14":"purchasable","15":"product-type-variable"},"jetpack_publicize_connections":[],"jetpack_sharing_enabled":true,"jetpack-related-posts":[],"_links":{"self":[{"href":"https:\/\/www.taessje.com\/index.php\/wp-json\/wp\/v2\/product\/402","targetHints":{"allow":["GET"]}}],"collection":[{"href":"https:\/\/www.taessje.com\/index.php\/wp-json\/wp\/v2\/product"}],"about":[{"href":"https:\/\/www.taessje.com\/index.php\/wp-json\/wp\/v2\/types\/product"}],"replies":[{"embeddable":true,"href":"https:\/\/www.taessje.com\/index.php\/wp-json\/wp\/v2\/comments?post=402"}],"wp:featuredmedia":[{"embeddable":true,"href":"https:\/\/www.taessje.com\/index.php\/wp-json\/wp\/v2\/media\/406"}],"wp:attachment":[{"href":"https:\/\/www.taessje.com\/index.php\/wp-json\/wp\/v2\/media?parent=402"}],"wp:term":[{"taxonomy":"product_brand","embeddable":true,"href":"https:\/\/www.taessje.com\/index.php\/wp-json\/wp\/v2\/product_brand?post=402"},{"taxonomy":"product_cat","embeddable":true,"href":"https:\/\/www.taessje.com\/index.php\/wp-json\/wp\/v2\/product_cat?post=402"},{"taxonomy":"product_tag","embeddable":true,"href":"https:\/\/www.taessje.com\/index.php\/wp-json\/wp\/v2\/product_tag?post=402"}],"curies":[{"name":"wp","href":"https:\/\/api.w.org\/{rel}","templated":true}]}}