{"id":4056,"date":"2021-04-09T15:57:50","date_gmt":"2021-04-09T14:57:50","guid":{"rendered":"https:\/\/www.taessje.com\/?post_type=product&#038;p=4056"},"modified":"2025-12-09T18:00:41","modified_gmt":"2025-12-09T17:00:41","slug":"tartufino-karamell-und-gesalzene-haselnuessen","status":"publish","type":"product","link":"https:\/\/www.taessje.com\/index.php\/produkt\/tartufino-karamell-und-gesalzene-haselnuessen\/","title":{"rendered":"Tartufo dolce nociole salate"},"content":{"rendered":"<h2>Tartufo dolce al caramello e nocciole salate\u00a0 &#8211; Mit salzigen Haseln\u00fcssen<\/h2>\n<ul>\n<li>wei\u00dfe Schokolade mit Karamell-St\u00fcckchen und salzigen Haseln\u00fcssen<\/li>\n<li>mit feinsten Haseln\u00fcssen aus dem Piemont IGP<\/li>\n<li>weich im Schmelz mit dem Crunch der Haseln\u00fcsse<\/li>\n<li><strong>glutenfrei<\/strong><\/li>\n<\/ul>\n<h3>Tartufo mit Karamell und gesalzenen Haseln\u00fcssen<\/h3>\n<p>Die neueste Tartufo-Kreation der Antica Torroneria Piemontese vereint feinste wei\u00dfe Schokolade mit den edlen gesalzenen Haseln\u00fcssen aus dem Piemont. Erg\u00e4nzt wird diese Tartufo-Kreation feinen Karamell-St\u00fcckchen.<\/p>\n<h3>La Tonda Gentile delle Langhe-Haseln\u00fcsse<\/h3>\n<p>Bei der Antica Torroneria werden ausschlie\u00dflich hochwertige piemonteser Haseln\u00fcsse der leicht s\u00fcsslichen Sorte &#8222;La Tonda Gentile delle Langhe&#8220; verwendet. Das macht geschmacklich deutlich bemerkbar: Die m\u00fcrbe Konsistenz der Tartufi verwandelt sich im Mund zu einem zarten Schmelz. Die knusprigen Haseln\u00fcsse erzeugen dabei den herrlichen &#8222;Crunch&#8220; dieser typischen Schokoladentr\u00fcffel-Spezialit\u00e4t<\/p>\n<h3>Karamell<\/h3>\n<p>Um das Karamell f\u00fcr den Tartufo dolce al caramello e nocciole salate zu produzieren, wird Zucker durch starkes, trockenes Erhitzen geschmolzen.Er sich dabei goldgelb bis tiefbraun und entwickelt das typische R\u00f6staroma. Bei der Antica Torroneria wird der R\u00f6stgrad des Karamells so gew\u00e4hlt, dass er sch\u00f6n s\u00fc\u00df schmeckt.<\/p>\n","protected":false},"excerpt":{"rendered":"<p>Tartufo dolce al caramello e nocciole salate\u00a0 &#8211; Mit salzigen Haseln\u00fcssen wei\u00dfe Schokolade mit Karamell-St\u00fcckchen und salzigen Haseln\u00fcssen mit feinsten Haseln\u00fcssen aus dem Piemont IGP weich im Schmelz mit dem Crunch der Haseln\u00fcsse glutenfrei Tartufo mit Karamell und gesalzenen Haseln\u00fcssen Die neueste Tartufo-Kreation der Antica Torroneria Piemontese vereint feinste wei\u00dfe Schokolade mit den edlen gesalzenen &hellip; <\/p>\n<p class=\"link-more\"><a href=\"https:\/\/www.taessje.com\/index.php\/produkt\/tartufino-karamell-und-gesalzene-haselnuessen\/\" class=\"more-link\"><span class=\"screen-reader-text\">\u201eTartufo dolce nociole salate\u201c<\/span> weiterlesen<\/a><\/p>\n","protected":false},"featured_media":4057,"comment_status":"closed","ping_status":"closed","template":"","meta":{"jetpack_post_was_ever_published":false,"jetpack_publicize_message":"","jetpack_publicize_feature_enabled":true,"jetpack_social_post_already_shared":true,"jetpack_social_options":{"image_generator_settings":{"template":"highway","default_image_id":0,"enabled":false},"version":2}},"product_brand":[],"product_cat":[104,167],"product_tag":[],"class_list":{"0":"post-4056","1":"product","2":"type-product","3":"status-publish","4":"has-post-thumbnail","6":"product_cat-leckereien","7":"product_cat-schokoladentrueffel-tartufino","9":"first","10":"instock","11":"purchasable","12":"product-type-simple"},"jetpack_publicize_connections":[],"jetpack_sharing_enabled":true,"jetpack-related-posts":[],"_links":{"self":[{"href":"https:\/\/www.taessje.com\/index.php\/wp-json\/wp\/v2\/product\/4056","targetHints":{"allow":["GET"]}}],"collection":[{"href":"https:\/\/www.taessje.com\/index.php\/wp-json\/wp\/v2\/product"}],"about":[{"href":"https:\/\/www.taessje.com\/index.php\/wp-json\/wp\/v2\/types\/product"}],"replies":[{"embeddable":true,"href":"https:\/\/www.taessje.com\/index.php\/wp-json\/wp\/v2\/comments?post=4056"}],"wp:featuredmedia":[{"embeddable":true,"href":"https:\/\/www.taessje.com\/index.php\/wp-json\/wp\/v2\/media\/4057"}],"wp:attachment":[{"href":"https:\/\/www.taessje.com\/index.php\/wp-json\/wp\/v2\/media?parent=4056"}],"wp:term":[{"taxonomy":"product_brand","embeddable":true,"href":"https:\/\/www.taessje.com\/index.php\/wp-json\/wp\/v2\/product_brand?post=4056"},{"taxonomy":"product_cat","embeddable":true,"href":"https:\/\/www.taessje.com\/index.php\/wp-json\/wp\/v2\/product_cat?post=4056"},{"taxonomy":"product_tag","embeddable":true,"href":"https:\/\/www.taessje.com\/index.php\/wp-json\/wp\/v2\/product_tag?post=4056"}],"curies":[{"name":"wp","href":"https:\/\/api.w.org\/{rel}","templated":true}]}}