{"id":4141,"date":"2021-06-18T12:06:14","date_gmt":"2021-06-18T11:06:14","guid":{"rendered":"https:\/\/www.taessje.com\/?post_type=product&#038;p=4141"},"modified":"2025-12-09T17:50:56","modified_gmt":"2025-12-09T16:50:56","slug":"fruehlingsblueten","status":"publish","type":"product","link":"https:\/\/www.taessje.com\/index.php\/produkt\/fruehlingsblueten\/","title":{"rendered":"Fr\u00fchlingsbl\u00fcten"},"content":{"rendered":"<div id=\"productAmountOfTea\">\n<ul class=\"productInformationBTA\">\n<li class=\"productInformation\">\n<div id=\"productAmountOfTea\">\n<ul class=\"productInformationBTA\">\n<li class=\"productInformation\">\n<div id=\"productAmountOfTea\">\n<ul class=\"productInformationBTA\">\n<li>\u00a0mit Erdbeer-Aprikose-Geschmack<\/li>\n<li class=\"productInformation\">\n<div id=\"productAmountOfTea\">\n<ul class=\"productInformationBTA\">\n<li class=\"productInformation\">\n<div id=\"productBrewingTime\">Ziehzeit\u00a0 2 min<\/div>\n<\/li>\n<li class=\"productInformation\">\n<div id=\"productBathingTemperature\">Aufgusstemperatur 90 \u00b0 C<\/div>\n<\/li>\n<li class=\"productInformation\">\n<div>Teemenge 1 TL<\/div>\n<\/li>\n<\/ul>\n<\/div>\n<div id=\"productAmountOfTea\">\n<p>Ein Tee der nicht nur nach Fr\u00fchling duftet, sondern auch so schmeckt. Frischer, angenehm grasiger Gr\u00fcntee verfeinert mit dem s\u00fc\u00dfen Geschmack nach Aprikose und Erdbeeren sorgen f\u00fcr Fr\u00fchlingsgef\u00fchle, egal zu welcher Jahreszeit.<\/p>\n<\/div>\n<\/li>\n<\/ul>\n<\/div>\n<\/li>\n<\/ul>\n<\/div>\n<\/li>\n<\/ul>\n<\/div>\n","protected":false},"excerpt":{"rendered":"<div class=\"productIcons\">\n<div class=\"productIcons\">\n<p><strong>Gr\u00fcntee mit Kr\u00e4utern und Fruchtst\u00fccken, aromatisiert<\/strong><\/p>\n<p><strong>\u00a0<\/strong><\/p>\n<p><strong>\u00a0<\/strong><\/p>\n<div class=\"productIcons\">\n<p>&nbsp;<\/p>\n<\/div>\n<p><strong>\u00a0<\/strong><\/p>\n<h4 class=\"packagingUnit\"><\/h4>\n<div class=\"productIcons\">\n<div class=\"productIcons\">\n<p>&nbsp;<\/p>\n<\/div>\n<\/div>\n<p><strong>\u00a0<\/strong><\/p>\n<p>&nbsp;<\/p>\n<p>&nbsp;<\/p>\n<\/div>\n<p>&nbsp;<\/p>\n<p>&nbsp;<\/p>\n<p>&nbsp;<\/p>\n<\/div>\n<p>&nbsp;<\/p>\n<p>&nbsp;<\/p>\n","protected":false},"featured_media":4145,"comment_status":"closed","ping_status":"closed","template":"","meta":{"jetpack_post_was_ever_published":false,"jetpack_publicize_message":"","jetpack_publicize_feature_enabled":true,"jetpack_social_post_already_shared":true,"jetpack_social_options":{"image_generator_settings":{"template":"highway","default_image_id":0,"enabled":false},"version":2}},"product_brand":[],"product_cat":[31,55,58],"product_tag":[],"class_list":{"0":"post-4141","1":"product","2":"type-product","3":"status-publish","4":"has-post-thumbnail","6":"product_cat-tee","7":"product_cat-gruentee","8":"product_cat-gruentee-aromatisiert","10":"first","11":"instock","12":"purchasable","13":"product-type-variable"},"jetpack_publicize_connections":[],"jetpack_sharing_enabled":true,"jetpack-related-posts":[],"_links":{"self":[{"href":"https:\/\/www.taessje.com\/index.php\/wp-json\/wp\/v2\/product\/4141","targetHints":{"allow":["GET"]}}],"collection":[{"href":"https:\/\/www.taessje.com\/index.php\/wp-json\/wp\/v2\/product"}],"about":[{"href":"https:\/\/www.taessje.com\/index.php\/wp-json\/wp\/v2\/types\/product"}],"replies":[{"embeddable":true,"href":"https:\/\/www.taessje.com\/index.php\/wp-json\/wp\/v2\/comments?post=4141"}],"wp:featuredmedia":[{"embeddable":true,"href":"https:\/\/www.taessje.com\/index.php\/wp-json\/wp\/v2\/media\/4145"}],"wp:attachment":[{"href":"https:\/\/www.taessje.com\/index.php\/wp-json\/wp\/v2\/media?parent=4141"}],"wp:term":[{"taxonomy":"product_brand","embeddable":true,"href":"https:\/\/www.taessje.com\/index.php\/wp-json\/wp\/v2\/product_brand?post=4141"},{"taxonomy":"product_cat","embeddable":true,"href":"https:\/\/www.taessje.com\/index.php\/wp-json\/wp\/v2\/product_cat?post=4141"},{"taxonomy":"product_tag","embeddable":true,"href":"https:\/\/www.taessje.com\/index.php\/wp-json\/wp\/v2\/product_tag?post=4141"}],"curies":[{"name":"wp","href":"https:\/\/api.w.org\/{rel}","templated":true}]}}