{"id":446,"date":"2019-12-30T11:51:17","date_gmt":"2019-12-30T10:51:17","guid":{"rendered":"https:\/\/www.taessje.com\/?post_type=product&#038;p=446"},"modified":"2020-11-04T15:17:55","modified_gmt":"2020-11-04T14:17:55","slug":"tropenhimmel-kopie","status":"publish","type":"product","link":"https:\/\/www.taessje.com\/index.php\/produkt\/tropenhimmel-kopie\/","title":{"rendered":"Waldkobold BIO"},"content":{"rendered":"<div id=\"productAmountOfTea\">\n<ul class=\"productInformationBTA\">\n<li class=\"productInformation\">\n<div id=\"productAmountOfTea\">\n<ul class=\"productInformationBTA\">\n<li class=\"productInformation\">\n<div id=\"productAmountOfTea\">\n<ul class=\"productInformationBTA\">\n<li>mit Holunder-Himbeer-Geschmack<\/li>\n<li class=\"productInformation\">\n<div id=\"productAmountOfTea\">\n<ul class=\"productInformationBTA\">\n<li class=\"productInformation\">\n<div id=\"productBrewingTime\">Ziehzeit 8-10 Min<\/div>\n<\/li>\n<li class=\"productInformation\">\n<div id=\"productBathingTemperature\">Aufgusstemperatur 100 \u00b0 C<\/div>\n<\/li>\n<li class=\"productInformation\">\n<div>\n<p>Teemenge 1-2 TL<\/p>\n<p>Wir haben uns f\u00fcr Sie in den M\u00e4rchenwald gewagt. Vorbei an Hexen, Feen und Zwergen sind wir auf einen Waldkobold gesto\u00dfen, der es uns einfach angetan hat. Lassen auch Sie sich verzaubern.<\/p>\n<p>&nbsp;<\/p>\n<p><img decoding=\"async\" title=\"Auch als Pyramidenbeutel erh\u00e4ltlich\" src=\"https:\/\/www.florapharm.de\/fileadmin\/template\/normal\/media\/images\/infoicons\/florapharm_icon_07.png\" alt=\"Auch als Pyramidenbeutel erh\u00e4ltlich\" \/> Auch als Pyramidenbeutel erh\u00e4ltlich<\/p>\n<p><img decoding=\"async\" title=\"Unsere als \u201eBio\u201c gekennzeichneten Produkte stehen unter der Kontrolle von DE-\u00d6KO-005 ECOCERT IMO GmbH\" src=\"https:\/\/www.florapharm.de\/fileadmin\/template\/normal\/media\/images\/infoicons\/florapharm_icon_01.png\" alt=\"Unsere als \u201eBio\u201c gekennzeichneten Produkte stehen unter der Kontrolle von DE-\u00d6KO-005 ECOCERT IMO GmbH\" \/><\/p>\n<\/div>\n<\/li>\n<\/ul>\n<\/div>\n<\/li>\n<\/ul>\n<\/div>\n<\/li>\n<\/ul>\n<\/div>\n<\/li>\n<\/ul>\n<\/div>\n","protected":false},"excerpt":{"rendered":"<div class=\"productIcons\">\n<div class=\"productIcons\">\n<p><strong>Fr\u00fcchtetee, aromatisiert<\/strong><\/p>\n<div class=\"productIcons\">\n<div class=\"productIcons\">\n<div class=\"productIcons\">\n<p><img decoding=\"async\" title=\"Unsere als \u201eBio\u201c gekennzeichneten Produkte stehen unter der Kontrolle von DE-\u00d6KO-005 ECOCERT IMO GmbH\" src=\"https:\/\/www.florapharm.de\/fileadmin\/template\/normal\/media\/images\/infoicons\/florapharm_icon_01.png\" alt=\"Unsere als \u201eBio\u201c gekennzeichneten Produkte stehen unter der Kontrolle von DE-\u00d6KO-005 ECOCERT IMO GmbH\" \/><\/p>\n<\/div>\n<\/div>\n<\/div>\n<p><strong>\u00a0<\/strong><\/p>\n<p>&nbsp;<\/p>\n<p>&nbsp;<\/p>\n<\/div>\n<p>&nbsp;<\/p>\n<p>&nbsp;<\/p>\n<p>&nbsp;<\/p>\n<\/div>\n<p>&nbsp;<\/p>\n<p>&nbsp;<\/p>\n","protected":false},"featured_media":450,"comment_status":"closed","ping_status":"closed","template":"","meta":{"jetpack_post_was_ever_published":false,"jetpack_publicize_message":"","jetpack_publicize_feature_enabled":true,"jetpack_social_post_already_shared":true,"jetpack_social_options":{"image_generator_settings":{"template":"highway","default_image_id":0,"enabled":false},"version":2}},"product_brand":[],"product_cat":[49,31,43],"product_tag":[],"class_list":{"0":"post-446","1":"product","2":"type-product","3":"status-publish","4":"has-post-thumbnail","6":"product_cat-bio","7":"product_cat-tee","8":"product_cat-fruechtetee","10":"first","11":"instock","12":"taxable","13":"shipping-taxable","14":"purchasable","15":"product-type-variable"},"jetpack_publicize_connections":[],"jetpack_sharing_enabled":true,"jetpack-related-posts":[],"_links":{"self":[{"href":"https:\/\/www.taessje.com\/index.php\/wp-json\/wp\/v2\/product\/446","targetHints":{"allow":["GET"]}}],"collection":[{"href":"https:\/\/www.taessje.com\/index.php\/wp-json\/wp\/v2\/product"}],"about":[{"href":"https:\/\/www.taessje.com\/index.php\/wp-json\/wp\/v2\/types\/product"}],"replies":[{"embeddable":true,"href":"https:\/\/www.taessje.com\/index.php\/wp-json\/wp\/v2\/comments?post=446"}],"wp:featuredmedia":[{"embeddable":true,"href":"https:\/\/www.taessje.com\/index.php\/wp-json\/wp\/v2\/media\/450"}],"wp:attachment":[{"href":"https:\/\/www.taessje.com\/index.php\/wp-json\/wp\/v2\/media?parent=446"}],"wp:term":[{"taxonomy":"product_brand","embeddable":true,"href":"https:\/\/www.taessje.com\/index.php\/wp-json\/wp\/v2\/product_brand?post=446"},{"taxonomy":"product_cat","embeddable":true,"href":"https:\/\/www.taessje.com\/index.php\/wp-json\/wp\/v2\/product_cat?post=446"},{"taxonomy":"product_tag","embeddable":true,"href":"https:\/\/www.taessje.com\/index.php\/wp-json\/wp\/v2\/product_tag?post=446"}],"curies":[{"name":"wp","href":"https:\/\/api.w.org\/{rel}","templated":true}]}}