{"id":4464,"date":"2023-06-18T13:28:23","date_gmt":"2023-06-18T12:28:23","guid":{"rendered":"https:\/\/www.taessje.com\/?post_type=product&#038;p=4464"},"modified":"2025-12-09T18:00:40","modified_gmt":"2025-12-09T17:00:40","slug":"tartufo-latte-e-nocciole","status":"publish","type":"product","link":"https:\/\/www.taessje.com\/index.php\/produkt\/tartufo-latte-e-nocciole\/","title":{"rendered":"Tartufo latte e nocciole"},"content":{"rendered":"<h2>Tartufo aus Milchschokolade mit karamellisierten Nuss-Splittern<\/h2>\n<ul>\n<li>aus edler Milschokolade<\/li>\n<li>mit feinsten Haseln\u00fcssen aus dem Piemont IGP<\/li>\n<li>weich im Schmelz mit dem Crunch der karamellisierten Haseln\u00fcsse<\/li>\n<li><strong>glutenfrei<\/strong><\/li>\n<\/ul>\n<h3>Tartufo latte e nocciole caramellate der Antica Torroneria<\/h3>\n<p>Der Tartufo\u00a0latte e nocciole caramellate vereint feinste Milch-Schokolade mit den edlen Haseln\u00fcssen aus dem Piemont. Als besonderen Leckerbissen beweisen sich die karamellisierten Haselnuss-Splitter. Die m\u00fcrbe Tartufomasse und die knackigen N\u00fcsse ergeben einen wunderbaren Charakter dieser Tartufo-Variation.<\/p>\n<h3>Piemonteser Haseln\u00fcsse f\u00fcr feinste Tartufo-Kreationen<\/h3>\n<p>Bei der Antica Torroneria werden ausschlie\u00dflich hochwertige piemonteser Haseln\u00fcsse der leicht s\u00fcsslichen Sorte &#8222;La Tonda Gentile delle Langhe&#8220; verwendet. Das macht geschmacklich deutlich bemerkbar: Die m\u00fcrbe Konsistenz der Tartufi verwandelt sich im Mund zu einem zarten Schmelz. Die knusprigen Haseln\u00fcsse erzeugen dabei den herrlichen &#8222;Crunch&#8220; dieser typischen Schokoladentr\u00fcffel-Spezialit\u00e4t<\/p>\n","protected":false},"excerpt":{"rendered":"<p>Tartufo aus Milchschokolade mit karamellisierten Nuss-Splittern aus edler Milschokolade mit feinsten Haseln\u00fcssen aus dem Piemont IGP weich im Schmelz mit dem Crunch der karamellisierten Haseln\u00fcsse glutenfrei Tartufo latte e nocciole caramellate der Antica Torroneria Der Tartufo\u00a0latte e nocciole caramellate vereint feinste Milch-Schokolade mit den edlen Haseln\u00fcssen aus dem Piemont. Als besonderen Leckerbissen beweisen sich die &hellip; <\/p>\n<p class=\"link-more\"><a href=\"https:\/\/www.taessje.com\/index.php\/produkt\/tartufo-latte-e-nocciole\/\" class=\"more-link\"><span class=\"screen-reader-text\">\u201eTartufo latte e nocciole\u201c<\/span> weiterlesen<\/a><\/p>\n","protected":false},"featured_media":4465,"comment_status":"closed","ping_status":"closed","template":"","meta":{"jetpack_post_was_ever_published":false,"jetpack_publicize_message":"","jetpack_publicize_feature_enabled":true,"jetpack_social_post_already_shared":true,"jetpack_social_options":{"image_generator_settings":{"template":"highway","default_image_id":0,"enabled":false},"version":2}},"product_brand":[],"product_cat":[104,167],"product_tag":[],"class_list":{"0":"post-4464","1":"product","2":"type-product","3":"status-publish","4":"has-post-thumbnail","6":"product_cat-leckereien","7":"product_cat-schokoladentrueffel-tartufino","9":"first","10":"instock","11":"purchasable","12":"product-type-simple"},"jetpack_publicize_connections":[],"jetpack_sharing_enabled":true,"jetpack-related-posts":[],"_links":{"self":[{"href":"https:\/\/www.taessje.com\/index.php\/wp-json\/wp\/v2\/product\/4464","targetHints":{"allow":["GET"]}}],"collection":[{"href":"https:\/\/www.taessje.com\/index.php\/wp-json\/wp\/v2\/product"}],"about":[{"href":"https:\/\/www.taessje.com\/index.php\/wp-json\/wp\/v2\/types\/product"}],"replies":[{"embeddable":true,"href":"https:\/\/www.taessje.com\/index.php\/wp-json\/wp\/v2\/comments?post=4464"}],"wp:featuredmedia":[{"embeddable":true,"href":"https:\/\/www.taessje.com\/index.php\/wp-json\/wp\/v2\/media\/4465"}],"wp:attachment":[{"href":"https:\/\/www.taessje.com\/index.php\/wp-json\/wp\/v2\/media?parent=4464"}],"wp:term":[{"taxonomy":"product_brand","embeddable":true,"href":"https:\/\/www.taessje.com\/index.php\/wp-json\/wp\/v2\/product_brand?post=4464"},{"taxonomy":"product_cat","embeddable":true,"href":"https:\/\/www.taessje.com\/index.php\/wp-json\/wp\/v2\/product_cat?post=4464"},{"taxonomy":"product_tag","embeddable":true,"href":"https:\/\/www.taessje.com\/index.php\/wp-json\/wp\/v2\/product_tag?post=4464"}],"curies":[{"name":"wp","href":"https:\/\/api.w.org\/{rel}","templated":true}]}}