{"id":4466,"date":"2023-06-18T13:30:06","date_gmt":"2023-06-18T12:30:06","guid":{"rendered":"https:\/\/www.taessje.com\/?post_type=product&#038;p=4466"},"modified":"2025-12-09T18:00:40","modified_gmt":"2025-12-09T17:00:40","slug":"tartufo-dolce-oro","status":"publish","type":"product","link":"https:\/\/www.taessje.com\/index.php\/produkt\/tartufo-dolce-oro\/","title":{"rendered":"Tartufo dolce oro"},"content":{"rendered":"<h2>Tartufo dolce Oro: Der klassische s\u00fc\u00dfe Tr\u00fcffel goldfarben verpackt<\/h2>\n<ul>\n<li>mit feinsten Haseln\u00fcssen aus dem Piemont IGP<\/li>\n<li>weich im Schmelz mit dem Crunch der Haseln\u00fcsse<\/li>\n<li>min. 52 % Kakaoanteil in der Schokolade<\/li>\n<li><strong>glutenfrei<\/strong><\/li>\n<\/ul>\n<h3>Der s\u00fc\u00dfe Tr\u00fcffel, mit dem alles begann<\/h3>\n<p>Der Tartufo dolce nero vereint feinste Bitter-Schokolade mit den edlen Haseln\u00fcssen aus dem Piemont. In der goldfarbenen Verpackung wird der Dolce Nero zum Dolce Oro.<\/p>\n<p>Bei der Antica Torroneria werden ausschlie\u00dflich hochwertige piemonteser Haseln\u00fcsse der leicht s\u00fcsslichen Sorte &#8222;La Tonda Gentile delle Langhe&#8220; verwendet. Das macht geschmacklich deutlich bemerkbar: Die m\u00fcrbe Konsistenz der Tartufi verwandelt sich im Mund zu einem zarten Schmelz. Die knusprigen Haseln\u00fcsse erzeugen dabei den herrlichen &#8222;Crunch&#8220; dieser typischen Schokoladentr\u00fcffel-Spezialit\u00e4t<\/p>\n","protected":false},"excerpt":{"rendered":"<p>Tartufo dolce Oro: Der klassische s\u00fc\u00dfe Tr\u00fcffel goldfarben verpackt mit feinsten Haseln\u00fcssen aus dem Piemont IGP weich im Schmelz mit dem Crunch der Haseln\u00fcsse min. 52 % Kakaoanteil in der Schokolade glutenfrei Der s\u00fc\u00dfe Tr\u00fcffel, mit dem alles begann Der Tartufo dolce nero vereint feinste Bitter-Schokolade mit den edlen Haseln\u00fcssen aus dem Piemont. In der &hellip; <\/p>\n<p class=\"link-more\"><a href=\"https:\/\/www.taessje.com\/index.php\/produkt\/tartufo-dolce-oro\/\" class=\"more-link\"><span class=\"screen-reader-text\">\u201eTartufo dolce oro\u201c<\/span> weiterlesen<\/a><\/p>\n","protected":false},"featured_media":4467,"comment_status":"closed","ping_status":"closed","template":"","meta":{"jetpack_post_was_ever_published":false,"jetpack_publicize_message":"","jetpack_publicize_feature_enabled":true,"jetpack_social_post_already_shared":true,"jetpack_social_options":{"image_generator_settings":{"template":"highway","default_image_id":0,"enabled":false},"version":2}},"product_brand":[],"product_cat":[104,167],"product_tag":[],"class_list":{"0":"post-4466","1":"product","2":"type-product","3":"status-publish","4":"has-post-thumbnail","6":"product_cat-leckereien","7":"product_cat-schokoladentrueffel-tartufino","9":"first","10":"instock","11":"purchasable","12":"product-type-simple"},"jetpack_publicize_connections":[],"jetpack_sharing_enabled":true,"jetpack-related-posts":[],"_links":{"self":[{"href":"https:\/\/www.taessje.com\/index.php\/wp-json\/wp\/v2\/product\/4466","targetHints":{"allow":["GET"]}}],"collection":[{"href":"https:\/\/www.taessje.com\/index.php\/wp-json\/wp\/v2\/product"}],"about":[{"href":"https:\/\/www.taessje.com\/index.php\/wp-json\/wp\/v2\/types\/product"}],"replies":[{"embeddable":true,"href":"https:\/\/www.taessje.com\/index.php\/wp-json\/wp\/v2\/comments?post=4466"}],"wp:featuredmedia":[{"embeddable":true,"href":"https:\/\/www.taessje.com\/index.php\/wp-json\/wp\/v2\/media\/4467"}],"wp:attachment":[{"href":"https:\/\/www.taessje.com\/index.php\/wp-json\/wp\/v2\/media?parent=4466"}],"wp:term":[{"taxonomy":"product_brand","embeddable":true,"href":"https:\/\/www.taessje.com\/index.php\/wp-json\/wp\/v2\/product_brand?post=4466"},{"taxonomy":"product_cat","embeddable":true,"href":"https:\/\/www.taessje.com\/index.php\/wp-json\/wp\/v2\/product_cat?post=4466"},{"taxonomy":"product_tag","embeddable":true,"href":"https:\/\/www.taessje.com\/index.php\/wp-json\/wp\/v2\/product_tag?post=4466"}],"curies":[{"name":"wp","href":"https:\/\/api.w.org\/{rel}","templated":true}]}}