{"id":4474,"date":"2023-06-18T13:42:09","date_gmt":"2023-06-18T12:42:09","guid":{"rendered":"https:\/\/www.taessje.com\/?post_type=product&#038;p=4474"},"modified":"2025-12-09T18:00:39","modified_gmt":"2025-12-09T17:00:39","slug":"tartufo-dolce-al-cocco","status":"publish","type":"product","link":"https:\/\/www.taessje.com\/index.php\/produkt\/tartufo-dolce-al-cocco\/","title":{"rendered":"Tartufo dolce al cocco"},"content":{"rendered":"<h2>Tartufo dolce al cocco\u00a0 &#8211; mit zarten Kokos-St\u00fcckchen<\/h2>\n<ul>\n<li>wei\u00dfe Schokolade mit getrockneten Kokosflocken<\/li>\n<li>mit feinsten Haseln\u00fcssen aus dem Piemont IGP<\/li>\n<li>weich im Schmelz mit dem Crunch der Haseln\u00fcsse<\/li>\n<li><strong>glutenfrei<\/strong><\/li>\n<\/ul>\n<h3>Tartufo aus wei\u00dfer Schokolade mit Kokosraspeln<\/h3>\n<p>Diese Tartufo-Kreation der Antica Torroneria Piemontese vereint feinste wei\u00dfe Schokolade mit edlen Raspeln von Kokosfleisch. Erg\u00e4nzt wird der Tartufo mit knackigen St\u00fcckchen piemonteser Haseln\u00fcsse.<\/p>\n<h3>La Tonda Gentile delle Langhe-Haseln\u00fcsse<\/h3>\n<p>Bei der Antica Torroneria werden ausschlie\u00dflich hochwertige piemonteser Haseln\u00fcsse der leicht s\u00fcsslichen Sorte &#8222;La Tonda Gentile delle Langhe&#8220; verwendet. Das macht geschmacklich deutlich bemerkbar: Die m\u00fcrbe Konsistenz der Tartufi verwandelt sich im Mund zu einem zarten Schmelz. Die knusprigen Haseln\u00fcsse erzeugen dabei den herrlichen &#8222;Crunch&#8220; dieser typischen Schokoladentr\u00fcffel-Spezialit\u00e4t<\/p>\n","protected":false},"excerpt":{"rendered":"<p>Tartufo dolce al cocco\u00a0 &#8211; mit zarten Kokos-St\u00fcckchen wei\u00dfe Schokolade mit getrockneten Kokosflocken mit feinsten Haseln\u00fcssen aus dem Piemont IGP weich im Schmelz mit dem Crunch der Haseln\u00fcsse glutenfrei Tartufo aus wei\u00dfer Schokolade mit Kokosraspeln Diese Tartufo-Kreation der Antica Torroneria Piemontese vereint feinste wei\u00dfe Schokolade mit edlen Raspeln von Kokosfleisch. Erg\u00e4nzt wird der Tartufo mit &hellip; <\/p>\n<p class=\"link-more\"><a href=\"https:\/\/www.taessje.com\/index.php\/produkt\/tartufo-dolce-al-cocco\/\" class=\"more-link\"><span class=\"screen-reader-text\">\u201eTartufo dolce al cocco\u201c<\/span> weiterlesen<\/a><\/p>\n","protected":false},"featured_media":4475,"comment_status":"closed","ping_status":"closed","template":"","meta":{"jetpack_post_was_ever_published":false,"jetpack_publicize_message":"","jetpack_publicize_feature_enabled":true,"jetpack_social_post_already_shared":true,"jetpack_social_options":{"image_generator_settings":{"template":"highway","default_image_id":0,"enabled":false},"version":2}},"product_brand":[],"product_cat":[104,167],"product_tag":[],"class_list":{"0":"post-4474","1":"product","2":"type-product","3":"status-publish","4":"has-post-thumbnail","6":"product_cat-leckereien","7":"product_cat-schokoladentrueffel-tartufino","9":"first","10":"instock","11":"purchasable","12":"product-type-simple"},"jetpack_publicize_connections":[],"jetpack_sharing_enabled":true,"jetpack-related-posts":[],"_links":{"self":[{"href":"https:\/\/www.taessje.com\/index.php\/wp-json\/wp\/v2\/product\/4474","targetHints":{"allow":["GET"]}}],"collection":[{"href":"https:\/\/www.taessje.com\/index.php\/wp-json\/wp\/v2\/product"}],"about":[{"href":"https:\/\/www.taessje.com\/index.php\/wp-json\/wp\/v2\/types\/product"}],"replies":[{"embeddable":true,"href":"https:\/\/www.taessje.com\/index.php\/wp-json\/wp\/v2\/comments?post=4474"}],"wp:featuredmedia":[{"embeddable":true,"href":"https:\/\/www.taessje.com\/index.php\/wp-json\/wp\/v2\/media\/4475"}],"wp:attachment":[{"href":"https:\/\/www.taessje.com\/index.php\/wp-json\/wp\/v2\/media?parent=4474"}],"wp:term":[{"taxonomy":"product_brand","embeddable":true,"href":"https:\/\/www.taessje.com\/index.php\/wp-json\/wp\/v2\/product_brand?post=4474"},{"taxonomy":"product_cat","embeddable":true,"href":"https:\/\/www.taessje.com\/index.php\/wp-json\/wp\/v2\/product_cat?post=4474"},{"taxonomy":"product_tag","embeddable":true,"href":"https:\/\/www.taessje.com\/index.php\/wp-json\/wp\/v2\/product_tag?post=4474"}],"curies":[{"name":"wp","href":"https:\/\/api.w.org\/{rel}","templated":true}]}}